{"id":577,"date":"2025-07-12T01:02:51","date_gmt":"2025-07-11T22:02:51","guid":{"rendered":"https:\/\/kozaiskele.com\/?page_id=577"},"modified":"2025-07-23T02:36:24","modified_gmt":"2025-07-22T23:36:24","slug":"degerlerimiz","status":"publish","type":"page","link":"https:\/\/kozaiskele.com\/sq\/vlerat-tona\/","title":{"rendered":"Vlerat tona"},"content":{"rendered":"<div data-elementor-type=\"wp-page\" data-elementor-id=\"577\" class=\"elementor elementor-577\" data-elementor-post-type=\"page\">\n\t\t\t\t<div class=\"elementor-element elementor-element-539c830 e-con-full e-flex e-con e-parent\" data-id=\"539c830\" data-element_type=\"container\" data-settings=\"{&quot;background_background&quot;:&quot;slideshow&quot;,&quot;background_slideshow_gallery&quot;:[{&quot;id&quot;:271,&quot;url&quot;:&quot;https:\\\/\\\/kozaiskele.com\\\/img\\\/2025\\\/07\\\/hakkimizda-1.webp&quot;},{&quot;id&quot;:272,&quot;url&quot;:&quot;https:\\\/\\\/kozaiskele.com\\\/img\\\/2025\\\/07\\\/hakkimizda-2.webp&quot;},{&quot;id&quot;:273,&quot;url&quot;:&quot;https:\\\/\\\/kozaiskele.com\\\/img\\\/2025\\\/07\\\/hakkimizda-3.webp&quot;}],&quot;background_slideshow_loop&quot;:&quot;yes&quot;,&quot;background_slideshow_slide_duration&quot;:5000,&quot;background_slideshow_slide_transition&quot;:&quot;fade&quot;,&quot;background_slideshow_transition_duration&quot;:500}\">\n\t\t\t\t<div class=\"elementor-element elementor-element-bafc674 elementor-widget elementor-widget-heading\" data-id=\"bafc674\" data-element_type=\"widget\" data-widget_type=\"heading.default\">\n\t\t\t\t<div class=\"elementor-widget-container\">\n\t\t\t\t\t<p class=\"elementor-heading-title elementor-size-default\">Thelb\u00ebsia e kompanis\u00eb son\u00eb bazohet jo vet\u00ebm n\u00eb produkte t\u00eb cil\u00ebsis\u00eb s\u00eb lart\u00eb, por edhe n\u00eb vlerat q\u00eb ndjekim. T\u00eb gjitha vendimet, marr\u00ebdh\u00ebniet dhe proceset tona udh\u00ebhiqen nga k\u00ebto parime. Duke ecur drejt s\u00eb ardhmes me besim, besueshm\u00ebria, q\u00ebndrueshm\u00ebria, inovacioni dhe etika e pun\u00ebs mbeten udh\u00ebrr\u00ebfyesi yn\u00eb.<\/p>\t\t\t\t<\/div>\n\t\t\t\t<\/div>\n\t\t\t\t<div class=\"elementor-element elementor-element-e094428 elementor-view-default elementor-widget elementor-widget-icon\" data-id=\"e094428\" data-element_type=\"widget\" data-widget_type=\"icon.default\">\n\t\t\t\t<div class=\"elementor-widget-container\">\n\t\t\t\t\t\t\t<div class=\"elementor-icon-wrapper\">\n\t\t\t<a class=\"elementor-icon\" href=\"#arrows\">\n\t\t\t<i aria-hidden=\"true\" class=\"icon icon-arrow-down\"><\/i>\t\t\t<\/a>\n\t\t<\/div>\n\t\t\t\t\t\t<\/div>\n\t\t\t\t<\/div>\n\t\t\t\t<\/div>\n\t\t<div class=\"elementor-element elementor-element-e4e66f6 e-flex e-con-boxed e-con e-parent\" data-id=\"e4e66f6\" data-element_type=\"container\" id=\"arrows\">\n\t\t\t\t\t<div class=\"e-con-inner\">\n\t\t\t\t<div class=\"elementor-element elementor-element-3a2f786 elementor-widget elementor-widget-heading\" data-id=\"3a2f786\" data-element_type=\"widget\" data-widget_type=\"heading.default\">\n\t\t\t\t<div class=\"elementor-widget-container\">\n\t\t\t\t\t<h2 class=\"elementor-heading-title elementor-size-default\">Parimet Themeltare q\u00eb na B\u00ebjn\u00eb Ne<\/h2>\t\t\t\t<\/div>\n\t\t\t\t<\/div>\n\t\t<div class=\"elementor-element elementor-element-49ee123 e-con-full e-flex e-con e-child\" data-id=\"49ee123\" data-element_type=\"container\">\n\t\t<div class=\"elementor-element elementor-element-c8db0db e-con-full e-flex e-con e-child\" data-id=\"c8db0db\" data-element_type=\"container\">\n\t\t\t\t<div class=\"elementor-element elementor-element-d090d0e elementor-widget elementor-widget-heading\" data-id=\"d090d0e\" data-element_type=\"widget\" data-widget_type=\"heading.default\">\n\t\t\t\t<div class=\"elementor-widget-container\">\n\t\t\t\t\t<h2 class=\"elementor-heading-title elementor-size-default\">Besueshm\u00ebria<\/h2>\t\t\t\t<\/div>\n\t\t\t\t<\/div>\n\t\t\t\t<div class=\"elementor-element elementor-element-47fa261 elementor-widget elementor-widget-image\" data-id=\"47fa261\" data-element_type=\"widget\" data-widget_type=\"image.default\">\n\t\t\t\t<div class=\"elementor-widget-container\">\n\t\t\t\t\t\t\t\t\t\t\t\t\t\t\t<img fetchpriority=\"high\" decoding=\"async\" width=\"478\" height=\"292\" src=\"https:\/\/kozaiskele.com\/img\/2025\/07\/guvenilirlik.webp\" class=\"attachment-full size-full wp-image-1483\" alt=\"\" srcset=\"https:\/\/kozaiskele.com\/img\/2025\/07\/guvenilirlik.webp 478w, https:\/\/kozaiskele.com\/img\/2025\/07\/guvenilirlik-300x183.webp 300w\" sizes=\"(max-width: 478px) 100vw, 478px\" \/>\t\t\t\t\t\t\t\t\t\t\t\t\t\t\t<\/div>\n\t\t\t\t<\/div>\n\t\t\t\t<div class=\"elementor-element elementor-element-8b5ac23 elementor-widget elementor-widget-text-editor\" data-id=\"8b5ac23\" data-element_type=\"widget\" data-widget_type=\"text-editor.default\">\n\t\t\t\t<div class=\"elementor-widget-container\">\n\t\t\t\t\t\t\t\t\t<p>Ne mbajm\u00eb premtimet tona p\u00ebr t\u00eb krijuar partneritete afatgjata me klient\u00ebt tan\u00eb, dhe komunikojm\u00eb n\u00eb m\u00ebnyr\u00eb t\u00eb qart\u00eb dhe t\u00eb ndershme.<br \/>Produktet dhe sh\u00ebrbimet tona formohen mbi baz\u00ebn e cil\u00ebsis\u00eb dhe besueshm\u00ebris\u00eb.<\/p>\t\t\t\t\t\t\t\t<\/div>\n\t\t\t\t<\/div>\n\t\t\t\t<\/div>\n\t\t<div class=\"elementor-element elementor-element-25beae6 e-con-full e-flex e-con e-child\" data-id=\"25beae6\" data-element_type=\"container\">\n\t\t\t\t<div class=\"elementor-element elementor-element-1761811 elementor-widget elementor-widget-heading\" data-id=\"1761811\" data-element_type=\"widget\" data-widget_type=\"heading.default\">\n\t\t\t\t<div class=\"elementor-widget-container\">\n\t\t\t\t\t<h2 class=\"elementor-heading-title elementor-size-default\">Q\u00ebndrueshm\u00ebria<\/h2>\t\t\t\t<\/div>\n\t\t\t\t<\/div>\n\t\t\t\t<div class=\"elementor-element elementor-element-ce007bf elementor-widget elementor-widget-image\" data-id=\"ce007bf\" data-element_type=\"widget\" data-widget_type=\"image.default\">\n\t\t\t\t<div class=\"elementor-widget-container\">\n\t\t\t\t\t\t\t\t\t\t\t\t\t\t\t<img decoding=\"async\" width=\"478\" height=\"292\" src=\"https:\/\/kozaiskele.com\/img\/2025\/07\/surdurulebilirlik-cevresel-sorumluluk.webp\" class=\"attachment-full size-full wp-image-1404\" alt=\"\" srcset=\"https:\/\/kozaiskele.com\/img\/2025\/07\/surdurulebilirlik-cevresel-sorumluluk.webp 478w, https:\/\/kozaiskele.com\/img\/2025\/07\/surdurulebilirlik-cevresel-sorumluluk-300x183.webp 300w\" sizes=\"(max-width: 478px) 100vw, 478px\" \/>\t\t\t\t\t\t\t\t\t\t\t\t\t\t\t<\/div>\n\t\t\t\t<\/div>\n\t\t\t\t<div class=\"elementor-element elementor-element-51198d1 elementor-widget elementor-widget-text-editor\" data-id=\"51198d1\" data-element_type=\"widget\" data-widget_type=\"text-editor.default\">\n\t\t\t\t<div class=\"elementor-widget-container\">\n\t\t\t\t\t\t\t\t\t<p>Ne veprojm\u00eb me nd\u00ebrgjegje p\u00ebr p\u00ebrgjegj\u00ebsin\u00eb mjedisore n\u00eb t\u00eb gjith\u00eb proceset tona t\u00eb prodhimit dhe pun\u00ebs.<br \/>Ne p\u00ebrmbushim p\u00ebrgjegj\u00ebsin\u00eb ton\u00eb ndaj natyr\u00ebs p\u00ebrmes synimit p\u00ebr zero mbeturina dhe strategjive p\u00ebr reduktimin e emetimeve t\u00eb karbonit.<\/p>\t\t\t\t\t\t\t\t<\/div>\n\t\t\t\t<\/div>\n\t\t\t\t<\/div>\n\t\t<div class=\"elementor-element elementor-element-8d7a297 e-con-full e-flex e-con e-child\" data-id=\"8d7a297\" data-element_type=\"container\">\n\t\t\t\t<div class=\"elementor-element elementor-element-32dec89 elementor-widget elementor-widget-heading\" data-id=\"32dec89\" data-element_type=\"widget\" data-widget_type=\"heading.default\">\n\t\t\t\t<div class=\"elementor-widget-container\">\n\t\t\t\t\t<h2 class=\"elementor-heading-title elementor-size-default\">Inovacioni<\/h2>\t\t\t\t<\/div>\n\t\t\t\t<\/div>\n\t\t\t\t<div class=\"elementor-element elementor-element-42163ff elementor-widget elementor-widget-image\" data-id=\"42163ff\" data-element_type=\"widget\" data-widget_type=\"image.default\">\n\t\t\t\t<div class=\"elementor-widget-container\">\n\t\t\t\t\t\t\t\t\t\t\t\t\t\t\t<img decoding=\"async\" width=\"478\" height=\"292\" src=\"https:\/\/kozaiskele.com\/img\/2025\/07\/yenilikcilik.webp\" class=\"attachment-full size-full wp-image-1484\" alt=\"\" srcset=\"https:\/\/kozaiskele.com\/img\/2025\/07\/yenilikcilik.webp 478w, https:\/\/kozaiskele.com\/img\/2025\/07\/yenilikcilik-300x183.webp 300w\" sizes=\"(max-width: 478px) 100vw, 478px\" \/>\t\t\t\t\t\t\t\t\t\t\t\t\t\t\t<\/div>\n\t\t\t\t<\/div>\n\t\t\t\t<div class=\"elementor-element elementor-element-91eb69c elementor-widget elementor-widget-text-editor\" data-id=\"91eb69c\" data-element_type=\"widget\" data-widget_type=\"text-editor.default\">\n\t\t\t\t<div class=\"elementor-widget-container\">\n\t\t\t\t\t\t\t\t\t<p>Ne p\u00ebrshtatemi me teknologjit\u00eb q\u00eb zhvillohen vazhdimisht p\u00ebrmes investimeve n\u00eb K\u00ebrkim &amp; Zhvillim.<br \/>Ne ofrojm\u00eb sh\u00ebrbime q\u00eb b\u00ebjn\u00eb diferenc\u00ebn p\u00ebr klient\u00ebt tan\u00eb duke zhvilluar zgjidhje t\u00eb ve\u00e7anta p\u00ebr \u00e7do projekt.<\/p>\t\t\t\t\t\t\t\t<\/div>\n\t\t\t\t<\/div>\n\t\t\t\t<\/div>\n\t\t<div class=\"elementor-element elementor-element-3c53afa e-con-full e-flex e-con e-child\" data-id=\"3c53afa\" data-element_type=\"container\">\n\t\t\t\t<div class=\"elementor-element elementor-element-f4ac795 elementor-widget elementor-widget-heading\" data-id=\"f4ac795\" data-element_type=\"widget\" data-widget_type=\"heading.default\">\n\t\t\t\t<div class=\"elementor-widget-container\">\n\t\t\t\t\t<h2 class=\"elementor-heading-title elementor-size-default\">Etika e Pun\u00ebs<\/h2>\t\t\t\t<\/div>\n\t\t\t\t<\/div>\n\t\t\t\t<div class=\"elementor-element elementor-element-dc21322 elementor-widget elementor-widget-image\" data-id=\"dc21322\" data-element_type=\"widget\" data-widget_type=\"image.default\">\n\t\t\t\t<div class=\"elementor-widget-container\">\n\t\t\t\t\t\t\t\t\t\t\t\t\t\t\t<img loading=\"lazy\" decoding=\"async\" width=\"478\" height=\"292\" src=\"https:\/\/kozaiskele.com\/img\/2025\/07\/is-ahlaki.webp\" class=\"attachment-full size-full wp-image-1485\" alt=\"\" srcset=\"https:\/\/kozaiskele.com\/img\/2025\/07\/is-ahlaki.webp 478w, https:\/\/kozaiskele.com\/img\/2025\/07\/is-ahlaki-300x183.webp 300w\" sizes=\"(max-width: 478px) 100vw, 478px\" \/>\t\t\t\t\t\t\t\t\t\t\t\t\t\t\t<\/div>\n\t\t\t\t<\/div>\n\t\t\t\t<div class=\"elementor-element elementor-element-aff87f0 elementor-widget elementor-widget-text-editor\" data-id=\"aff87f0\" data-element_type=\"widget\" data-widget_type=\"text-editor.default\">\n\t\t\t\t<div class=\"elementor-widget-container\">\n\t\t\t\t\t\t\t\t\t<p>Jemi t\u00eb p\u00ebrkushtuar ngusht\u00eb ndaj rregullave etike.<br \/>Ne trajtojm\u00eb t\u00eb gjith\u00eb punonj\u00ebsit, partner\u00ebt dhe klient\u00ebt tan\u00eb me drejt\u00ebsi dhe respekt.<\/p>\t\t\t\t\t\t\t\t<\/div>\n\t\t\t\t<\/div>\n\t\t\t\t<\/div>\n\t\t\t\t<\/div>\n\t\t\t\t\t<\/div>\n\t\t\t\t<\/div>\n\t\t<div class=\"elementor-element elementor-element-3ae778b e-flex e-con-boxed e-con e-parent\" data-id=\"3ae778b\" data-element_type=\"container\">\n\t\t\t\t\t<div class=\"e-con-inner\">\n\t\t\t\t<div class=\"elementor-element elementor-element-794e21e elementor-widget elementor-widget-heading\" data-id=\"794e21e\" data-element_type=\"widget\" data-widget_type=\"heading.default\">\n\t\t\t\t<div class=\"elementor-widget-container\">\n\t\t\t\t\t<h2 class=\"elementor-heading-title elementor-size-default\">Si e Reflektojm\u00eb?<\/h2>\t\t\t\t<\/div>\n\t\t\t\t<\/div>\n\t\t<div class=\"elementor-element elementor-element-d7d7052 e-con-full e-flex e-con e-child\" data-id=\"d7d7052\" data-element_type=\"container\">\n\t\t<div class=\"elementor-element elementor-element-d374a0f e-con-full e-flex e-con e-child\" data-id=\"d374a0f\" data-element_type=\"container\">\n\t\t\t\t<div class=\"elementor-element elementor-element-6ef6b0d elementor-widget elementor-widget-heading\" data-id=\"6ef6b0d\" data-element_type=\"widget\" data-widget_type=\"heading.default\">\n\t\t\t\t<div class=\"elementor-widget-container\">\n\t\t\t\t\t<h2 class=\"elementor-heading-title elementor-size-default\">Kontrolli i Cil\u00ebsis\u00eb n\u00eb Prodhim<\/h2>\t\t\t\t<\/div>\n\t\t\t\t<\/div>\n\t\t\t\t<div class=\"elementor-element elementor-element-6422a1b elementor-widget elementor-widget-image\" data-id=\"6422a1b\" data-element_type=\"widget\" data-widget_type=\"image.default\">\n\t\t\t\t<div class=\"elementor-widget-container\">\n\t\t\t\t\t\t\t\t\t\t\t\t\t\t\t<img loading=\"lazy\" decoding=\"async\" width=\"1200\" height=\"675\" src=\"https:\/\/kozaiskele.com\/img\/2025\/07\/slider-4.webp\" class=\"attachment-full size-full wp-image-1111\" alt=\"\" srcset=\"https:\/\/kozaiskele.com\/img\/2025\/07\/slider-4.webp 1200w, https:\/\/kozaiskele.com\/img\/2025\/07\/slider-4-300x169.webp 300w, https:\/\/kozaiskele.com\/img\/2025\/07\/slider-4-1024x576.webp 1024w, https:\/\/kozaiskele.com\/img\/2025\/07\/slider-4-768x432.webp 768w\" sizes=\"(max-width: 1200px) 100vw, 1200px\" \/>\t\t\t\t\t\t\t\t\t\t\t\t\t\t\t<\/div>\n\t\t\t\t<\/div>\n\t\t\t\t<div class=\"elementor-element elementor-element-94aa7d3 elementor-widget elementor-widget-text-editor\" data-id=\"94aa7d3\" data-element_type=\"widget\" data-widget_type=\"text-editor.default\">\n\t\t\t\t<div class=\"elementor-widget-container\">\n\t\t\t\t\t\t\t\t\t<p>Ne kalojm\u00eb \u00e7do produkt p\u00ebrmes proceseve t\u00eb detajuara t\u00eb testimit p\u00ebr t\u00eb reflektuar cil\u00ebsin\u00eb q\u00eb premtojm\u00eb n\u00eb terren.<\/p>\t\t\t\t\t\t\t\t<\/div>\n\t\t\t\t<\/div>\n\t\t\t\t<\/div>\n\t\t<div class=\"elementor-element elementor-element-bbc6969 e-con-full e-flex e-con e-child\" data-id=\"bbc6969\" data-element_type=\"container\">\n\t\t\t\t<div class=\"elementor-element elementor-element-aab5f90 elementor-widget elementor-widget-heading\" data-id=\"aab5f90\" data-element_type=\"widget\" data-widget_type=\"heading.default\">\n\t\t\t\t<div class=\"elementor-widget-container\">\n\t\t\t\t\t<h2 class=\"elementor-heading-title elementor-size-default\">P\u00ebrgjegj\u00ebsia Sociale<\/h2>\t\t\t\t<\/div>\n\t\t\t\t<\/div>\n\t\t\t\t<div class=\"elementor-element elementor-element-6040ace elementor-widget elementor-widget-image\" data-id=\"6040ace\" data-element_type=\"widget\" data-widget_type=\"image.default\">\n\t\t\t\t<div class=\"elementor-widget-container\">\n\t\t\t\t\t\t\t\t\t\t\t\t\t\t\t<img loading=\"lazy\" decoding=\"async\" width=\"478\" height=\"292\" src=\"https:\/\/kozaiskele.com\/img\/2025\/07\/sosyal-sorumluluk.webp\" class=\"attachment-full size-full wp-image-1493\" alt=\"\" srcset=\"https:\/\/kozaiskele.com\/img\/2025\/07\/sosyal-sorumluluk.webp 478w, https:\/\/kozaiskele.com\/img\/2025\/07\/sosyal-sorumluluk-300x183.webp 300w\" sizes=\"(max-width: 478px) 100vw, 478px\" \/>\t\t\t\t\t\t\t\t\t\t\t\t\t\t\t<\/div>\n\t\t\t\t<\/div>\n\t\t\t\t<div class=\"elementor-element elementor-element-4046c91 elementor-widget elementor-widget-text-editor\" data-id=\"4046c91\" data-element_type=\"widget\" data-widget_type=\"text-editor.default\">\n\t\t\t\t<div class=\"elementor-widget-container\">\n\t\t\t\t\t\t\t\t\t<p>Ne mb\u00ebshtesim projete q\u00eb kontribuojn\u00eb n\u00eb komunitet dhe e v\u00ebm\u00eb n\u00eb plan t\u00eb par\u00eb zhvillimin e punonj\u00ebsve tan\u00eb.<\/p>\t\t\t\t\t\t\t\t<\/div>\n\t\t\t\t<\/div>\n\t\t\t\t<\/div>\n\t\t<div class=\"elementor-element elementor-element-ff17a7b e-con-full e-flex e-con e-child\" data-id=\"ff17a7b\" data-element_type=\"container\">\n\t\t\t\t<div class=\"elementor-element elementor-element-3b82e10 elementor-widget elementor-widget-heading\" data-id=\"3b82e10\" data-element_type=\"widget\" data-widget_type=\"heading.default\">\n\t\t\t\t<div class=\"elementor-widget-container\">\n\t\t\t\t\t<h2 class=\"elementor-heading-title elementor-size-default\">Vizioni Afatgjat\u00eb<\/h2>\t\t\t\t<\/div>\n\t\t\t\t<\/div>\n\t\t\t\t<div class=\"elementor-element elementor-element-e4f7864 elementor-widget elementor-widget-image\" data-id=\"e4f7864\" data-element_type=\"widget\" data-widget_type=\"image.default\">\n\t\t\t\t<div class=\"elementor-widget-container\">\n\t\t\t\t\t\t\t\t\t\t\t\t\t\t\t<img loading=\"lazy\" decoding=\"async\" width=\"478\" height=\"292\" src=\"https:\/\/kozaiskele.com\/img\/2025\/07\/uzun-vadeli-vizyon.webp\" class=\"attachment-full size-full wp-image-1494\" alt=\"\" srcset=\"https:\/\/kozaiskele.com\/img\/2025\/07\/uzun-vadeli-vizyon.webp 478w, https:\/\/kozaiskele.com\/img\/2025\/07\/uzun-vadeli-vizyon-300x183.webp 300w\" sizes=\"(max-width: 478px) 100vw, 478px\" \/>\t\t\t\t\t\t\t\t\t\t\t\t\t\t\t<\/div>\n\t\t\t\t<\/div>\n\t\t\t\t<div class=\"elementor-element elementor-element-c63e783 elementor-widget elementor-widget-text-editor\" data-id=\"c63e783\" data-element_type=\"widget\" data-widget_type=\"text-editor.default\">\n\t\t\t\t<div class=\"elementor-widget-container\">\n\t\t\t\t\t\t\t\t\t<p>Ne synojm\u00eb sukses t\u00eb q\u00ebndruesh\u00ebm dhe t\u00eb q\u00ebndruesh\u00ebm duke menduar jo vet\u00ebm p\u00ebr sot, por edhe p\u00ebr nes\u00ebr.<\/p>\t\t\t\t\t\t\t\t<\/div>\n\t\t\t\t<\/div>\n\t\t\t\t<\/div>\n\t\t\t\t<\/div>\n\t\t\t\t\t<\/div>\n\t\t\t\t<\/div>\n\t\t<div class=\"elementor-element elementor-element-323cb75 e-flex e-con-boxed e-con e-parent\" data-id=\"323cb75\" data-element_type=\"container\" data-settings=\"{&quot;background_background&quot;:&quot;classic&quot;}\">\n\t\t\t\t\t<div class=\"e-con-inner\">\n\t\t\t\t<div class=\"elementor-element elementor-element-2a63850 elementor-view-framed elementor-shape-square elementor-widget elementor-widget-icon\" data-id=\"2a63850\" data-element_type=\"widget\" data-widget_type=\"icon.default\">\n\t\t\t\t<div class=\"elementor-widget-container\">\n\t\t\t\t\t\t\t<div class=\"elementor-icon-wrapper\">\n\t\t\t<div class=\"elementor-icon\">\n\t\t\t<svg aria-hidden=\"true\" class=\"e-font-icon-svg e-fas-user-tie\" viewbox=\"0 0 448 512\" xmlns=\"http:\/\/www.w3.org\/2000\/svg\"><path d=\"M224 256c70.7 0 128-57.3 128-128S294.7 0 224 0 96 57.3 96 128s57.3 128 128 128zm95.8 32.6L272 480l-32-136 32-56h-96l32 56-32 136-47.8-191.4C56.9 292 0 350.3 0 422.4V464c0 26.5 21.5 48 48 48h352c26.5 0 48-21.5 48-48v-41.6c0-72.1-56.9-130.4-128.2-133.8z\"><\/path><\/svg>\t\t\t<\/div>\n\t\t<\/div>\n\t\t\t\t\t\t<\/div>\n\t\t\t\t<\/div>\n\t\t\t\t<div class=\"elementor-element elementor-element-4b1bea3 elementor-widget elementor-widget-heading\" data-id=\"4b1bea3\" data-element_type=\"widget\" data-widget_type=\"heading.default\">\n\t\t\t\t<div class=\"elementor-widget-container\">\n\t\t\t\t\t<h2 class=\"elementor-heading-title elementor-size-default\">D\u00ebshironi t\u00eb punoni me ne?<\/h2>\t\t\t\t<\/div>\n\t\t\t\t<\/div>\n\t\t\t\t<div class=\"elementor-element elementor-element-99aec82 elementor-widget elementor-widget-text-editor\" data-id=\"99aec82\" data-element_type=\"widget\" data-widget_type=\"text-editor.default\">\n\t\t\t\t<div class=\"elementor-widget-container\">\n\t\t\t\t\t\t\t\t\t<p>Kontaktoni me ne p\u00ebr t'u bashkuar ekipit ton\u00eb ose p\u00ebr t\u00eb bashk\u00ebpunuar.<\/p>\t\t\t\t\t\t\t\t<\/div>\n\t\t\t\t<\/div>\n\t\t\t\t<div class=\"elementor-element elementor-element-51d80e0 elementor-align-center elementor-widget elementor-widget-button\" data-id=\"51d80e0\" data-element_type=\"widget\" data-widget_type=\"button.default\">\n\t\t\t\t<div class=\"elementor-widget-container\">\n\t\t\t\t\t\t\t\t\t<div class=\"elementor-button-wrapper\">\n\t\t\t\t\t<a class=\"elementor-button elementor-button-link elementor-size-sm\" href=\"#\">\n\t\t\t\t\t\t<span class=\"elementor-button-content-wrapper\">\n\t\t\t\t\t\t\t\t\t<span class=\"elementor-button-text\">Formulari i Kontaktit<\/span>\n\t\t\t\t\t<\/span>\n\t\t\t\t\t<\/a>\n\t\t\t\t<\/div>\n\t\t\t\t\t\t\t\t<\/div>\n\t\t\t\t<\/div>\n\t\t\t\t\t<\/div>\n\t\t\t\t<\/div>\n\t\t\t\t<\/div>","protected":false},"excerpt":{"rendered":"<p>N\u00eb themel t\u00eb suksesit t\u00eb kompanis\u00eb son\u00eb nuk q\u00ebndrojn\u00eb vet\u00ebm produktet cil\u00ebsore, por edhe vlerat q\u00eb i p\u00ebrmbahemi. K\u00ebto parime i drejtojn\u00eb t\u00eb gjitha vendimet, marr\u00ebdh\u00ebniet dhe proceset tona t\u00eb biznesit. Nd\u00ebrsa ecim me besim drejt s\u00eb ardhmes; besueshm\u00ebria, q\u00ebndrueshm\u00ebria, risia dhe etika e pun\u00ebs vazhdojn\u00eb t\u00eb jen\u00eb busulla jon\u00eb. Parimet Themelore q\u00eb na B\u00ebjn\u00eb Ata Q\u00eb Jem Besueshm\u00ebria Mbajm\u00eb premtimet tona p\u00ebr t\u00eb krijuar partneritete afatgjata t\u00eb biznesit me klient\u00ebt tan\u00eb, [&hellip;]<\/p>","protected":false},"author":1,"featured_media":0,"parent":0,"menu_order":0,"comment_status":"closed","ping_status":"closed","template":"elementor_header_footer","meta":{"footnotes":""},"class_list":["post-577","page","type-page","status-publish","hentry"],"_links":{"self":[{"href":"https:\/\/kozaiskele.com\/sq\/wp-json\/wp\/v2\/pages\/577","targetHints":{"allow":["GET"]}}],"collection":[{"href":"https:\/\/kozaiskele.com\/sq\/wp-json\/wp\/v2\/pages"}],"about":[{"href":"https:\/\/kozaiskele.com\/sq\/wp-json\/wp\/v2\/types\/page"}],"author":[{"embeddable":true,"href":"https:\/\/kozaiskele.com\/sq\/wp-json\/wp\/v2\/users\/1"}],"replies":[{"embeddable":true,"href":"https:\/\/kozaiskele.com\/sq\/wp-json\/wp\/v2\/comments?post=577"}],"version-history":[{"count":0,"href":"https:\/\/kozaiskele.com\/sq\/wp-json\/wp\/v2\/pages\/577\/revisions"}],"wp:attachment":[{"href":"https:\/\/kozaiskele.com\/sq\/wp-json\/wp\/v2\/media?parent=577"}],"curies":[{"name":"wp","href":"https:\/\/api.w.org\/{rel}","templated":true}]}}