{"id":207,"date":"2025-07-01T04:49:22","date_gmt":"2025-07-01T01:49:22","guid":{"rendered":"https:\/\/kozaiskele.com\/?page_id=207"},"modified":"2025-07-12T23:56:58","modified_gmt":"2025-07-12T20:56:58","slug":"insan-kaynaklari-politikasi","status":"publish","type":"page","link":"https:\/\/kozaiskele.com\/sq\/politika-e-burimeve-njerezore\/","title":{"rendered":"Politika e Burimeve Njer\u00ebzore"},"content":{"rendered":"<div data-elementor-type=\"wp-page\" data-elementor-id=\"207\" class=\"elementor elementor-207\" data-elementor-post-type=\"page\">\n\t\t\t\t<div class=\"elementor-element elementor-element-539c830 e-con-full e-flex e-con e-parent\" data-id=\"539c830\" data-element_type=\"container\">\n\t\t\t\t<div class=\"elementor-element elementor-element-27dde1a elementor-widget elementor-widget-template\" data-id=\"27dde1a\" data-element_type=\"widget\" data-widget_type=\"template.default\">\n\t\t\t\t<div class=\"elementor-widget-container\">\n\t\t\t\t\t\t\t<div class=\"elementor-template\">\n\t\t\t\t\t<div data-elementor-type=\"section\" data-elementor-id=\"140\" class=\"elementor elementor-140\" data-elementor-post-type=\"elementor_library\">\n\t\t\t\t\t<section class=\"elementor-section elementor-top-section elementor-element elementor-element-6b9f365c elementor-section-boxed elementor-section-height-default elementor-section-height-default\" data-id=\"6b9f365c\" data-element_type=\"section\" data-settings=\"{&quot;background_background&quot;:&quot;classic&quot;}\">\n\t\t\t\t\t\t\t<div class=\"elementor-background-overlay\"><\/div>\n\t\t\t\t\t\t\t<div class=\"elementor-container elementor-column-gap-default\">\n\t\t\t\t\t<div class=\"elementor-column elementor-col-100 elementor-top-column elementor-element elementor-element-1109f006\" data-id=\"1109f006\" data-element_type=\"column\">\n\t\t\t<div class=\"elementor-widget-wrap elementor-element-populated\">\n\t\t\t\t\t\t<div class=\"elementor-element elementor-element-136e7698 elementor-icon-list--layout-inline elementor-align-left elementor-widget__width-auto elementor-list-item-link-full_width elementor-invisible elementor-widget elementor-widget-icon-list\" data-id=\"136e7698\" data-element_type=\"widget\" data-settings=\"{&quot;_animation&quot;:&quot;fadeInDown&quot;}\" data-widget_type=\"icon-list.default\">\n\t\t\t\t<div class=\"elementor-widget-container\">\n\t\t\t\t\t\t\t<ul class=\"elementor-icon-list-items elementor-inline-items\">\n\t\t\t\t\t\t\t<li class=\"elementor-icon-list-item elementor-inline-item\">\n\t\t\t\t\t\t\t\t\t\t\t<a href=\"\/sq\/\">\n\n\t\t\t\t\t\t\t\t\t\t\t<span class=\"elementor-icon-list-text\">Faqja Kryesore \/<\/span>\n\t\t\t\t\t\t\t\t\t\t\t<\/a>\n\t\t\t\t\t\t\t\t\t<\/li>\n\t\t\t\t\t\t<\/ul>\n\t\t\t\t\t\t<\/div>\n\t\t\t\t<\/div>\n\t\t\t\t\t<\/div>\n\t\t<\/div>\n\t\t\t\t\t<\/div>\n\t\t<\/section>\n\t\t\t\t<\/div>\n\t\t\t\t<\/div>\n\t\t\t\t\t\t<\/div>\n\t\t\t\t<\/div>\n\t\t\t\t<\/div>\n\t\t<div class=\"elementor-element elementor-element-5cc299d e-flex e-con-boxed e-con e-parent\" data-id=\"5cc299d\" data-element_type=\"container\">\n\t\t\t\t\t<div class=\"e-con-inner\">\n\t\t<div class=\"elementor-element elementor-element-2f79595 e-con-full e-flex e-con e-child\" data-id=\"2f79595\" data-element_type=\"container\">\n\t\t\t\t<div class=\"elementor-element elementor-element-7d77aea elementor-position-left elementor-view-default elementor-mobile-position-top elementor-widget elementor-widget-icon-box\" data-id=\"7d77aea\" data-element_type=\"widget\" data-widget_type=\"icon-box.default\">\n\t\t\t\t<div class=\"elementor-widget-container\">\n\t\t\t\t\t\t\t<div class=\"elementor-icon-box-wrapper\">\n\n\t\t\t\t\t\t<div class=\"elementor-icon-box-icon\">\n\t\t\t\t<span  class=\"elementor-icon\">\n\t\t\t\t<i aria-hidden=\"true\" class=\"icon icon-star\"><\/i>\t\t\t\t<\/span>\n\t\t\t<\/div>\n\t\t\t\n\t\t\t\t\t\t<div class=\"elementor-icon-box-content\">\n\n\t\t\t\t\t\t\t\t\t<h3 class=\"elementor-icon-box-title\">\n\t\t\t\t\t\t<span  >\n\t\t\t\t\t\t\tParimet Themelore:\t\t\t\t\t\t<\/span>\n\t\t\t\t\t<\/h3>\n\t\t\t\t\n\t\t\t\t\n\t\t\t<\/div>\n\t\t\t\n\t\t<\/div>\n\t\t\t\t\t\t<\/div>\n\t\t\t\t<\/div>\n\t\t\t\t<div class=\"elementor-element elementor-element-83d70dd elementor-widget elementor-widget-text-editor\" data-id=\"83d70dd\" data-element_type=\"widget\" data-widget_type=\"text-editor.default\">\n\t\t\t\t<div class=\"elementor-widget-container\">\n\t\t\t\t\t\t\t\t\t<ul><li><strong>Personi i Duhur p\u00ebr Pun\u00ebn e Duhur<\/strong> me parimin e m\u00ebsip\u00ebrm, t\u00eb sjellim n\u00eb ekip kandidat\u00ebt q\u00eb i p\u00ebrgjigjen aft\u00ebsive dhe kompetencave t\u00eb tyre<\/li><li>N\u00eb proceset e rekrutimit, promovimit dhe t\u00eb tjera t\u00eb HR <strong data-start=\"796\" data-end=\"820\">principin e mund\u00ebsive t\u00eb barabarta<\/strong> t\u00eb respektojm\u00eb<\/li><li><p>P\u00ebr t\u00eb gjith\u00eb punonj\u00ebsit tan\u00eb <strong>drejt\u00eb, transparent dhe gjith\u00ebp\u00ebrfshir\u00ebs<\/strong> t\u00eb adoptojm\u00eb nj\u00eb qasje menaxheriale<\/p><\/li><li><p>Q\u00eb inkurajon pun\u00ebn n\u00eb ekip, <strong>q\u00eb mb\u00ebshtet komunikimin e hapur<\/strong> t\u00eb krijoj\u00eb nj\u00eb kultur\u00eb institucionale<\/p><\/li><li><p>Q\u00eb mb\u00ebshtet njohurit\u00eb, aft\u00ebsit\u00eb dhe zhvillimin personal t\u00eb punonj\u00ebsve tan\u00eb <strong>mund\u00ebsi trajnimi dhe zhvillimi<\/strong> ofruar<\/p><\/li><li><p><strong>Siguria dhe Sh\u00ebndeti n\u00eb Pun\u00eb<\/strong> dhe p\u00ebrmbushja me p\u00ebrpikm\u00ebri e t\u00eb gjitha detyrimeve ligjore<\/p><\/li><\/ul>\t\t\t\t\t\t\t\t<\/div>\n\t\t\t\t<\/div>\n\t\t\t\t<div class=\"elementor-element elementor-element-dbaf412 elementor-widget elementor-widget-image\" data-id=\"dbaf412\" data-element_type=\"widget\" data-widget_type=\"image.default\">\n\t\t\t\t<div class=\"elementor-widget-container\">\n\t\t\t\t\t\t\t\t\t\t\t\t\t\t\t\t<a href=\"\/sq\/\">\n\t\t\t\t\t\t\t<img fetchpriority=\"high\" decoding=\"async\" width=\"506\" height=\"319\" src=\"https:\/\/kozaiskele.com\/img\/2025\/06\/logo-kozaiskele.webp\" class=\"attachment-full size-full wp-image-26\" alt=\"\" srcset=\"https:\/\/kozaiskele.com\/img\/2025\/06\/logo-kozaiskele.webp 506w, https:\/\/kozaiskele.com\/img\/2025\/06\/logo-kozaiskele-300x189.webp 300w\" sizes=\"(max-width: 506px) 100vw, 506px\" \/>\t\t\t\t\t\t\t\t<\/a>\n\t\t\t\t\t\t\t\t\t\t\t\t\t\t\t<\/div>\n\t\t\t\t<\/div>\n\t\t\t\t<\/div>\n\t\t<div class=\"elementor-element elementor-element-7eed585 e-con-full e-flex e-con e-child\" data-id=\"7eed585\" data-element_type=\"container\">\n\t\t\t\t<div class=\"elementor-element elementor-element-ca23ddd elementor-widget elementor-widget-text-editor\" data-id=\"ca23ddd\" data-element_type=\"widget\" data-widget_type=\"text-editor.default\">\n\t\t\t\t<div class=\"elementor-widget-container\">\n\t\t\t\t\t\t\t\t\t<h3>Zhvillimi dhe Karriera:<\/h3><p>Prioriteti yn\u00eb \u00ebsht\u00eb t\u00eb kontribuojm\u00eb n\u00eb zhvillimin individual t\u00eb punonj\u00ebsve tan\u00eb dhe t\u2019i p\u00ebrgatisim ata p\u00ebr t\u00eb ardhmen. N\u00eb k\u00ebt\u00eb kuad\u00ebr, mb\u00ebshtesim zhvillimin e vazhduesh\u00ebm p\u00ebrmes mekanizmave t\u00eb rregullt t\u00eb feedback-ut, sistemeve t\u00eb vler\u00ebsimit t\u00eb performanc\u00ebs dhe planifikimit t\u00eb karrier\u00ebs bazuar n\u00eb kompetenca.<\/p>\t\t\t\t\t\t\t\t<\/div>\n\t\t\t\t<\/div>\n\t\t\t\t<div class=\"elementor-element elementor-element-8853d41 elementor-widget elementor-widget-text-editor\" data-id=\"8853d41\" data-element_type=\"widget\" data-widget_type=\"text-editor.default\">\n\t\t\t\t<div class=\"elementor-widget-container\">\n\t\t\t\t\t\t\t\t\t<p><b>KOZA ISKELE, n\u00eb kuad\u00ebr t\u00eb k\u00ebsaj qasjeje themelore;<\/b><\/p><ul><li aria-level=\"1\">Siguron mund\u00ebsi t\u00eb barabarta gjat\u00eb procesit t\u00eb rekrutimit dhe vler\u00ebson merit\u00ebn pa dallim gjinie, besimi fetar, gjuh\u00eb, rac\u00eb, etni, mosh\u00eb, personave me aft\u00ebsi t\u00eb kufizuara dhe refugjat\u00ebve.<\/li><li aria-level=\"1\">P\u00ebrmir\u00ebson standardet e pun\u00ebs gjat\u00eb procesit t\u00eb zinxhirit t\u00eb vler\u00ebs; p\u00ebrcakton shp\u00ebrndarjen e drejt\u00eb t\u00eb pun\u00ebs dhe pag\u00ebs.<\/li><li aria-level=\"1\">Ndjek nj\u00eb politik\u00eb menaxheriale transparente dhe t\u00eb hapur p\u00ebr nj\u00eb nd\u00ebrveprim t\u00eb besuesh\u00ebm dhe efektiv me punonj\u00ebsit.<\/li><li aria-level=\"1\">Organizon trajnimet e nevojshme dhe merr masat p\u00ebr sigurin\u00eb dhe sh\u00ebndetin n\u00eb pun\u00eb.<\/li><li aria-level=\"1\">Mbron t\u00eb dh\u00ebnat personale t\u00eb punonj\u00ebsve.<\/li><li aria-level=\"1\">Vler\u00ebson performanc\u00ebn individuale dhe t\u00eb ekipit p\u00ebrmes proceseve t\u00eb p\u00ebrmir\u00ebsimit t\u00eb vazhduesh\u00ebm; shp\u00ebrblen suksesin.<\/li><li aria-level=\"1\">B\u00ebn vler\u00ebsim rreziku n\u00eb m\u00ebnyr\u00eb q\u00eb t\u00eb zvog\u00ebloj\u00eb dhe eliminoj\u00eb rreziqet e aksidenteve n\u00eb pun\u00eb dhe s\u00ebmundjeve profesionale.\u00a0<\/li><li aria-level=\"1\">Organizon aktivitete n\u00eb kuad\u00ebr t\u00eb projekteve p\u00ebr dobi t\u00eb komunitetit dhe p\u00ebrgjegj\u00ebsis\u00eb sociale.<\/li><li aria-level=\"1\">I vet\u00ebdijsh\u00ebm p\u00ebr faktor\u00ebt mjedisor dhe shoq\u00ebror; ve\u00e7an\u00ebrisht mbik\u00ebqyr grupet me t\u00eb ardhura t\u00eb ul\u00ebta dhe grat\u00eb p\u00ebr mund\u00ebsi t\u00eb barabarta.<\/li><\/ul>\t\t\t\t\t\t\t\t<\/div>\n\t\t\t\t<\/div>\n\t\t\t\t<\/div>\n\t\t\t\t\t<\/div>\n\t\t\t\t<\/div>\n\t\t<div class=\"elementor-element elementor-element-c7f744d e-flex e-con-boxed e-con e-parent\" data-id=\"c7f744d\" data-element_type=\"container\">\n\t\t\t\t\t<div class=\"e-con-inner\">\n\t\t\t\t<div class=\"elementor-element elementor-element-1abcd83 elementor-widget elementor-widget-text-editor\" data-id=\"1abcd83\" data-element_type=\"widget\" data-widget_type=\"text-editor.default\">\n\t\t\t\t<div class=\"elementor-widget-container\">\n\t\t\t\t\t\t\t\t\t<p><strong>Si Koza Iskele, synojm\u00eb q\u00eb burimet tona njer\u00ebzore t\u00eb p\u00ebrb\u00ebhen nga individ\u00eb q\u00eb besojn\u00eb n\u00eb vlerat tona, jan\u00eb t\u00eb hapur p\u00ebr zhvillim dhe kan\u00eb frym\u00eb ekipore.<\/strong><br \/>Punojm\u00eb p\u00ebr t\u00eb nd\u00ebrtuar suksesin s\u00eb bashku.<\/p>\t\t\t\t\t\t\t\t<\/div>\n\t\t\t\t<\/div>\n\t\t\t\t\t<\/div>\n\t\t\t\t<\/div>\n\t\t<div class=\"elementor-element elementor-element-997caf5 e-flex e-con-boxed e-con e-parent\" data-id=\"997caf5\" data-element_type=\"container\">\n\t\t\t\t\t<div class=\"e-con-inner\">\n\t\t<div class=\"elementor-element elementor-element-f728489 e-con-full e-flex e-con e-child\" data-id=\"f728489\" data-element_type=\"container\">\n\t\t\t\t<div class=\"elementor-element elementor-element-4985cf8 elementor-align-justify elementor-widget elementor-widget-button\" data-id=\"4985cf8\" data-element_type=\"widget\" data-widget_type=\"button.default\">\n\t\t\t\t<div class=\"elementor-widget-container\">\n\t\t\t\t\t\t\t\t\t<div class=\"elementor-button-wrapper\">\n\t\t\t\t\t<a class=\"elementor-button elementor-button-link elementor-size-sm\" href=\"https:\/\/kozaiskele.com\/sq\/aplikim-per-pune\/\">\n\t\t\t\t\t\t<span class=\"elementor-button-content-wrapper\">\n\t\t\t\t\t\t\t\t\t<span class=\"elementor-button-text\">Aplikim Pune<\/span>\n\t\t\t\t\t<\/span>\n\t\t\t\t\t<\/a>\n\t\t\t\t<\/div>\n\t\t\t\t\t\t\t\t<\/div>\n\t\t\t\t<\/div>\n\t\t\t\t<\/div>\n\t\t<div class=\"elementor-element elementor-element-11c1a0f e-con-full e-flex e-con e-child\" data-id=\"11c1a0f\" data-element_type=\"container\">\n\t\t\t\t<div class=\"elementor-element elementor-element-abb2518 elementor-align-justify elementor-widget elementor-widget-button\" data-id=\"abb2518\" data-element_type=\"widget\" data-widget_type=\"button.default\">\n\t\t\t\t<div class=\"elementor-widget-container\">\n\t\t\t\t\t\t\t\t\t<div class=\"elementor-button-wrapper\">\n\t\t\t\t\t<a class=\"elementor-button elementor-button-link elementor-size-sm\" href=\"https:\/\/kozaiskele.com\/sq\/aplikim-per-praktike\/\">\n\t\t\t\t\t\t<span class=\"elementor-button-content-wrapper\">\n\t\t\t\t\t\t\t\t\t<span class=\"elementor-button-text\">Aplikim p\u00ebr Praktik\u00eb<\/span>\n\t\t\t\t\t<\/span>\n\t\t\t\t\t<\/a>\n\t\t\t\t<\/div>\n\t\t\t\t\t\t\t\t<\/div>\n\t\t\t\t<\/div>\n\t\t\t\t<\/div>\n\t\t\t\t\t<\/div>\n\t\t\t\t<\/div>\n\t\t\t\t<\/div>","protected":false},"excerpt":{"rendered":"<p>Parimet Tona Themelore: T\u00eb sjellim kandidat\u00eb t\u00eb p\u00ebrshtatsh\u00ebm n\u00eb ekipin ton\u00eb sipas kualifikimeve dhe kompetencave t\u00eb tyre sipas parimit \"personi i duhur p\u00ebr pun\u00ebn e duhur\" T\u00eb respektojm\u00eb parimin e barazis\u00eb s\u00eb mund\u00ebsive n\u00eb proceset e rekrutimit, promovimit dhe t\u00eb tjera t\u00eb Burimeve Njer\u00ebzore T\u00eb adoptojm\u00eb nj\u00eb qasje menaxheriale t\u00eb drejt\u00eb, transparente dhe p\u00ebrfshir\u00ebse p\u00ebr t\u00eb gjith\u00eb punonj\u00ebsit tan\u00eb T\u00eb krijojm\u00eb nj\u00eb kultur\u00eb institucionale q\u00eb nxit pun\u00ebn n\u00eb ekip, [&hellip;]<\/p>","protected":false},"author":1,"featured_media":0,"parent":0,"menu_order":0,"comment_status":"closed","ping_status":"closed","template":"elementor_header_footer","meta":{"footnotes":""},"class_list":["post-207","page","type-page","status-publish","hentry"],"_links":{"self":[{"href":"https:\/\/kozaiskele.com\/sq\/wp-json\/wp\/v2\/pages\/207","targetHints":{"allow":["GET"]}}],"collection":[{"href":"https:\/\/kozaiskele.com\/sq\/wp-json\/wp\/v2\/pages"}],"about":[{"href":"https:\/\/kozaiskele.com\/sq\/wp-json\/wp\/v2\/types\/page"}],"author":[{"embeddable":true,"href":"https:\/\/kozaiskele.com\/sq\/wp-json\/wp\/v2\/users\/1"}],"replies":[{"embeddable":true,"href":"https:\/\/kozaiskele.com\/sq\/wp-json\/wp\/v2\/comments?post=207"}],"version-history":[{"count":0,"href":"https:\/\/kozaiskele.com\/sq\/wp-json\/wp\/v2\/pages\/207\/revisions"}],"wp:attachment":[{"href":"https:\/\/kozaiskele.com\/sq\/wp-json\/wp\/v2\/media?parent=207"}],"curies":[{"name":"wp","href":"https:\/\/api.w.org\/{rel}","templated":true}]}}