{"id":179,"date":"2025-07-01T02:16:03","date_gmt":"2025-06-30T23:16:03","guid":{"rendered":"https:\/\/kozaiskele.com\/?page_id=179"},"modified":"2025-09-07T17:36:28","modified_gmt":"2025-09-07T14:36:28","slug":"kvkk-aydinlatma-metni","status":"publish","type":"page","link":"https:\/\/kozaiskele.com\/ru\/svetitelnyj-tekst-zakon-o-zashhite-personalnyx-dannyx\/","title":{"rendered":"\u0423\u0432\u0435\u0434\u043e\u043c\u043b\u0435\u043d\u0438\u0435 \u043e \u0437\u0430\u0449\u0438\u0442\u0435 \u043f\u0435\u0440\u0441\u043e\u043d\u0430\u043b\u044c\u043d\u044b\u0445 \u0434\u0430\u043d\u043d\u044b\u0445 (KVKK)"},"content":{"rendered":"<div data-elementor-type=\"wp-page\" data-elementor-id=\"179\" class=\"elementor elementor-179\" data-elementor-post-type=\"page\">\n\t\t\t\t<div class=\"elementor-element elementor-element-539c830 e-con-full e-flex e-con e-parent\" data-id=\"539c830\" data-element_type=\"container\">\n\t\t\t\t<div class=\"elementor-element elementor-element-27dde1a elementor-widget elementor-widget-template\" data-id=\"27dde1a\" data-element_type=\"widget\" data-widget_type=\"template.default\">\n\t\t\t\t<div class=\"elementor-widget-container\">\n\t\t\t\t\t\t\t<div class=\"elementor-template\">\n\t\t\t\t\t<div data-elementor-type=\"section\" data-elementor-id=\"140\" class=\"elementor elementor-140\" data-elementor-post-type=\"elementor_library\">\n\t\t\t\t\t<section class=\"elementor-section elementor-top-section elementor-element elementor-element-6b9f365c elementor-section-boxed elementor-section-height-default elementor-section-height-default\" data-id=\"6b9f365c\" data-element_type=\"section\" data-settings=\"{&quot;background_background&quot;:&quot;classic&quot;}\">\n\t\t\t\t\t\t\t<div class=\"elementor-background-overlay\"><\/div>\n\t\t\t\t\t\t\t<div class=\"elementor-container elementor-column-gap-default\">\n\t\t\t\t\t<div class=\"elementor-column elementor-col-100 elementor-top-column elementor-element elementor-element-1109f006\" data-id=\"1109f006\" data-element_type=\"column\">\n\t\t\t<div class=\"elementor-widget-wrap elementor-element-populated\">\n\t\t\t\t\t\t<div class=\"elementor-element elementor-element-136e7698 elementor-icon-list--layout-inline elementor-align-left elementor-widget__width-auto elementor-list-item-link-full_width elementor-invisible elementor-widget elementor-widget-icon-list\" data-id=\"136e7698\" data-element_type=\"widget\" data-settings=\"{&quot;_animation&quot;:&quot;fadeInDown&quot;}\" data-widget_type=\"icon-list.default\">\n\t\t\t\t<div class=\"elementor-widget-container\">\n\t\t\t\t\t\t\t<ul class=\"elementor-icon-list-items elementor-inline-items\">\n\t\t\t\t\t\t\t<li class=\"elementor-icon-list-item elementor-inline-item\">\n\t\t\t\t\t\t\t\t\t\t\t<a href=\"\/ru\/\">\n\n\t\t\t\t\t\t\t\t\t\t\t<span class=\"elementor-icon-list-text\">\u0413\u043b\u0430\u0432\u043d\u0430\u044f \u0441\u0442\u0440\u0430\u043d\u0438\u0446\u0430 \/<\/span>\n\t\t\t\t\t\t\t\t\t\t\t<\/a>\n\t\t\t\t\t\t\t\t\t<\/li>\n\t\t\t\t\t\t<\/ul>\n\t\t\t\t\t\t<\/div>\n\t\t\t\t<\/div>\n\t\t\t\t\t<\/div>\n\t\t<\/div>\n\t\t\t\t\t<\/div>\n\t\t<\/section>\n\t\t\t\t<\/div>\n\t\t\t\t<\/div>\n\t\t\t\t\t\t<\/div>\n\t\t\t\t<\/div>\n\t\t\t\t<\/div>\n\t\t<div class=\"elementor-element elementor-element-5cc299d e-flex e-con-boxed e-con e-parent\" data-id=\"5cc299d\" data-element_type=\"container\">\n\t\t\t\t\t<div class=\"e-con-inner\">\n\t\t\t\t<div class=\"elementor-element elementor-element-0e6ad15 elementor-widget elementor-widget-heading\" data-id=\"0e6ad15\" data-element_type=\"widget\" data-widget_type=\"heading.default\">\n\t\t\t\t<div class=\"elementor-widget-container\">\n\t\t\t\t\t<h2 class=\"elementor-heading-title elementor-size-default\">\u041a\u041e\u0417\u0410 \u0418\u0421\u041a\u0415\u041b\u0415 \u2013 \u0423\u0412\u0415\u0414\u041e\u041c\u041b\u0415\u041d\u0418\u0415 \u041e \u0417\u0410\u0429\u0418\u0422\u0415 \u041f\u0415\u0420\u0421\u041e\u041d\u0410\u041b\u042c\u041d\u042b\u0425 \u0414\u0410\u041d\u041d\u042b\u0425<\/h2>\t\t\t\t<\/div>\n\t\t\t\t<\/div>\n\t\t\t\t<div class=\"elementor-element elementor-element-83d70dd elementor-widget elementor-widget-text-editor\" data-id=\"83d70dd\" data-element_type=\"widget\" data-widget_type=\"text-editor.default\">\n\t\t\t\t<div class=\"elementor-widget-container\">\n\t\t\t\t\t\t\t\t\t<p data-start=\"229\" data-end=\"502\"><strong data-start=\"229\" data-end=\"250\">1. \u041a\u043e\u043d\u0442\u0440\u043e\u043b\u0435\u0440 \u0434\u0430\u043d\u043d\u044b\u0445<\/strong><br data-start=\"250\" data-end=\"253\" \/>\u042d\u0442\u043e \u0443\u0432\u0435\u0434\u043e\u043c\u043b\u0435\u043d\u0438\u0435 \u043f\u043e\u0434\u0433\u043e\u0442\u043e\u0432\u043b\u0435\u043d\u043e \u0432 \u0441\u043e\u043e\u0442\u0432\u0435\u0442\u0441\u0442\u0432\u0438\u0438 \u0441 \u0417\u0430\u043a\u043e\u043d\u043e\u043c \u2116 6698 \u043e \u0437\u0430\u0449\u0438\u0442\u0435 \u043f\u0435\u0440\u0441\u043e\u043d\u0430\u043b\u044c\u043d\u044b\u0445 \u0434\u0430\u043d\u043d\u044b\u0445 (\u00abKVKK\u00bb) \u043a\u043e\u043c\u043f\u0430\u043d\u0438\u0435\u0439 \u041a\u043e\u0437\u0430 \u0418\u0441\u043a\u0435\u043b\u0435 \u0421\u0430\u043d\u0430\u0439\u0438 \u0432\u0435 \u0422\u0438\u0434\u0436\u0430\u0440\u0435\u0442 \u041b\u0442\u0434. \u0432 \u043e\u0442\u043d\u043e\u0448\u0435\u043d\u0438\u0438 \u043e\u0431\u0440\u0430\u0431\u043e\u0442\u043a\u0438 \u043f\u0435\u0440\u0441\u043e\u043d\u0430\u043b\u044c\u043d\u044b\u0445 \u0434\u0430\u043d\u043d\u044b\u0445, \u043f\u043e\u043b\u0443\u0447\u0435\u043d\u043d\u044b\u0445 \u0432 \u043f\u0440\u043e\u0446\u0435\u0441\u0441\u0435 \u043f\u043e\u0434\u0430\u0447\u0438 \u0437\u0430\u044f\u0432\u043b\u0435\u043d\u0438\u0439 \u043d\u0430 \u0440\u0430\u0431\u043e\u0442\u0443 \u0438 \u0441\u0442\u0430\u0436\u0438\u0440\u043e\u0432\u043a\u0443.<\/p><p data-start=\"504\" data-end=\"601\"><strong data-start=\"504\" data-end=\"534\">2. \u041e\u0431\u0440\u0430\u0431\u0430\u0442\u044b\u0432\u0430\u0435\u043c\u044b\u0435 \u043f\u0435\u0440\u0441\u043e\u043d\u0430\u043b\u044c\u043d\u044b\u0435 \u0434\u0430\u043d\u043d\u044b\u0435<\/strong><br data-start=\"534\" data-end=\"537\" \/>\u0412 \u043f\u0440\u043e\u0446\u0435\u0441\u0441\u0435 \u043f\u043e\u0434\u0430\u0447\u0438 \u0437\u0430\u044f\u0432\u043a\u0438 \u043e\u0431\u0440\u0430\u0431\u0430\u0442\u044b\u0432\u0430\u044e\u0442\u0441\u044f \u0441\u043b\u0435\u0434\u0443\u044e\u0449\u0438\u0435 \u043f\u0435\u0440\u0441\u043e\u043d\u0430\u043b\u044c\u043d\u044b\u0435 \u0434\u0430\u043d\u043d\u044b\u0435:<\/p><ul data-start=\"602\" data-end=\"844\"><li data-start=\"602\" data-end=\"652\"><p data-start=\"604\" data-end=\"652\">\u0418\u0434\u0435\u043d\u0442\u0438\u0444\u0438\u043a\u0430\u0446\u0438\u043e\u043d\u043d\u044b\u0435 \u0434\u0430\u043d\u043d\u044b\u0435 (\u0418\u043c\u044f, \u0424\u0430\u043c\u0438\u043b\u0438\u044f, \u0414\u0430\u0442\u0430 \u0440\u043e\u0436\u0434\u0435\u043d\u0438\u044f \u0438 \u0442.\u0434.)<\/p><\/li><li data-start=\"653\" data-end=\"698\"><p data-start=\"655\" data-end=\"698\">\u041a\u043e\u043d\u0442\u0430\u043a\u0442\u043d\u0430\u044f \u0438\u043d\u0444\u043e\u0440\u043c\u0430\u0446\u0438\u044f (\u0422\u0435\u043b\u0435\u0444\u043e\u043d, \u042d\u043b\u0435\u043a\u0442\u0440\u043e\u043d\u043d\u0430\u044f \u043f\u043e\u0447\u0442\u0430 \u0438 \u0442.\u0434.)<\/p><\/li><li data-start=\"699\" data-end=\"729\"><p data-start=\"701\" data-end=\"729\">\u041e\u0431\u0440\u0430\u0437\u043e\u0432\u0430\u043d\u0438\u0435 \u0438 \u043f\u0440\u043e\u0444\u0435\u0441\u0441\u0438\u043e\u043d\u0430\u043b\u044c\u043d\u0430\u044f \u0438\u043d\u0444\u043e\u0440\u043c\u0430\u0446\u0438\u044f<\/p><\/li><li data-start=\"730\" data-end=\"756\"><p data-start=\"732\" data-end=\"756\">\u041f\u043e\u0437\u0438\u0446\u0438\u044f, \u043d\u0430 \u043a\u043e\u0442\u043e\u0440\u0443\u044e \u0432\u044b \u043f\u043e\u0434\u0430\u0435\u0442\u0435 \u0437\u0430\u044f\u0432\u043a\u0443<\/p><\/li><li data-start=\"757\" data-end=\"798\"><p data-start=\"759\" data-end=\"798\">\u0418\u043d\u0444\u043e\u0440\u043c\u0430\u0446\u0438\u044f, \u0441\u043e\u0434\u0435\u0440\u0436\u0430\u0449\u0430\u044f\u0441\u044f \u0432 \u0440\u0435\u0437\u044e\u043c\u0435 \u0438 \u0434\u043e\u043f\u043e\u043b\u043d\u0438\u0442\u0435\u043b\u044c\u043d\u044b\u0445 \u0434\u043e\u043a\u0443\u043c\u0435\u043d\u0442\u0430\u0445<\/p><\/li><li data-start=\"799\" data-end=\"844\"><p data-start=\"801\" data-end=\"844\">\u0417\u0430\u043c\u0435\u0442\u043a\u0438 \u043f\u043e \u0441\u043e\u0431\u0435\u0441\u0435\u0434\u043e\u0432\u0430\u043d\u0438\u044e, \u0438\u043d\u0444\u043e\u0440\u043c\u0430\u0446\u0438\u044f \u043e \u0440\u0435\u043a\u043e\u043c\u0435\u043d\u0434\u0430\u0446\u0438\u044f\u0445 (\u043f\u0440\u0438 \u043d\u0430\u043b\u0438\u0447\u0438\u0438)<\/p><\/li><\/ul><p data-start=\"846\" data-end=\"955\"><strong data-start=\"846\" data-end=\"887\">3. \u0426\u0435\u043b\u0438 \u043e\u0431\u0440\u0430\u0431\u043e\u0442\u043a\u0438 \u043f\u0435\u0440\u0441\u043e\u043d\u0430\u043b\u044c\u043d\u044b\u0445 \u0434\u0430\u043d\u043d\u044b\u0445<\/strong><br data-start=\"887\" data-end=\"890\" \/>\u0421\u043e\u0431\u0440\u0430\u043d\u043d\u044b\u0435 \u0432\u0430\u0448\u0438 \u043f\u0435\u0440\u0441\u043e\u043d\u0430\u043b\u044c\u043d\u044b\u0435 \u0434\u0430\u043d\u043d\u044b\u0435 \u043e\u0431\u0440\u0430\u0431\u0430\u0442\u044b\u0432\u0430\u044e\u0442\u0441\u044f \u0432 \u0441\u043b\u0435\u0434\u0443\u044e\u0449\u0438\u0445 \u0446\u0435\u043b\u044f\u0445:<\/p><ul data-start=\"956\" data-end=\"1179\"><li data-start=\"956\" data-end=\"1024\"><p data-start=\"958\" data-end=\"1024\">\u041f\u0440\u043e\u0432\u0435\u0434\u0435\u043d\u0438\u0435 \u043f\u0440\u043e\u0446\u0435\u0441\u0441\u043e\u0432 \u043d\u0430\u0439\u043c\u0430 \/ \u043e\u0442\u0431\u043e\u0440\u0430 \u0438 \u0442\u0440\u0443\u0434\u043e\u0443\u0441\u0442\u0440\u043e\u0439\u0441\u0442\u0432\u0430 \u0441\u0442\u0430\u0436\u0435\u0440\u043e\u0432<\/p><\/li><li data-start=\"1025\" data-end=\"1081\"><p data-start=\"1027\" data-end=\"1081\">\u041e\u0446\u0435\u043d\u043a\u0430 \u0437\u0430\u044f\u0432\u043e\u043a \u0438 \u0443\u0441\u0442\u0430\u043d\u043e\u0432\u043b\u0435\u043d\u0438\u0435 \u0441\u0432\u044f\u0437\u0438<\/p><\/li><li data-start=\"1082\" data-end=\"1126\"><p data-start=\"1084\" data-end=\"1126\">\u0412\u044b\u043f\u043e\u043b\u043d\u0435\u043d\u0438\u0435 \u043f\u0440\u0430\u0432\u043e\u0432\u044b\u0445 \u043e\u0431\u044f\u0437\u0430\u0442\u0435\u043b\u044c\u0441\u0442\u0432<\/p><\/li><li data-start=\"1127\" data-end=\"1179\"><p data-start=\"1129\" data-end=\"1179\">\u041f\u0440\u0435\u0434\u043e\u0441\u0442\u0430\u0432\u043b\u0435\u043d\u0438\u0435 \u0438\u043d\u0444\u043e\u0440\u043c\u0430\u0446\u0438\u0438 \u0443\u043f\u043e\u043b\u043d\u043e\u043c\u043e\u0447\u0435\u043d\u043d\u044b\u043c \u043b\u0438\u0446\u0430\u043c, \u0443\u0447\u0440\u0435\u0436\u0434\u0435\u043d\u0438\u044f\u043c \u0438 \u043e\u0440\u0433\u0430\u043d\u0438\u0437\u0430\u0446\u0438\u044f\u043c<\/p><\/li><\/ul><p data-start=\"1181\" data-end=\"1277\"><strong data-start=\"1181\" data-end=\"1217\">4. \u041f\u0435\u0440\u0435\u0434\u0430\u0447\u0430 \u043f\u0435\u0440\u0441\u043e\u043d\u0430\u043b\u044c\u043d\u044b\u0445 \u0434\u0430\u043d\u043d\u044b\u0445<\/strong><br data-start=\"1217\" data-end=\"1220\" \/>\u0412\u0430\u0448\u0438 \u0434\u0430\u043d\u043d\u044b\u0435 \u0432 \u0441\u043e\u043e\u0442\u0432\u0435\u0442\u0441\u0442\u0432\u0438\u0438 \u0441 \u0443\u043a\u0430\u0437\u0430\u043d\u043d\u044b\u043c\u0438 \u0432\u044b\u0448\u0435 \u0446\u0435\u043b\u044f\u043c\u0438;<\/p><ul data-start=\"1278\" data-end=\"1470\"><li data-start=\"1278\" data-end=\"1340\"><p data-start=\"1280\" data-end=\"1340\">\u041e\u0444\u0438\u0446\u0438\u0430\u043b\u044c\u043d\u044b\u043c \u0443\u0447\u0440\u0435\u0436\u0434\u0435\u043d\u0438\u044f\u043c \u0438 \u043e\u0440\u0433\u0430\u043d\u0438\u0437\u0430\u0446\u0438\u044f\u043c \u0432 \u0440\u0430\u043c\u043a\u0430\u0445 \u043f\u0440\u0430\u0432\u043e\u0432\u044b\u0445 \u043e\u0431\u044f\u0437\u0430\u0442\u0435\u043b\u044c\u0441\u0442\u0432,<\/p><\/li><li data-start=\"1341\" data-end=\"1470\"><p data-start=\"1343\" data-end=\"1470\">\u041a\u043e\u043d\u0441\u0430\u043b\u0442\u0438\u043d\u0433\u043e\u0432\u044b\u043c \u0444\u0438\u0440\u043c\u0430\u043c, \u043e\u043a\u0430\u0437\u044b\u0432\u0430\u044e\u0449\u0438\u043c \u043f\u043e\u0434\u0434\u0435\u0440\u0436\u043a\u0443 \u0432 \u043f\u0440\u043e\u0446\u0435\u0441\u0441\u0430\u0445 \u0443\u043f\u0440\u0430\u0432\u043b\u0435\u043d\u0438\u044f \u043f\u0435\u0440\u0441\u043e\u043d\u0430\u043b\u043e\u043c<br data-start=\"1410\" data-end=\"1413\" \/>\u043c\u043e\u0433\u0443\u0442 \u043f\u0435\u0440\u0435\u0434\u0430\u0432\u0430\u0442\u044c\u0441\u044f \u0432 \u0441\u043e\u043e\u0442\u0432\u0435\u0442\u0441\u0442\u0432\u0438\u0438 \u0441\u043e \u0441\u0442\u0430\u0442\u044c\u044f\u043c\u0438 8 \u0438 9 \u0417\u0430\u043a\u043e\u043d\u0430 \u043e \u0437\u0430\u0449\u0438\u0442\u0435 \u043f\u0435\u0440\u0441\u043e\u043d\u0430\u043b\u044c\u043d\u044b\u0445 \u0434\u0430\u043d\u043d\u044b\u0445 (KVKK).<\/p><\/li><\/ul><p data-start=\"1472\" data-end=\"1758\"><strong data-start=\"1472\" data-end=\"1534\">5. \u041c\u0435\u0442\u043e\u0434 \u0441\u0431\u043e\u0440\u0430 \u0438 \u043f\u0440\u0430\u0432\u043e\u0432\u043e\u0435 \u043e\u0441\u043d\u043e\u0432\u0430\u043d\u0438\u0435 \u043e\u0431\u0440\u0430\u0431\u043e\u0442\u043a\u0438 \u0432\u0430\u0448\u0438\u0445 \u043f\u0435\u0440\u0441\u043e\u043d\u0430\u043b\u044c\u043d\u044b\u0445 \u0434\u0430\u043d\u043d\u044b\u0445<\/strong><br data-start=\"1534\" data-end=\"1537\" \/>\u0412\u0430\u0448\u0438 \u043f\u0435\u0440\u0441\u043e\u043d\u0430\u043b\u044c\u043d\u044b\u0435 \u0434\u0430\u043d\u043d\u044b\u0435 \u0441\u043e\u0431\u0438\u0440\u0430\u044e\u0442\u0441\u044f \u0447\u0435\u0440\u0435\u0437 \u043d\u0430\u0448 \u0432\u0435\u0431-\u0441\u0430\u0439\u0442, \u044d\u043b\u0435\u043a\u0442\u0440\u043e\u043d\u043d\u0443\u044e \u043f\u043e\u0447\u0442\u0443, \u0444\u043e\u0440\u043c\u044b \u0437\u0430\u044f\u0432\u043e\u043a, \u0441\u043e\u0431\u0435\u0441\u0435\u0434\u043e\u0432\u0430\u043d\u0438\u044f \u0438 \u0430\u043d\u0430\u043b\u043e\u0433\u0438\u0447\u043d\u044b\u0435 \u043a\u0430\u043d\u0430\u043b\u044b \u0432 \u044d\u043b\u0435\u043a\u0442\u0440\u043e\u043d\u043d\u043e\u0439 \u0438\u043b\u0438 \u0444\u0438\u0437\u0438\u0447\u0435\u0441\u043a\u043e\u0439 \u0441\u0440\u0435\u0434\u0435 \u0438 \u043e\u0431\u0440\u0430\u0431\u0430\u0442\u044b\u0432\u0430\u044e\u0442\u0441\u044f \u043d\u0430 \u043e\u0441\u043d\u043e\u0432\u0430\u043d\u0438\u0438 \u0441\u0442\u0430\u0442\u0435\u0439 5 \u0438 6 \u0417\u0430\u043a\u043e\u043d\u0430 \u043e \u0437\u0430\u0449\u0438\u0442\u0435 \u043f\u0435\u0440\u0441\u043e\u043d\u0430\u043b\u044c\u043d\u044b\u0445 \u0434\u0430\u043d\u043d\u044b\u0445 (KVKK).<\/p><p data-start=\"1760\" data-end=\"1895\"><strong data-start=\"1760\" data-end=\"1795\">6. \u0412\u0430\u0448\u0438 \u043f\u0440\u0430\u0432\u0430 \u0432 \u0440\u0430\u043c\u043a\u0430\u0445 \u0417\u0430\u043a\u043e\u043d\u0430 \u043e \u0437\u0430\u0449\u0438\u0442\u0435 \u043f\u0435\u0440\u0441\u043e\u043d\u0430\u043b\u044c\u043d\u044b\u0445 \u0434\u0430\u043d\u043d\u044b\u0445 (KVKK)<\/strong><br data-start=\"1795\" data-end=\"1798\" \/>\u0412 \u0441\u043e\u043e\u0442\u0432\u0435\u0442\u0441\u0442\u0432\u0438\u0438 \u0441\u043e \u0441\u0442\u0430\u0442\u044c\u0435\u0439 11 \u0417\u0430\u043a\u043e\u043d\u0430 \u043e \u0437\u0430\u0449\u0438\u0442\u0435 \u043f\u0435\u0440\u0441\u043e\u043d\u0430\u043b\u044c\u043d\u044b\u0445 \u0434\u0430\u043d\u043d\u044b\u0445 (KVKK) \u0432\u044b \u0438\u043c\u0435\u0435\u0442\u0435 \u0441\u043b\u0435\u0434\u0443\u044e\u0449\u0438\u0435 \u043f\u0440\u0430\u0432\u0430 \u0432 \u043e\u0442\u043d\u043e\u0448\u0435\u043d\u0438\u0438 \u0432\u0430\u0448\u0438\u0445 \u043f\u0435\u0440\u0441\u043e\u043d\u0430\u043b\u044c\u043d\u044b\u0445 \u0434\u0430\u043d\u043d\u044b\u0445:<\/p><ul data-start=\"1896\" data-end=\"2576\"><li data-start=\"1896\" data-end=\"1951\"><p data-start=\"1898\" data-end=\"1951\">\u0423\u0437\u043d\u0430\u0432\u0430\u0442\u044c, \u043e\u0431\u0440\u0430\u0431\u0430\u0442\u044b\u0432\u0430\u044e\u0442\u0441\u044f \u043b\u0438 \u0432\u0430\u0448\u0438 \u043f\u0435\u0440\u0441\u043e\u043d\u0430\u043b\u044c\u043d\u044b\u0435 \u0434\u0430\u043d\u043d\u044b\u0435<\/p><\/li><li data-start=\"1952\" data-end=\"1983\"><p data-start=\"1954\" data-end=\"1983\">\u0415\u0441\u043b\u0438 \u043e\u0431\u0440\u0430\u0431\u0430\u0442\u044b\u0432\u0430\u044e\u0442\u0441\u044f, \u0437\u0430\u043f\u0440\u0430\u0448\u0438\u0432\u0430\u0442\u044c \u0438\u043d\u0444\u043e\u0440\u043c\u0430\u0446\u0438\u044e \u043e\u0431 \u044d\u0442\u043e\u043c<\/p><\/li><li data-start=\"1984\" data-end=\"2056\"><p data-start=\"1986\" data-end=\"2056\">\u0423\u0437\u043d\u0430\u0432\u0430\u0442\u044c \u0446\u0435\u043b\u044c \u043e\u0431\u0440\u0430\u0431\u043e\u0442\u043a\u0438 \u0438 \u0438\u0441\u043f\u043e\u043b\u044c\u0437\u043e\u0432\u0430\u043b\u0438\u0441\u044c \u043b\u0438 \u043e\u043d\u0438 \u0432 \u0441\u043e\u043e\u0442\u0432\u0435\u0442\u0441\u0442\u0432\u0438\u0438 \u0441 \u044d\u0442\u043e\u0439 \u0446\u0435\u043b\u044c\u044e<\/p><\/li><li data-start=\"2057\" data-end=\"2124\"><p data-start=\"2059\" data-end=\"2124\">\u0417\u043d\u0430\u0442\u044c \u0442\u0440\u0435\u0442\u044c\u0438\u0445 \u043b\u0438\u0446, \u043a\u043e\u0442\u043e\u0440\u044b\u043c \u043e\u043d\u0438 \u043f\u0435\u0440\u0435\u0434\u0430\u0432\u0430\u043b\u0438\u0441\u044c \u0432\u043d\u0443\u0442\u0440\u0438 \u0441\u0442\u0440\u0430\u043d\u044b \u0438\u043b\u0438 \u0437\u0430 \u0433\u0440\u0430\u043d\u0438\u0446\u0435\u0439<\/p><\/li><li data-start=\"2125\" data-end=\"2179\"><p data-start=\"2127\" data-end=\"2179\">\u0422\u0440\u0435\u0431\u043e\u0432\u0430\u0442\u044c \u0438\u0441\u043f\u0440\u0430\u0432\u043b\u0435\u043d\u0438\u044f, \u0435\u0441\u043b\u0438 \u043e\u043d\u0438 \u043e\u0431\u0440\u0430\u0431\u043e\u0442\u0430\u043d\u044b \u043d\u0435\u043f\u043e\u043b\u043d\u043e \u0438\u043b\u0438 \u043e\u0448\u0438\u0431\u043e\u0447\u043d\u043e<\/p><\/li><li data-start=\"2180\" data-end=\"2250\"><p data-start=\"2182\" data-end=\"2250\">\u0422\u0440\u0435\u0431\u043e\u0432\u0430\u0442\u044c \u0438\u0445 \u0443\u0434\u0430\u043b\u0435\u043d\u0438\u044f \u0438\u043b\u0438 \u0443\u043d\u0438\u0447\u0442\u043e\u0436\u0435\u043d\u0438\u044f \u0432 \u0440\u0430\u043c\u043a\u0430\u0445 \u043f\u0440\u0430\u0432\u043e\u0432\u044b\u0445 \u0443\u0441\u043b\u043e\u0432\u0438\u0439<\/p><\/li><li data-start=\"2251\" data-end=\"2318\"><p data-start=\"2253\" data-end=\"2318\">Bu i\u015flemlerin aktar\u0131ld\u0131\u011f\u0131 \u00fc\u00e7\u00fcnc\u00fc ki\u015filere bildirilmesini isteme<\/p><\/li><li data-start=\"2319\" data-end=\"2466\"><p data-start=\"2321\" data-end=\"2466\">\u0412\u043e\u0437\u0440\u0430\u0436\u0430\u0442\u044c \u043f\u0440\u043e\u0442\u0438\u0432 \u0432\u043e\u0437\u043d\u0438\u043a\u043d\u043e\u0432\u0435\u043d\u0438\u044f \u0440\u0435\u0437\u0443\u043b\u044c\u0442\u0430\u0442\u0430, \u043d\u0435\u0431\u043b\u0430\u0433\u043e\u043f\u0440\u0438\u044f\u0442\u043d\u043e\u0433\u043e \u0434\u043b\u044f \u043b\u0438\u0446\u0430, \u0438\u0441\u043a\u043b\u044e\u0447\u0438\u0442\u0435\u043b\u044c\u043d\u043e \u043f\u0443\u0442\u0435\u043c \u0430\u043d\u0430\u043b\u0438\u0437\u0430 \u043e\u0431\u0440\u0430\u0431\u043e\u0442\u0430\u043d\u043d\u044b\u0445 \u0434\u0430\u043d\u043d\u044b\u0445 \u0441 \u043f\u043e\u043c\u043e\u0449\u044c\u044e \u0430\u0432\u0442\u043e\u043c\u0430\u0442\u0438\u0437\u0438\u0440\u043e\u0432\u0430\u043d\u043d\u044b\u0445 \u0441\u0438\u0441\u0442\u0435\u043c<\/p><\/li><li data-start=\"2467\" data-end=\"2576\"><p data-start=\"2469\" data-end=\"2576\">\u0422\u0440\u0435\u0431\u043e\u0432\u0430\u0442\u044c \u0432\u043e\u0437\u043c\u0435\u0449\u0435\u043d\u0438\u044f \u0443\u0449\u0435\u0440\u0431\u0430 \u0432 \u0441\u043b\u0443\u0447\u0430\u0435 \u043f\u0440\u0438\u0447\u0438\u043d\u0435\u043d\u0438\u044f \u0432\u0440\u0435\u0434\u0430 \u0438\u0437-\u0437\u0430 \u043d\u0435\u0437\u0430\u043a\u043e\u043d\u043d\u043e\u0439 \u043e\u0431\u0440\u0430\u0431\u043e\u0442\u043a\u0438 \u0434\u0430\u043d\u043d\u044b\u0445<\/p><\/li><\/ul><p data-start=\"2578\" data-end=\"2743\"><strong data-start=\"2578\" data-end=\"2604\">7. \u041e\u0431\u0440\u0430\u0449\u0435\u043d\u0438\u0435 \u0438 \u0441\u0432\u044f\u0437\u044c<\/strong><br data-start=\"2604\" data-end=\"2607\" \/>\u0415\u0441\u043b\u0438 \u0432\u044b \u0445\u043e\u0442\u0438\u0442\u0435 \u0432\u043e\u0441\u043f\u043e\u043b\u044c\u0437\u043e\u0432\u0430\u0442\u044c\u0441\u044f \u0441\u0432\u043e\u0438\u043c\u0438 \u0432\u044b\u0448\u0435\u0443\u043a\u0430\u0437\u0430\u043d\u043d\u044b\u043c\u0438 \u043f\u0440\u0430\u0432\u0430\u043c\u0438, \u0432\u044b \u043c\u043e\u0436\u0435\u0442\u0435 \u043e\u0431\u0440\u0430\u0442\u0438\u0442\u044c\u0441\u044f \u043f\u0438\u0441\u044c\u043c\u0435\u043d\u043d\u043e \u0438\u043b\u0438 <a class=\"cursor-pointer\" rel=\"noopener\" data-start=\"2795\" data-end=\"2814\">info<\/a><a class=\"cursor-pointer\" rel=\"noopener\" data-start=\"2671\" data-end=\"2690\">@kozaiskele.com<\/a> \u043f\u043e \u044d\u043b\u0435\u043a\u0442\u0440\u043e\u043d\u043d\u043e\u0439 \u043f\u043e\u0447\u0442\u0435 \u043d\u0430 \u0430\u0434\u0440\u0435\u0441.<\/p><p data-start=\"2745\" data-end=\"2846\"><strong data-start=\"2745\" data-end=\"2755\">\u0410\u0434\u0440\u0435\u0441:<\/strong> <a href=\"https:\/\/maps.app.goo.gl\/RU8KoR6By1qrUkrB6\" target=\"_blank\" rel=\"noopener\">\u0414\u0436\u0443\u043c\u0430\u043a\u0451\u0439, \u0443\u043b\u0438\u0446\u0430 3340, \u2116 12, 41400 \u0413\u0435\u0431\u0437\u0435\/\u041a\u043e\u0434\u0436\u0430\u044d\u043b\u0438<\/a><br data-start=\"2779\" data-end=\"2782\" \/><strong data-start=\"2782\" data-end=\"2794\">\u042d\u043b. \u043f\u043e\u0447\u0442\u0430:<\/strong> <a class=\"cursor-pointer\" rel=\"noopener\" data-start=\"2795\" data-end=\"2814\">info@kozaiskele.com<\/a><br data-start=\"2814\" data-end=\"2817\" \/><strong data-start=\"2817\" data-end=\"2829\">\u0422\u0435\u043b\u0435\u0444\u043e\u043d:<\/strong> [+90 262 606 00 95]<\/p>\t\t\t\t\t\t\t\t<\/div>\n\t\t\t\t<\/div>\n\t\t\t\t\t<\/div>\n\t\t\t\t<\/div>\n\t\t\t\t<\/div>","protected":false},"excerpt":{"rendered":"<p>KOZA \u0130SKELE \u2013 K\u0130\u015e\u0130SEL VER\u0130LER\u0130N KORUNMASI AYDINLATMA METN\u0130 1. Veri SorumlusuBu ayd\u0131nlatma metni, 6698 say\u0131l\u0131 Ki\u015fisel Verilerin Korunmas\u0131 Kanunu (\u201cKVKK\u201d) uyar\u0131nca, Koza \u0130skele Sanayi ve Ticaret Ltd. taraf\u0131ndan i\u015f ba\u015fvurusu ve staj ba\u015fvurusu s\u00fcre\u00e7lerinde elde edilen ki\u015fisel verilerin i\u015flenmesine ili\u015fkin olarak haz\u0131rlanm\u0131\u015ft\u0131r. 2. \u0130\u015flenen Ki\u015fisel VerilerBa\u015fvuru s\u00fcrecinde a\u015fa\u011f\u0131daki ki\u015fisel verileriniz i\u015flenmektedir: Kimlik Bilgileri (Ad, Soyad, [&hellip;]<\/p>","protected":false},"author":1,"featured_media":0,"parent":0,"menu_order":0,"comment_status":"closed","ping_status":"closed","template":"elementor_header_footer","meta":{"footnotes":""},"class_list":["post-179","page","type-page","status-publish","hentry"],"_links":{"self":[{"href":"https:\/\/kozaiskele.com\/ru\/wp-json\/wp\/v2\/pages\/179","targetHints":{"allow":["GET"]}}],"collection":[{"href":"https:\/\/kozaiskele.com\/ru\/wp-json\/wp\/v2\/pages"}],"about":[{"href":"https:\/\/kozaiskele.com\/ru\/wp-json\/wp\/v2\/types\/page"}],"author":[{"embeddable":true,"href":"https:\/\/kozaiskele.com\/ru\/wp-json\/wp\/v2\/users\/1"}],"replies":[{"embeddable":true,"href":"https:\/\/kozaiskele.com\/ru\/wp-json\/wp\/v2\/comments?post=179"}],"version-history":[{"count":0,"href":"https:\/\/kozaiskele.com\/ru\/wp-json\/wp\/v2\/pages\/179\/revisions"}],"wp:attachment":[{"href":"https:\/\/kozaiskele.com\/ru\/wp-json\/wp\/v2\/media?parent=179"}],"curies":[{"name":"wp","href":"https:\/\/api.w.org\/{rel}","templated":true}]}}