{"id":207,"date":"2025-07-01T04:49:22","date_gmt":"2025-07-01T01:49:22","guid":{"rendered":"https:\/\/kozaiskele.com\/?page_id=207"},"modified":"2025-07-12T23:56:58","modified_gmt":"2025-07-12T20:56:58","slug":"insan-kaynaklari-politikasi","status":"publish","type":"page","link":"https:\/\/kozaiskele.com\/es\/politica-de-recursos-humanos\/","title":{"rendered":"Pol\u00edtica de Recursos Humanos"},"content":{"rendered":"<div data-elementor-type=\"wp-page\" data-elementor-id=\"207\" class=\"elementor elementor-207\" data-elementor-post-type=\"page\">\n\t\t\t\t<div class=\"elementor-element elementor-element-539c830 e-con-full e-flex e-con e-parent\" data-id=\"539c830\" data-element_type=\"container\">\n\t\t\t\t<div class=\"elementor-element elementor-element-27dde1a elementor-widget elementor-widget-template\" data-id=\"27dde1a\" data-element_type=\"widget\" data-widget_type=\"template.default\">\n\t\t\t\t<div class=\"elementor-widget-container\">\n\t\t\t\t\t\t\t<div class=\"elementor-template\">\n\t\t\t\t\t<div data-elementor-type=\"section\" data-elementor-id=\"140\" class=\"elementor elementor-140\" data-elementor-post-type=\"elementor_library\">\n\t\t\t\t\t<section class=\"elementor-section elementor-top-section elementor-element elementor-element-6b9f365c elementor-section-boxed elementor-section-height-default elementor-section-height-default\" data-id=\"6b9f365c\" data-element_type=\"section\" data-settings=\"{&quot;background_background&quot;:&quot;classic&quot;}\">\n\t\t\t\t\t\t\t<div class=\"elementor-background-overlay\"><\/div>\n\t\t\t\t\t\t\t<div class=\"elementor-container elementor-column-gap-default\">\n\t\t\t\t\t<div class=\"elementor-column elementor-col-100 elementor-top-column elementor-element elementor-element-1109f006\" data-id=\"1109f006\" data-element_type=\"column\">\n\t\t\t<div class=\"elementor-widget-wrap elementor-element-populated\">\n\t\t\t\t\t\t<div class=\"elementor-element elementor-element-136e7698 elementor-icon-list--layout-inline elementor-align-left elementor-widget__width-auto elementor-list-item-link-full_width elementor-invisible elementor-widget elementor-widget-icon-list\" data-id=\"136e7698\" data-element_type=\"widget\" data-settings=\"{&quot;_animation&quot;:&quot;fadeInDown&quot;}\" data-widget_type=\"icon-list.default\">\n\t\t\t\t<div class=\"elementor-widget-container\">\n\t\t\t\t\t\t\t<ul class=\"elementor-icon-list-items elementor-inline-items\">\n\t\t\t\t\t\t\t<li class=\"elementor-icon-list-item elementor-inline-item\">\n\t\t\t\t\t\t\t\t\t\t\t<a href=\"\/es\/\">\n\n\t\t\t\t\t\t\t\t\t\t\t<span class=\"elementor-icon-list-text\">Inicio \/<\/span>\n\t\t\t\t\t\t\t\t\t\t\t<\/a>\n\t\t\t\t\t\t\t\t\t<\/li>\n\t\t\t\t\t\t<\/ul>\n\t\t\t\t\t\t<\/div>\n\t\t\t\t<\/div>\n\t\t\t\t\t<\/div>\n\t\t<\/div>\n\t\t\t\t\t<\/div>\n\t\t<\/section>\n\t\t\t\t<\/div>\n\t\t\t\t<\/div>\n\t\t\t\t\t\t<\/div>\n\t\t\t\t<\/div>\n\t\t\t\t<\/div>\n\t\t<div class=\"elementor-element elementor-element-5cc299d e-flex e-con-boxed e-con e-parent\" data-id=\"5cc299d\" data-element_type=\"container\">\n\t\t\t\t\t<div class=\"e-con-inner\">\n\t\t<div class=\"elementor-element elementor-element-2f79595 e-con-full e-flex e-con e-child\" data-id=\"2f79595\" data-element_type=\"container\">\n\t\t\t\t<div class=\"elementor-element elementor-element-7d77aea elementor-position-left elementor-view-default elementor-mobile-position-top elementor-widget elementor-widget-icon-box\" data-id=\"7d77aea\" data-element_type=\"widget\" data-widget_type=\"icon-box.default\">\n\t\t\t\t<div class=\"elementor-widget-container\">\n\t\t\t\t\t\t\t<div class=\"elementor-icon-box-wrapper\">\n\n\t\t\t\t\t\t<div class=\"elementor-icon-box-icon\">\n\t\t\t\t<span  class=\"elementor-icon\">\n\t\t\t\t<i aria-hidden=\"true\" class=\"icon icon-star\"><\/i>\t\t\t\t<\/span>\n\t\t\t<\/div>\n\t\t\t\n\t\t\t\t\t\t<div class=\"elementor-icon-box-content\">\n\n\t\t\t\t\t\t\t\t\t<h3 class=\"elementor-icon-box-title\">\n\t\t\t\t\t\t<span  >\n\t\t\t\t\t\t\tNuestros Principios Fundamentales:\t\t\t\t\t\t<\/span>\n\t\t\t\t\t<\/h3>\n\t\t\t\t\n\t\t\t\t\n\t\t\t<\/div>\n\t\t\t\n\t\t<\/div>\n\t\t\t\t\t\t<\/div>\n\t\t\t\t<\/div>\n\t\t\t\t<div class=\"elementor-element elementor-element-83d70dd elementor-widget elementor-widget-text-editor\" data-id=\"83d70dd\" data-element_type=\"widget\" data-widget_type=\"text-editor.default\">\n\t\t\t\t<div class=\"elementor-widget-container\">\n\t\t\t\t\t\t\t\t\t<ul><li><strong>La persona correcta para el trabajo correcto<\/strong> principio de incorporar candidatos adecuados a nuestro equipo seg\u00fan sus calificaciones y competencias<\/li><li>En los procesos de contrataci\u00f3n, promoci\u00f3n y otros procesos de RRHH <strong data-start=\"796\" data-end=\"820\">el principio de igualdad de oportunidades<\/strong> observar<\/li><li><p>Para todos nuestros empleados <strong>justa, transparente e inclusiva<\/strong> adoptar un enfoque de gesti\u00f3n<\/p><\/li><li><p>Fomentando el trabajo en equipo, <strong>apoyando la comunicaci\u00f3n abierta<\/strong> crear una cultura institucional<\/p><\/li><li><p>Apoyar el conocimiento, las habilidades y el desarrollo personal de nuestros empleados <strong>oportunidades de formaci\u00f3n y desarrollo<\/strong> ofrecer<\/p><\/li><li><p><strong>Salud y seguridad laboral<\/strong> cumplir escrupulosamente todas las obligaciones legales, especialmente<\/p><\/li><\/ul>\t\t\t\t\t\t\t\t<\/div>\n\t\t\t\t<\/div>\n\t\t\t\t<div class=\"elementor-element elementor-element-dbaf412 elementor-widget elementor-widget-image\" data-id=\"dbaf412\" data-element_type=\"widget\" data-widget_type=\"image.default\">\n\t\t\t\t<div class=\"elementor-widget-container\">\n\t\t\t\t\t\t\t\t\t\t\t\t\t\t\t\t<a href=\"\/es\/\">\n\t\t\t\t\t\t\t<img fetchpriority=\"high\" decoding=\"async\" width=\"506\" height=\"319\" src=\"https:\/\/kozaiskele.com\/img\/2025\/06\/logo-kozaiskele.webp\" class=\"attachment-full size-full wp-image-26\" alt=\"\" srcset=\"https:\/\/kozaiskele.com\/img\/2025\/06\/logo-kozaiskele.webp 506w, https:\/\/kozaiskele.com\/img\/2025\/06\/logo-kozaiskele-300x189.webp 300w\" sizes=\"(max-width: 506px) 100vw, 506px\" \/>\t\t\t\t\t\t\t\t<\/a>\n\t\t\t\t\t\t\t\t\t\t\t\t\t\t\t<\/div>\n\t\t\t\t<\/div>\n\t\t\t\t<\/div>\n\t\t<div class=\"elementor-element elementor-element-7eed585 e-con-full e-flex e-con e-child\" data-id=\"7eed585\" data-element_type=\"container\">\n\t\t\t\t<div class=\"elementor-element elementor-element-ca23ddd elementor-widget elementor-widget-text-editor\" data-id=\"ca23ddd\" data-element_type=\"widget\" data-widget_type=\"text-editor.default\">\n\t\t\t\t<div class=\"elementor-widget-container\">\n\t\t\t\t\t\t\t\t\t<h3>Desarrollo y Carrera:<\/h3><p>Es nuestra prioridad contribuir al desarrollo individual de nuestros empleados y prepararlos para el futuro. En este contexto, apoyamos el desarrollo continuo con mecanismos regulares de retroalimentaci\u00f3n, sistemas de evaluaci\u00f3n del desempe\u00f1o y planificaci\u00f3n de carrera basada en competencias.<\/p>\t\t\t\t\t\t\t\t<\/div>\n\t\t\t\t<\/div>\n\t\t\t\t<div class=\"elementor-element elementor-element-8853d41 elementor-widget elementor-widget-text-editor\" data-id=\"8853d41\" data-element_type=\"widget\" data-widget_type=\"text-editor.default\">\n\t\t\t\t<div class=\"elementor-widget-container\">\n\t\t\t\t\t\t\t\t\t<p><b>KOZA \u0130SKELE, dentro de este marco de comprensi\u00f3n fundamental;<\/b><\/p><ul><li aria-level=\"1\">Prioriza el m\u00e9rito sin discriminar por g\u00e9nero, creencia religiosa, idioma, raza, origen \u00e9tnico, edad, discapacidad y condici\u00f3n de refugiado, garantizando la igualdad de oportunidades en el proceso de contrataci\u00f3n.<\/li><li aria-level=\"1\">Mejora los est\u00e1ndares laborales en el proceso de la cadena de valor; determina una distribuci\u00f3n justa del trabajo y los salarios.<\/li><li aria-level=\"1\">Sigue una pol\u00edtica de gesti\u00f3n transparente y abierta para una interacci\u00f3n confiable y efectiva con sus empleados.<\/li><li aria-level=\"1\">Organiza las formaciones necesarias y toma medidas en materia de salud y seguridad laboral.<\/li><li aria-level=\"1\">Protege los datos personales de los empleados.<\/li><li aria-level=\"1\">Eval\u00faa el desempe\u00f1o individual y del equipo con procesos de mejora continua; recompensa el \u00e9xito.<\/li><li aria-level=\"1\">Realiza una evaluaci\u00f3n de riesgos para reducir y eliminar el riesgo de accidentes laborales y enfermedades profesionales en el lugar de trabajo.\u00a0<\/li><li aria-level=\"1\">Organiza trabajos dentro del \u00e1mbito de la responsabilidad social con proyectos en beneficio de la sociedad.<\/li><li aria-level=\"1\">Sensible a los factores ambientales y sociales; considera especialmente a los grupos de bajos ingresos y a las mujeres en igualdad de oportunidades.<\/li><\/ul>\t\t\t\t\t\t\t\t<\/div>\n\t\t\t\t<\/div>\n\t\t\t\t<\/div>\n\t\t\t\t\t<\/div>\n\t\t\t\t<\/div>\n\t\t<div class=\"elementor-element elementor-element-c7f744d e-flex e-con-boxed e-con e-parent\" data-id=\"c7f744d\" data-element_type=\"container\">\n\t\t\t\t\t<div class=\"e-con-inner\">\n\t\t\t\t<div class=\"elementor-element elementor-element-1abcd83 elementor-widget elementor-widget-text-editor\" data-id=\"1abcd83\" data-element_type=\"widget\" data-widget_type=\"text-editor.default\">\n\t\t\t\t<div class=\"elementor-widget-container\">\n\t\t\t\t\t\t\t\t\t<p><strong>Como Koza \u0130skele, nuestro objetivo es formar nuestro recurso humano con individuos que creen en nuestros valores, est\u00e9n abiertos al desarrollo y tengan esp\u00edritu de equipo.<\/strong><br \/>Trabajamos para construir el \u00e9xito juntos.<\/p>\t\t\t\t\t\t\t\t<\/div>\n\t\t\t\t<\/div>\n\t\t\t\t\t<\/div>\n\t\t\t\t<\/div>\n\t\t<div class=\"elementor-element elementor-element-997caf5 e-flex e-con-boxed e-con e-parent\" data-id=\"997caf5\" data-element_type=\"container\">\n\t\t\t\t\t<div class=\"e-con-inner\">\n\t\t<div class=\"elementor-element elementor-element-f728489 e-con-full e-flex e-con e-child\" data-id=\"f728489\" data-element_type=\"container\">\n\t\t\t\t<div class=\"elementor-element elementor-element-4985cf8 elementor-align-justify elementor-widget elementor-widget-button\" data-id=\"4985cf8\" data-element_type=\"widget\" data-widget_type=\"button.default\">\n\t\t\t\t<div class=\"elementor-widget-container\">\n\t\t\t\t\t\t\t\t\t<div class=\"elementor-button-wrapper\">\n\t\t\t\t\t<a class=\"elementor-button elementor-button-link elementor-size-sm\" href=\"https:\/\/kozaiskele.com\/es\/solicitud-de-empleo\/\">\n\t\t\t\t\t\t<span class=\"elementor-button-content-wrapper\">\n\t\t\t\t\t\t\t\t\t<span class=\"elementor-button-text\">Solicitud de empleo<\/span>\n\t\t\t\t\t<\/span>\n\t\t\t\t\t<\/a>\n\t\t\t\t<\/div>\n\t\t\t\t\t\t\t\t<\/div>\n\t\t\t\t<\/div>\n\t\t\t\t<\/div>\n\t\t<div class=\"elementor-element elementor-element-11c1a0f e-con-full e-flex e-con e-child\" data-id=\"11c1a0f\" data-element_type=\"container\">\n\t\t\t\t<div class=\"elementor-element elementor-element-abb2518 elementor-align-justify elementor-widget elementor-widget-button\" data-id=\"abb2518\" data-element_type=\"widget\" data-widget_type=\"button.default\">\n\t\t\t\t<div class=\"elementor-widget-container\">\n\t\t\t\t\t\t\t\t\t<div class=\"elementor-button-wrapper\">\n\t\t\t\t\t<a class=\"elementor-button elementor-button-link elementor-size-sm\" href=\"https:\/\/kozaiskele.com\/es\/solicitud-de-practicas\/\">\n\t\t\t\t\t\t<span class=\"elementor-button-content-wrapper\">\n\t\t\t\t\t\t\t\t\t<span class=\"elementor-button-text\">Solicitud de pr\u00e1cticas<\/span>\n\t\t\t\t\t<\/span>\n\t\t\t\t\t<\/a>\n\t\t\t\t<\/div>\n\t\t\t\t\t\t\t\t<\/div>\n\t\t\t\t<\/div>\n\t\t\t\t<\/div>\n\t\t\t\t\t<\/div>\n\t\t\t\t<\/div>\n\t\t\t\t<\/div>","protected":false},"excerpt":{"rendered":"<p>Temel \u0130lkelerimiz: Do\u011fru i\u015fe do\u011fru insan prensibiyle, niteliklerine ve yetkinliklerine uygun adaylar\u0131 ekibimize kazand\u0131rmak \u0130\u015fe al\u0131m, terfi ve di\u011fer \u0130K s\u00fcre\u00e7lerinde e\u015fit f\u0131rsat ilkesini g\u00f6zetmek T\u00fcm \u00e7al\u0131\u015fanlar\u0131m\u0131z i\u00e7in adil, \u015feffaf ve kapsay\u0131c\u0131 bir y\u00f6netim anlay\u0131\u015f\u0131 benimsemek Tak\u0131m \u00e7al\u0131\u015fmas\u0131n\u0131 te\u015fvik eden, a\u00e7\u0131k ileti\u015fimi destekleyen bir kurum k\u00fclt\u00fcr\u00fc olu\u015fturmak \u00c7al\u0131\u015fanlar\u0131m\u0131z\u0131n bilgi, beceri ve ki\u015fisel geli\u015fimlerini destekleyecek e\u011fitim [&hellip;]<\/p>","protected":false},"author":1,"featured_media":0,"parent":0,"menu_order":0,"comment_status":"closed","ping_status":"closed","template":"elementor_header_footer","meta":{"footnotes":""},"class_list":["post-207","page","type-page","status-publish","hentry"],"_links":{"self":[{"href":"https:\/\/kozaiskele.com\/es\/wp-json\/wp\/v2\/pages\/207","targetHints":{"allow":["GET"]}}],"collection":[{"href":"https:\/\/kozaiskele.com\/es\/wp-json\/wp\/v2\/pages"}],"about":[{"href":"https:\/\/kozaiskele.com\/es\/wp-json\/wp\/v2\/types\/page"}],"author":[{"embeddable":true,"href":"https:\/\/kozaiskele.com\/es\/wp-json\/wp\/v2\/users\/1"}],"replies":[{"embeddable":true,"href":"https:\/\/kozaiskele.com\/es\/wp-json\/wp\/v2\/comments?post=207"}],"version-history":[{"count":0,"href":"https:\/\/kozaiskele.com\/es\/wp-json\/wp\/v2\/pages\/207\/revisions"}],"wp:attachment":[{"href":"https:\/\/kozaiskele.com\/es\/wp-json\/wp\/v2\/media?parent=207"}],"curies":[{"name":"wp","href":"https:\/\/api.w.org\/{rel}","templated":true}]}}