{"id":583,"date":"2025-07-12T01:05:03","date_gmt":"2025-07-11T22:05:03","guid":{"rendered":"https:\/\/kozaiskele.com\/?page_id=583"},"modified":"2025-09-18T21:22:57","modified_gmt":"2025-09-18T18:22:57","slug":"ar-ge-ve-muhendislik","status":"publish","type":"page","link":"https:\/\/kozaiskele.com\/en\/rnd-and-engineering\/","title":{"rendered":"R&amp;D and Engineering"},"content":{"rendered":"<div data-elementor-type=\"wp-page\" data-elementor-id=\"583\" class=\"elementor elementor-583\" data-elementor-post-type=\"page\">\n\t\t\t\t<div class=\"elementor-element elementor-element-539c830 e-con-full e-flex e-con e-parent\" data-id=\"539c830\" data-element_type=\"container\" data-settings=\"{&quot;background_background&quot;:&quot;slideshow&quot;,&quot;background_slideshow_gallery&quot;:[{&quot;id&quot;:914,&quot;url&quot;:&quot;https:\\\/\\\/kozaiskele.com\\\/img\\\/2025\\\/07\\\/koza-iskele-img_1194.webp&quot;},{&quot;id&quot;:912,&quot;url&quot;:&quot;https:\\\/\\\/kozaiskele.com\\\/img\\\/2025\\\/07\\\/koza-iskele-img_1189.webp&quot;}],&quot;background_slideshow_loop&quot;:&quot;yes&quot;,&quot;background_slideshow_slide_duration&quot;:5000,&quot;background_slideshow_slide_transition&quot;:&quot;fade&quot;,&quot;background_slideshow_transition_duration&quot;:500}\">\n\t\t\t\t<div class=\"elementor-element elementor-element-d749065 elementor-invisible elementor-widget elementor-widget-heading\" data-id=\"d749065\" data-element_type=\"widget\" data-settings=\"{&quot;_animation&quot;:&quot;fadeInUp&quot;}\" data-widget_type=\"heading.default\">\n\t\t\t\t<div class=\"elementor-widget-container\">\n\t\t\t\t\t<h2 class=\"elementor-heading-title elementor-size-default\">Innovative Solutions, Engineering Power<\/h2>\t\t\t\t<\/div>\n\t\t\t\t<\/div>\n\t\t\t\t<div class=\"elementor-element elementor-element-bafc674 elementor-widget elementor-widget-heading\" data-id=\"bafc674\" data-element_type=\"widget\" data-widget_type=\"heading.default\">\n\t\t\t\t<div class=\"elementor-widget-container\">\n\t\t\t\t\t<h4 class=\"elementor-heading-title elementor-size-default\">As Koza \u0130skele, we focus not only on production but also on design, development and engineering solutions. We have established an infrastructure that continuously develops with our R&amp;D investments and offers customized solutions to customer needs<\/h4>\t\t\t\t<\/div>\n\t\t\t\t<\/div>\n\t\t\t\t<div class=\"elementor-element elementor-element-6a43933 elementor-widget elementor-widget-template\" data-id=\"6a43933\" data-element_type=\"widget\" data-widget_type=\"template.default\">\n\t\t\t\t<div class=\"elementor-widget-container\">\n\t\t\t\t\t\t\t<div class=\"elementor-template\">\n\t\t\t\t\t<div data-elementor-type=\"section\" data-elementor-id=\"1840\" class=\"elementor elementor-1840\" data-elementor-post-type=\"elementor_library\">\n\t\t\t<div class=\"elementor-element elementor-element-ead74d9 e-con-full e-flex e-con e-parent\" data-id=\"ead74d9\" data-element_type=\"container\">\n\t\t<div class=\"elementor-element elementor-element-b29d8ea e-con-full e-flex e-con e-child\" data-id=\"b29d8ea\" data-element_type=\"container\">\n\t\t\t\t<div class=\"elementor-element elementor-element-44b975f elementor-align-justify elementor-widget elementor-widget-button\" data-id=\"44b975f\" data-element_type=\"widget\" data-widget_type=\"button.default\">\n\t\t\t\t<div class=\"elementor-widget-container\">\n\t\t\t\t\t\t\t\t\t<div class=\"elementor-button-wrapper\">\n\t\t\t\t\t<a class=\"elementor-button elementor-button-link elementor-size-sm\" href=\"#arrows\">\n\t\t\t\t\t\t<span class=\"elementor-button-content-wrapper\">\n\t\t\t\t\t\t<span class=\"elementor-button-icon\">\n\t\t\t\t<i aria-hidden=\"true\" class=\"icon icon-down-arrow1\"><\/i>\t\t\t<\/span>\n\t\t\t\t\t\t\t\t\t<span class=\"elementor-button-text\">Review the Product<\/span>\n\t\t\t\t\t<\/span>\n\t\t\t\t\t<\/a>\n\t\t\t\t<\/div>\n\t\t\t\t\t\t\t\t<\/div>\n\t\t\t\t<\/div>\n\t\t\t\t<div class=\"elementor-element elementor-element-41e86d6 elementor-align-justify elementor-widget elementor-widget-button\" data-id=\"41e86d6\" data-element_type=\"widget\" data-widget_type=\"button.default\">\n\t\t\t\t<div class=\"elementor-widget-container\">\n\t\t\t\t\t\t\t\t\t<div class=\"elementor-button-wrapper\">\n\t\t\t\t\t<a class=\"elementor-button elementor-button-link elementor-size-sm\" href=\"#elementor-action:action=popup:open&settings=eyJpZCI6IjE4ODIiLCJ0b2dnbGUiOmZhbHNlfQ==\">\n\t\t\t\t\t\t<span class=\"elementor-button-content-wrapper\">\n\t\t\t\t\t\t<span class=\"elementor-button-icon\">\n\t\t\t\t<svg aria-hidden=\"true\" class=\"e-font-icon-svg e-fab-wpforms\" viewbox=\"0 0 448 512\" xmlns=\"http:\/\/www.w3.org\/2000\/svg\"><path d=\"M448 75.2v361.7c0 24.3-19 43.2-43.2 43.2H43.2C19.3 480 0 461.4 0 436.8V75.2C0 51.1 18.8 32 43.2 32h361.7c24 0 43.1 18.8 43.1 43.2zm-37.3 361.6V75.2c0-3-2.6-5.8-5.8-5.8h-9.3L285.3 144 224 94.1 162.8 144 52.5 69.3h-9.3c-3.2 0-5.8 2.8-5.8 5.8v361.7c0 3 2.6 5.8 5.8 5.8h361.7c3.2.1 5.8-2.7 5.8-5.8zM150.2 186v37H76.7v-37h73.5zm0 74.4v37.3H76.7v-37.3h73.5zm11.1-147.3l54-43.7H96.8l64.5 43.7zm210 72.9v37h-196v-37h196zm0 74.4v37.3h-196v-37.3h196zm-84.6-147.3l64.5-43.7H232.8l53.9 43.7zM371.3 335v37.3h-99.4V335h99.4z\"><\/path><\/svg>\t\t\t<\/span>\n\t\t\t\t\t\t\t\t\t<span class=\"elementor-button-text\">Quotation Form<\/span>\n\t\t\t\t\t<\/span>\n\t\t\t\t\t<\/a>\n\t\t\t\t<\/div>\n\t\t\t\t\t\t\t\t<\/div>\n\t\t\t\t<\/div>\n\t\t\t\t<div class=\"elementor-element elementor-element-bad3d17 elementor-align-justify elementor-widget elementor-widget-button\" data-id=\"bad3d17\" data-element_type=\"widget\" data-widget_type=\"button.default\">\n\t\t\t\t<div class=\"elementor-widget-container\">\n\t\t\t\t\t\t\t\t\t<div class=\"elementor-button-wrapper\">\n\t\t\t\t\t<a class=\"elementor-button elementor-button-link elementor-size-sm\" href=\"https:\/\/kozaiskele.com\/en\/contact\/\">\n\t\t\t\t\t\t<span class=\"elementor-button-content-wrapper\">\n\t\t\t\t\t\t<span class=\"elementor-button-icon\">\n\t\t\t\t<svg aria-hidden=\"true\" class=\"e-font-icon-svg e-fas-headphones-alt\" viewbox=\"0 0 512 512\" xmlns=\"http:\/\/www.w3.org\/2000\/svg\"><path d=\"M160 288h-16c-35.35 0-64 28.7-64 64.12v63.76c0 35.41 28.65 64.12 64 64.12h16c17.67 0 32-14.36 32-32.06V320.06c0-17.71-14.33-32.06-32-32.06zm208 0h-16c-17.67 0-32 14.35-32 32.06v127.88c0 17.7 14.33 32.06 32 32.06h16c35.35 0 64-28.71 64-64.12v-63.76c0-35.41-28.65-64.12-64-64.12zM256 32C112.91 32 4.57 151.13 0 288v112c0 8.84 7.16 16 16 16h16c8.84 0 16-7.16 16-16V288c0-114.67 93.33-207.8 208-207.82 114.67.02 208 93.15 208 207.82v112c0 8.84 7.16 16 16 16h16c8.84 0 16-7.16 16-16V288C507.43 151.13 399.09 32 256 32z\"><\/path><\/svg>\t\t\t<\/span>\n\t\t\t\t\t\t\t\t\t<span class=\"elementor-button-text\">Contact Form<\/span>\n\t\t\t\t\t<\/span>\n\t\t\t\t\t<\/a>\n\t\t\t\t<\/div>\n\t\t\t\t\t\t\t\t<\/div>\n\t\t\t\t<\/div>\n\t\t\t\t<\/div>\n\t\t\t\t<\/div>\n\t\t\t\t<\/div>\n\t\t\t\t<\/div>\n\t\t\t\t\t\t<\/div>\n\t\t\t\t<\/div>\n\t\t\t\t<\/div>\n\t\t\t\t<section class=\"elementor-section elementor-top-section elementor-element elementor-element-2cfb737 elementor-section-content-middle elementor-section-boxed elementor-section-height-default elementor-section-height-default\" data-id=\"2cfb737\" data-element_type=\"section\" data-settings=\"{&quot;background_background&quot;:&quot;classic&quot;}\">\n\t\t\t\t\t\t\t<div class=\"elementor-background-overlay\"><\/div>\n\t\t\t\t\t\t\t<div class=\"elementor-container elementor-column-gap-default\">\n\t\t\t\t\t<div class=\"elementor-column elementor-col-50 elementor-top-column elementor-element elementor-element-a47bed3 elementor-invisible\" data-id=\"a47bed3\" data-element_type=\"column\" data-settings=\"{&quot;animation&quot;:&quot;fadeInLeft&quot;}\">\n\t\t\t<div class=\"elementor-widget-wrap elementor-element-populated\">\n\t\t\t\t\t\t<div class=\"elementor-element elementor-element-f7cedcf elementor-widget elementor-widget-heading\" data-id=\"f7cedcf\" data-element_type=\"widget\" data-widget_type=\"heading.default\">\n\t\t\t\t<div class=\"elementor-widget-container\">\n\t\t\t\t\t<h2 class=\"elementor-heading-title elementor-size-default\">Our R&amp;D Processes<\/h2>\t\t\t\t<\/div>\n\t\t\t\t<\/div>\n\t\t\t\t<div class=\"elementor-element elementor-element-db99362 elementor-widget elementor-widget-text-editor\" data-id=\"db99362\" data-element_type=\"widget\" data-widget_type=\"text-editor.default\">\n\t\t\t\t<div class=\"elementor-widget-container\">\n\t\t\t\t\t\t\t\t\t<p><strong>Initial and Needs Analysis<\/strong><br \/>Her proje, m\u00fc\u015fterimizin ihtiya\u00e7lar\u0131n\u0131 anlamakla ba\u015flar. \u0130htiya\u00e7 analizi, sadece proje gereksinimlerini belirlemekle kalmaz, ayn\u0131 zamanda in\u015faat sahas\u0131nda kar\u015f\u0131la\u015f\u0131lan olas\u0131 zorluklar\u0131 da g\u00f6z \u00f6n\u00fcnde bulundurur. Bu a\u015fama, Koza \u0130skele\u2019nin m\u00fchendislik ekibinin sahada edindi\u011fi tecr\u00fcbeleri ve sekt\u00f6rel bilgilerini kullanarak, en verimli \u00e7\u00f6z\u00fcm\u00fc sunmaya y\u00f6nelik at\u0131lm\u0131\u015f ilk ad\u0131md\u0131r.<\/p><p><strong>Design and Engineering Studies<\/strong><br \/>After needs are determined, our engineering team creates the basic design of scaffolding systems by making detailed technical drawings and calculations. Using world-standard software such as AutoCAD, SolidWorks and Tekla Structures, the design process is verified from all aspects. Elements such as load carrying capacities, stability, safety measures and ease of use are calculated down to the finest detail.<\/p><p><strong>Prototyping and Testing Phase<\/strong><br \/>After the design phase, realistic prototypes are produced and tested. Each prototype undergoes performance tests according to determined standards. Considering criteria such as durability, safety, ergonomics and efficiency, how the product will perform under real construction site conditions is simulated.<\/p><p><strong>Production and Application<\/strong><br \/>Designs that successfully pass prototype tests are subjected to quality control tests before mass production. Koza \u0130skele conducts continuous inspections to ensure the highest quality in the production process. The production phase is carried out with state-of-the-art machines and experienced operators, thus ensuring every product is standard-compliant and reliable.<\/p><p><strong>Continuous Innovation and Development<\/strong><br \/>Koza \u0130skele\u2019nin AR-GE departman\u0131, her zaman geli\u015fmeye ve yeniliklere a\u00e7\u0131k bir yakla\u015f\u0131mla \u00e7al\u0131\u015f\u0131r. Yeni malzeme kullan\u0131m\u0131, \u00fcretim teknikleri ve yenilik\u00e7i tasar\u0131mlar \u00fczerinde s\u00fcrekli olarak \u00e7al\u0131\u015f\u0131r\u0131z. M\u00fc\u015fteri geri bildirimleri ve sekt\u00f6rdeki geli\u015fmeler do\u011frultusunda, mevcut \u00fcr\u00fcnlerimizi iyile\u015ftirirken ayn\u0131 zamanda yeni \u00fcr\u00fcnler de geli\u015ftiriyoruz.<\/p>\t\t\t\t\t\t\t\t<\/div>\n\t\t\t\t<\/div>\n\t\t\t\t\t<\/div>\n\t\t<\/div>\n\t\t\t\t<div class=\"elementor-column elementor-col-50 elementor-top-column elementor-element elementor-element-5e608f2 elementor-invisible\" data-id=\"5e608f2\" data-element_type=\"column\" data-settings=\"{&quot;animation&quot;:&quot;fadeInRight&quot;,&quot;background_background&quot;:&quot;classic&quot;}\">\n\t\t\t<div class=\"elementor-widget-wrap\">\n\t\t\t\t\t\t\t<\/div>\n\t\t<\/div>\n\t\t\t\t\t<\/div>\n\t\t<\/section>\n\t\t\t\t<section class=\"elementor-section elementor-top-section elementor-element elementor-element-9015239 elementor-section-content-middle elementor-section-boxed elementor-section-height-default elementor-section-height-default\" data-id=\"9015239\" data-element_type=\"section\" data-settings=\"{&quot;background_background&quot;:&quot;classic&quot;}\">\n\t\t\t\t\t\t\t<div class=\"elementor-background-overlay\"><\/div>\n\t\t\t\t\t\t\t<div class=\"elementor-container elementor-column-gap-default\">\n\t\t\t\t\t<div class=\"elementor-column elementor-col-50 elementor-top-column elementor-element elementor-element-75ebe98 elementor-invisible\" data-id=\"75ebe98\" data-element_type=\"column\" data-settings=\"{&quot;animation&quot;:&quot;fadeInRight&quot;,&quot;background_background&quot;:&quot;classic&quot;}\">\n\t\t\t<div class=\"elementor-widget-wrap\">\n\t\t\t\t\t\t\t<\/div>\n\t\t<\/div>\n\t\t\t\t<div class=\"elementor-column elementor-col-50 elementor-top-column elementor-element elementor-element-d12dfd6 elementor-invisible\" data-id=\"d12dfd6\" data-element_type=\"column\" data-settings=\"{&quot;animation&quot;:&quot;fadeInLeft&quot;}\">\n\t\t\t<div class=\"elementor-widget-wrap elementor-element-populated\">\n\t\t\t\t\t\t<div class=\"elementor-element elementor-element-5c76683 elementor-widget elementor-widget-heading\" data-id=\"5c76683\" data-element_type=\"widget\" data-widget_type=\"heading.default\">\n\t\t\t\t<div class=\"elementor-widget-container\">\n\t\t\t\t\t<h2 class=\"elementor-heading-title elementor-size-default\">Our Engineering Services<\/h2>\t\t\t\t<\/div>\n\t\t\t\t<\/div>\n\t\t\t\t<div class=\"elementor-element elementor-element-b31097a elementor-widget elementor-widget-heading\" data-id=\"b31097a\" data-element_type=\"widget\" data-widget_type=\"heading.default\">\n\t\t\t\t<div class=\"elementor-widget-container\">\n\t\t\t\t\t<p class=\"elementor-heading-title elementor-size-default\">As Koza \u0130skele, we do not limit our engineering approach only to product manufacturing; we offer solutions across a wide spectrum ranging from pre-project analysis to field support. Our technical team develops safe, economical and long-lasting solutions by providing project-specific engineering support.<\/p>\t\t\t\t<\/div>\n\t\t\t\t<\/div>\n\t\t\t\t<div class=\"elementor-element elementor-element-e85744c elementor-widget elementor-widget-text-editor\" data-id=\"e85744c\" data-element_type=\"widget\" data-widget_type=\"text-editor.default\">\n\t\t\t\t<div class=\"elementor-widget-container\">\n\t\t\t\t\t\t\t\t\t<div style=\"font-family: Arial, sans-serif; color: #222; max-width: 800px;\"><div style=\"display: flex; align-items: flex-start; gap: 12px; margin-bottom: 20px;\"><div style=\"font-size: 24px; color: #000; flex-shrink: 0;\">\ud83d\udd27<\/div><div><h4 style=\"margin: 0 0 6px; font-weight: 600; font-size: 18px; color: #000;\">Project Analysis and Technical Consultancy<\/h4><p style=\"margin: 0; font-size: 15px; line-height: 1.5;\">We are with you with our expert team in the processes of determining the most suitable system according to your project needs, analyzing site conditions and clarifying technical details.<br \/>Our aim is to make the implementation process smooth by pre-planning cost-effective and safe solutions.<\/p><\/div><\/div><div style=\"display: flex; align-items: flex-start; gap: 12px; margin-bottom: 20px;\"><div style=\"font-size: 24px; color: #000; flex-shrink: 0;\">\ud83d\udcd0<\/div><div><h4 style=\"margin: 0 0 6px; font-weight: 600; font-size: 18px; color: #000;\">Static Calculation and System Design<\/h4><p style=\"margin: 0; font-size: 15px; line-height: 1.5;\">All engineering calculations such as load carrying capacities, resistance to wind\/seismic effects are made in accordance with current standards.<br \/>The scaffolding systems we develop are modeled and calculated specifically according to the structural characteristics of each project.<\/p><\/div><\/div><div style=\"display: flex; align-items: flex-start; gap: 12px; margin-bottom: 20px;\"><div style=\"font-size: 24px; color: #000; flex-shrink: 0;\">\ud83d\udda5\ufe0f<\/div><div><h4 style=\"margin: 0 0 6px; font-weight: 600; font-size: 18px; color: #000;\">Technical Drawing and 3D Modeling<\/h4><p style=\"margin: 0; font-size: 15px; line-height: 1.5;\">With CAD-based detailed technical drawings and 3D modeling, we show our customers exactly how the project will look and work before system installation.<br \/>This saves both time and labor; prevents possible errors that may occur in the field.<\/p><\/div><\/div><div style=\"display: flex; align-items: flex-start; gap: 12px; margin-bottom: 20px;\"><div style=\"font-size: 24px; color: #000; flex-shrink: 0;\">\ud83d\udd27<\/div><div><h4 style=\"margin: 0 0 6px; font-weight: 600; font-size: 18px; color: #000;\">Field Support and Application Guidance<\/h4><p style=\"margin: 0; font-size: 15px; line-height: 1.5;\">We not only deliver products but also provide technical support before and after installation. All engineering guidance, assembly details and safety practices that may be needed in the field are shared by our team.<\/p><\/div><\/div><div style=\"display: flex; align-items: flex-start; gap: 12px;\"><div style=\"font-size: 24px; color: #000; flex-shrink: 0;\">\u2699\ufe0f<\/div><div><h4 style=\"margin: 0 0 6px; font-weight: 600; font-size: 18px; color: #000;\">Project-Based System Adaptation<\/h4><p style=\"margin: 0; font-size: 15px; line-height: 1.5;\">Apart from our standard products, we also carry out system design and manufacturing specific to projects. In projects with special needs such as bridges, tunnels, high-rise buildings, our engineering unit serves different sectors by developing solution-specific designs.<\/p><\/div><\/div><\/div>\t\t\t\t\t\t\t\t<\/div>\n\t\t\t\t<\/div>\n\t\t\t\t\t<\/div>\n\t\t<\/div>\n\t\t\t\t\t<\/div>\n\t\t<\/section>\n\t\t\t\t<section class=\"elementor-section elementor-top-section elementor-element elementor-element-f7f31dc elementor-section-content-middle elementor-section-boxed elementor-section-height-default elementor-section-height-default\" data-id=\"f7f31dc\" data-element_type=\"section\" data-settings=\"{&quot;background_background&quot;:&quot;classic&quot;}\">\n\t\t\t\t\t\t\t<div class=\"elementor-background-overlay\"><\/div>\n\t\t\t\t\t\t\t<div class=\"elementor-container elementor-column-gap-default\">\n\t\t\t\t\t<div class=\"elementor-column elementor-col-50 elementor-top-column elementor-element elementor-element-bdb679b elementor-invisible\" data-id=\"bdb679b\" data-element_type=\"column\" data-settings=\"{&quot;animation&quot;:&quot;fadeInLeft&quot;}\">\n\t\t\t<div class=\"elementor-widget-wrap elementor-element-populated\">\n\t\t\t\t\t\t<div class=\"elementor-element elementor-element-4c19fc0 elementor-widget elementor-widget-heading\" data-id=\"4c19fc0\" data-element_type=\"widget\" data-widget_type=\"heading.default\">\n\t\t\t\t<div class=\"elementor-widget-container\">\n\t\t\t\t\t<h2 class=\"elementor-heading-title elementor-size-default\">Our Technology Infrastructure<\/h2>\t\t\t\t<\/div>\n\t\t\t\t<\/div>\n\t\t\t\t<div class=\"elementor-element elementor-element-ed80b83 elementor-widget elementor-widget-text-editor\" data-id=\"ed80b83\" data-element_type=\"widget\" data-widget_type=\"text-editor.default\">\n\t\t\t\t<div class=\"elementor-widget-container\">\n\t\t\t\t\t\t\t\t\t<div class=\"technology-infrastructure\"><div class=\"tech-item\" style=\"display: flex; align-items: flex-start; gap: 12px; margin-bottom: 20px;\"><div class=\"icon\" style=\"color: #000; font-size: 24px; flex-shrink: 0;\"><!-- \u0130konu buraya ekle (SVG veya Elementor icon) --><br \/>\ud83c\udfed<\/div><div class=\"content\"><h4 style=\"margin: 0 0 6px; font-weight: 600; font-size: 18px; color: #000;\">Modern Production Facilities<\/h4><p style=\"margin: 0; color: #333; font-size: 15px; line-height: 1.4;\">Production is carried out with high-efficiency machinery in our 2,800 m\u00b2 production facility. The facility infrastructure is primarily configured for work safety and efficiency.<\/p><\/div><\/div><div class=\"tech-item\" style=\"display: flex; align-items: flex-start; gap: 12px; margin-bottom: 20px;\"><div class=\"icon\" style=\"color: #000; font-size: 24px; flex-shrink: 0;\">\u2699\ufe0f<\/div><div class=\"content\"><h4 style=\"margin: 0 0 6px; font-weight: 600; font-size: 18px; color: #000;\">Automation-Based Production<\/h4><p style=\"margin: 0; color: #333; font-size: 15px; line-height: 1.4;\">Operations such as welding, cutting, drilling have been automated with CNC and PLC systems. Thus, high precision and low error rate are achieved in production.<\/p><\/div><\/div><div class=\"tech-item\" style=\"display: flex; align-items: flex-start; gap: 12px; margin-bottom: 20px;\"><div class=\"icon\" style=\"color: #000; font-size: 24px; flex-shrink: 0;\">\ud83d\udccf<\/div><div class=\"content\"><h4 style=\"margin: 0 0 6px; font-weight: 600; font-size: 18px; color: #000;\">Quality Control Systems<\/h4><p style=\"margin: 0; color: #333; font-size: 15px; line-height: 1.4;\">Post-production quality control processes are carried out with digital measurement devices. Each product is tested for compliance with determined standards.<\/p><\/div><\/div><div class=\"tech-item\" style=\"display: flex; align-items: flex-start; gap: 12px; margin-bottom: 20px;\"><div class=\"icon\" style=\"color: #000; font-size: 24px; flex-shrink: 0;\">\ud83e\uddea<\/div><div class=\"content\"><h4 style=\"margin: 0 0 6px; font-weight: 600; font-size: 18px; color: #000;\">Material Test and Analysis Laboratory<\/h4><p style=\"margin: 0; color: #333; font-size: 15px; line-height: 1.4;\">Data such as load carrying capacity and strength are determined with company-specific analyses. Test results are used in the engineering calculations of each project.<\/p><\/div><\/div><div class=\"tech-item\" style=\"display: flex; align-items: flex-start; gap: 12px; margin-bottom: 20px;\"><div class=\"icon\" style=\"color: #000; font-size: 24px; flex-shrink: 0;\">\ud83d\udd04<\/div><div class=\"content\"><h4 style=\"margin: 0 0 6px; font-weight: 600; font-size: 18px; color: #000;\">ERP-Supported Process Management<\/h4><p style=\"margin: 0; color: #333; font-size: 15px; line-height: 1.4;\">Production planning, stock tracking and shipping processes are carried out in an integrated manner through ERP software. Thus, timely and error-free delivery is made.<\/p><\/div><\/div><div class=\"tech-item\" style=\"display: flex; align-items: flex-start; gap: 12px;\"><div class=\"icon\" style=\"color: #000; font-size: 24px; flex-shrink: 0;\">\ud83d\udee1\ufe0f<\/div><div class=\"content\"><h4 style=\"margin: 0 0 6px; font-weight: 600; font-size: 18px; color: #000;\">Work Safety-Based Design<\/h4><p style=\"margin: 0; color: #333; font-size: 15px; line-height: 1.4;\">All production lines are established in accordance with occupational health and safety regulations. Employee safety forms the basis of the production infrastructure.<\/p><\/div><\/div><\/div>\t\t\t\t\t\t\t\t<\/div>\n\t\t\t\t<\/div>\n\t\t\t\t\t<\/div>\n\t\t<\/div>\n\t\t\t\t<div class=\"elementor-column elementor-col-50 elementor-top-column elementor-element elementor-element-3e438b3 elementor-invisible\" data-id=\"3e438b3\" data-element_type=\"column\" data-settings=\"{&quot;animation&quot;:&quot;fadeInRight&quot;,&quot;background_background&quot;:&quot;classic&quot;}\">\n\t\t\t<div class=\"elementor-widget-wrap\">\n\t\t\t\t\t\t\t<\/div>\n\t\t<\/div>\n\t\t\t\t\t<\/div>\n\t\t<\/section>\n\t\t<div class=\"elementor-element elementor-element-323cb75 e-flex e-con-boxed e-con e-parent\" data-id=\"323cb75\" data-element_type=\"container\" data-settings=\"{&quot;background_background&quot;:&quot;classic&quot;}\">\n\t\t\t\t\t<div class=\"e-con-inner\">\n\t\t\t\t<div class=\"elementor-element elementor-element-2a63850 elementor-view-framed elementor-shape-square elementor-widget elementor-widget-icon\" data-id=\"2a63850\" data-element_type=\"widget\" data-widget_type=\"icon.default\">\n\t\t\t\t<div class=\"elementor-widget-container\">\n\t\t\t\t\t\t\t<div class=\"elementor-icon-wrapper\">\n\t\t\t<div class=\"elementor-icon\">\n\t\t\t<svg aria-hidden=\"true\" class=\"e-font-icon-svg e-fas-user-tie\" viewbox=\"0 0 448 512\" xmlns=\"http:\/\/www.w3.org\/2000\/svg\"><path d=\"M224 256c70.7 0 128-57.3 128-128S294.7 0 224 0 96 57.3 96 128s57.3 128 128 128zm95.8 32.6L272 480l-32-136 32-56h-96l32 56-32 136-47.8-191.4C56.9 292 0 350.3 0 422.4V464c0 26.5 21.5 48 48 48h352c26.5 0 48-21.5 48-48v-41.6c0-72.1-56.9-130.4-128.2-133.8z\"><\/path><\/svg>\t\t\t<\/div>\n\t\t<\/div>\n\t\t\t\t\t\t<\/div>\n\t\t\t\t<\/div>\n\t\t\t\t<div class=\"elementor-element elementor-element-4b1bea3 elementor-widget elementor-widget-heading\" data-id=\"4b1bea3\" data-element_type=\"widget\" data-widget_type=\"heading.default\">\n\t\t\t\t<div class=\"elementor-widget-container\">\n\t\t\t\t\t<h2 class=\"elementor-heading-title elementor-size-default\">Would You Like to Work With Us?<\/h2>\t\t\t\t<\/div>\n\t\t\t\t<\/div>\n\t\t\t\t<div class=\"elementor-element elementor-element-99aec82 elementor-widget elementor-widget-text-editor\" data-id=\"99aec82\" data-element_type=\"widget\" data-widget_type=\"text-editor.default\">\n\t\t\t\t<div class=\"elementor-widget-container\">\n\t\t\t\t\t\t\t\t\t<p>Contact us to join our team or to collaborate.<\/p>\t\t\t\t\t\t\t\t<\/div>\n\t\t\t\t<\/div>\n\t\t\t\t<div class=\"elementor-element elementor-element-51d80e0 elementor-align-center elementor-widget elementor-widget-button\" data-id=\"51d80e0\" data-element_type=\"widget\" data-widget_type=\"button.default\">\n\t\t\t\t<div class=\"elementor-widget-container\">\n\t\t\t\t\t\t\t\t\t<div class=\"elementor-button-wrapper\">\n\t\t\t\t\t<a class=\"elementor-button elementor-button-link elementor-size-sm\" href=\"https:\/\/kozaiskele.com\/en\/contact\/\">\n\t\t\t\t\t\t<span class=\"elementor-button-content-wrapper\">\n\t\t\t\t\t\t\t\t\t<span class=\"elementor-button-text\">Contact Form<\/span>\n\t\t\t\t\t<\/span>\n\t\t\t\t\t<\/a>\n\t\t\t\t<\/div>\n\t\t\t\t\t\t\t\t<\/div>\n\t\t\t\t<\/div>\n\t\t\t\t\t<\/div>\n\t\t\t\t<\/div>\n\t\t\t\t<\/div>","protected":false},"excerpt":{"rendered":"<p>Yenilik\u00e7i \u00c7\u00f6z\u00fcmler, M\u00fchendislik G\u00fcc\u00fc Koza \u0130skele olarak yaln\u0131zca \u00fcretim de\u011fil, tasar\u0131m, geli\u015ftirme ve m\u00fchendislik \u00e7\u00f6z\u00fcmlerine de odaklan\u0131yoruz. AR-GE yat\u0131r\u0131mlar\u0131m\u0131zla s\u00fcrekli geli\u015fen, m\u00fc\u015fteri ihtiya\u00e7lar\u0131na \u00f6zel \u00e7\u00f6z\u00fcmler sunan bir altyap\u0131 kurduk AR-GE S\u00fcre\u00e7lerimiz Ba\u015flang\u0131\u00e7 ve \u0130htiya\u00e7 AnaliziHer proje, m\u00fc\u015fterimizin ihtiya\u00e7lar\u0131n\u0131 anlamakla ba\u015flar. \u0130htiya\u00e7 analizi, sadece proje gereksinimlerini belirlemekle kalmaz, ayn\u0131 zamanda in\u015faat sahas\u0131nda kar\u015f\u0131la\u015f\u0131lan olas\u0131 zorluklar\u0131 da [&hellip;]<\/p>","protected":false},"author":1,"featured_media":0,"parent":0,"menu_order":0,"comment_status":"closed","ping_status":"closed","template":"elementor_header_footer","meta":{"footnotes":""},"class_list":["post-583","page","type-page","status-publish","hentry"],"_links":{"self":[{"href":"https:\/\/kozaiskele.com\/en\/wp-json\/wp\/v2\/pages\/583","targetHints":{"allow":["GET"]}}],"collection":[{"href":"https:\/\/kozaiskele.com\/en\/wp-json\/wp\/v2\/pages"}],"about":[{"href":"https:\/\/kozaiskele.com\/en\/wp-json\/wp\/v2\/types\/page"}],"author":[{"embeddable":true,"href":"https:\/\/kozaiskele.com\/en\/wp-json\/wp\/v2\/users\/1"}],"replies":[{"embeddable":true,"href":"https:\/\/kozaiskele.com\/en\/wp-json\/wp\/v2\/comments?post=583"}],"version-history":[{"count":0,"href":"https:\/\/kozaiskele.com\/en\/wp-json\/wp\/v2\/pages\/583\/revisions"}],"wp:attachment":[{"href":"https:\/\/kozaiskele.com\/en\/wp-json\/wp\/v2\/media?parent=583"}],"curies":[{"name":"wp","href":"https:\/\/api.w.org\/{rel}","templated":true}]}}