{"id":577,"date":"2025-07-12T01:02:51","date_gmt":"2025-07-11T22:02:51","guid":{"rendered":"https:\/\/kozaiskele.com\/?page_id=577"},"modified":"2025-07-23T02:36:24","modified_gmt":"2025-07-22T23:36:24","slug":"degerlerimiz","status":"publish","type":"page","link":"https:\/\/kozaiskele.com\/en\/our-values\/","title":{"rendered":"Our Values"},"content":{"rendered":"<div data-elementor-type=\"wp-page\" data-elementor-id=\"577\" class=\"elementor elementor-577\" data-elementor-post-type=\"page\">\n\t\t\t\t<div class=\"elementor-element elementor-element-539c830 e-con-full e-flex e-con e-parent\" data-id=\"539c830\" data-element_type=\"container\" data-settings=\"{&quot;background_background&quot;:&quot;slideshow&quot;,&quot;background_slideshow_gallery&quot;:[{&quot;id&quot;:271,&quot;url&quot;:&quot;https:\\\/\\\/kozaiskele.com\\\/img\\\/2025\\\/07\\\/hakkimizda-1.webp&quot;},{&quot;id&quot;:272,&quot;url&quot;:&quot;https:\\\/\\\/kozaiskele.com\\\/img\\\/2025\\\/07\\\/hakkimizda-2.webp&quot;},{&quot;id&quot;:273,&quot;url&quot;:&quot;https:\\\/\\\/kozaiskele.com\\\/img\\\/2025\\\/07\\\/hakkimizda-3.webp&quot;}],&quot;background_slideshow_loop&quot;:&quot;yes&quot;,&quot;background_slideshow_slide_duration&quot;:5000,&quot;background_slideshow_slide_transition&quot;:&quot;fade&quot;,&quot;background_slideshow_transition_duration&quot;:500}\">\n\t\t\t\t<div class=\"elementor-element elementor-element-bafc674 elementor-widget elementor-widget-heading\" data-id=\"bafc674\" data-element_type=\"widget\" data-widget_type=\"heading.default\">\n\t\t\t\t<div class=\"elementor-widget-container\">\n\t\t\t\t\t<p class=\"elementor-heading-title elementor-size-default\">The foundation of our company's success lies not only in quality products but also in the values we adhere to. These principles guide all our decisions, relationships, and business processes. As we confidently move toward the future, reliability, sustainability, innovation, and business ethics continue to be our compass.<\/p>\t\t\t\t<\/div>\n\t\t\t\t<\/div>\n\t\t\t\t<div class=\"elementor-element elementor-element-e094428 elementor-view-default elementor-widget elementor-widget-icon\" data-id=\"e094428\" data-element_type=\"widget\" data-widget_type=\"icon.default\">\n\t\t\t\t<div class=\"elementor-widget-container\">\n\t\t\t\t\t\t\t<div class=\"elementor-icon-wrapper\">\n\t\t\t<a class=\"elementor-icon\" href=\"#arrows\">\n\t\t\t<i aria-hidden=\"true\" class=\"icon icon-arrow-down\"><\/i>\t\t\t<\/a>\n\t\t<\/div>\n\t\t\t\t\t\t<\/div>\n\t\t\t\t<\/div>\n\t\t\t\t<\/div>\n\t\t<div class=\"elementor-element elementor-element-e4e66f6 e-flex e-con-boxed e-con e-parent\" data-id=\"e4e66f6\" data-element_type=\"container\" id=\"arrows\">\n\t\t\t\t\t<div class=\"e-con-inner\">\n\t\t\t\t<div class=\"elementor-element elementor-element-3a2f786 elementor-widget elementor-widget-heading\" data-id=\"3a2f786\" data-element_type=\"widget\" data-widget_type=\"heading.default\">\n\t\t\t\t<div class=\"elementor-widget-container\">\n\t\t\t\t\t<h2 class=\"elementor-heading-title elementor-size-default\">Basic Principles That Make Us Who We Are<\/h2>\t\t\t\t<\/div>\n\t\t\t\t<\/div>\n\t\t<div class=\"elementor-element elementor-element-49ee123 e-con-full e-flex e-con e-child\" data-id=\"49ee123\" data-element_type=\"container\">\n\t\t<div class=\"elementor-element elementor-element-c8db0db e-con-full e-flex e-con e-child\" data-id=\"c8db0db\" data-element_type=\"container\">\n\t\t\t\t<div class=\"elementor-element elementor-element-d090d0e elementor-widget elementor-widget-heading\" data-id=\"d090d0e\" data-element_type=\"widget\" data-widget_type=\"heading.default\">\n\t\t\t\t<div class=\"elementor-widget-container\">\n\t\t\t\t\t<h2 class=\"elementor-heading-title elementor-size-default\">Reliability<\/h2>\t\t\t\t<\/div>\n\t\t\t\t<\/div>\n\t\t\t\t<div class=\"elementor-element elementor-element-47fa261 elementor-widget elementor-widget-image\" data-id=\"47fa261\" data-element_type=\"widget\" data-widget_type=\"image.default\">\n\t\t\t\t<div class=\"elementor-widget-container\">\n\t\t\t\t\t\t\t\t\t\t\t\t\t\t\t<img fetchpriority=\"high\" decoding=\"async\" width=\"478\" height=\"292\" src=\"https:\/\/kozaiskele.com\/img\/2025\/07\/guvenilirlik.webp\" class=\"attachment-full size-full wp-image-1483\" alt=\"\" srcset=\"https:\/\/kozaiskele.com\/img\/2025\/07\/guvenilirlik.webp 478w, https:\/\/kozaiskele.com\/img\/2025\/07\/guvenilirlik-300x183.webp 300w\" sizes=\"(max-width: 478px) 100vw, 478px\" \/>\t\t\t\t\t\t\t\t\t\t\t\t\t\t\t<\/div>\n\t\t\t\t<\/div>\n\t\t\t\t<div class=\"elementor-element elementor-element-8b5ac23 elementor-widget elementor-widget-text-editor\" data-id=\"8b5ac23\" data-element_type=\"widget\" data-widget_type=\"text-editor.default\">\n\t\t\t\t<div class=\"elementor-widget-container\">\n\t\t\t\t\t\t\t\t\t<p>We keep our promises to establish long-term business partnerships with our customers and communicate transparently and honestly.<br \/>Our products and services are shaped on the basis of quality and trust.<\/p>\t\t\t\t\t\t\t\t<\/div>\n\t\t\t\t<\/div>\n\t\t\t\t<\/div>\n\t\t<div class=\"elementor-element elementor-element-25beae6 e-con-full e-flex e-con e-child\" data-id=\"25beae6\" data-element_type=\"container\">\n\t\t\t\t<div class=\"elementor-element elementor-element-1761811 elementor-widget elementor-widget-heading\" data-id=\"1761811\" data-element_type=\"widget\" data-widget_type=\"heading.default\">\n\t\t\t\t<div class=\"elementor-widget-container\">\n\t\t\t\t\t<h2 class=\"elementor-heading-title elementor-size-default\">Sustainability<\/h2>\t\t\t\t<\/div>\n\t\t\t\t<\/div>\n\t\t\t\t<div class=\"elementor-element elementor-element-ce007bf elementor-widget elementor-widget-image\" data-id=\"ce007bf\" data-element_type=\"widget\" data-widget_type=\"image.default\">\n\t\t\t\t<div class=\"elementor-widget-container\">\n\t\t\t\t\t\t\t\t\t\t\t\t\t\t\t<img decoding=\"async\" width=\"478\" height=\"292\" src=\"https:\/\/kozaiskele.com\/img\/2025\/07\/surdurulebilirlik-cevresel-sorumluluk.webp\" class=\"attachment-full size-full wp-image-1404\" alt=\"\" srcset=\"https:\/\/kozaiskele.com\/img\/2025\/07\/surdurulebilirlik-cevresel-sorumluluk.webp 478w, https:\/\/kozaiskele.com\/img\/2025\/07\/surdurulebilirlik-cevresel-sorumluluk-300x183.webp 300w\" sizes=\"(max-width: 478px) 100vw, 478px\" \/>\t\t\t\t\t\t\t\t\t\t\t\t\t\t\t<\/div>\n\t\t\t\t<\/div>\n\t\t\t\t<div class=\"elementor-element elementor-element-51198d1 elementor-widget elementor-widget-text-editor\" data-id=\"51198d1\" data-element_type=\"widget\" data-widget_type=\"text-editor.default\">\n\t\t\t\t<div class=\"elementor-widget-container\">\n\t\t\t\t\t\t\t\t\t<p>We act with environmental responsibility awareness in all our production and business processes.<br \/>We fulfill our responsibility towards nature with zero waste target and strategies that reduce carbon emissions.<\/p>\t\t\t\t\t\t\t\t<\/div>\n\t\t\t\t<\/div>\n\t\t\t\t<\/div>\n\t\t<div class=\"elementor-element elementor-element-8d7a297 e-con-full e-flex e-con e-child\" data-id=\"8d7a297\" data-element_type=\"container\">\n\t\t\t\t<div class=\"elementor-element elementor-element-32dec89 elementor-widget elementor-widget-heading\" data-id=\"32dec89\" data-element_type=\"widget\" data-widget_type=\"heading.default\">\n\t\t\t\t<div class=\"elementor-widget-container\">\n\t\t\t\t\t<h2 class=\"elementor-heading-title elementor-size-default\">Innovation<\/h2>\t\t\t\t<\/div>\n\t\t\t\t<\/div>\n\t\t\t\t<div class=\"elementor-element elementor-element-42163ff elementor-widget elementor-widget-image\" data-id=\"42163ff\" data-element_type=\"widget\" data-widget_type=\"image.default\">\n\t\t\t\t<div class=\"elementor-widget-container\">\n\t\t\t\t\t\t\t\t\t\t\t\t\t\t\t<img decoding=\"async\" width=\"478\" height=\"292\" src=\"https:\/\/kozaiskele.com\/img\/2025\/07\/yenilikcilik.webp\" class=\"attachment-full size-full wp-image-1484\" alt=\"\" srcset=\"https:\/\/kozaiskele.com\/img\/2025\/07\/yenilikcilik.webp 478w, https:\/\/kozaiskele.com\/img\/2025\/07\/yenilikcilik-300x183.webp 300w\" sizes=\"(max-width: 478px) 100vw, 478px\" \/>\t\t\t\t\t\t\t\t\t\t\t\t\t\t\t<\/div>\n\t\t\t\t<\/div>\n\t\t\t\t<div class=\"elementor-element elementor-element-91eb69c elementor-widget elementor-widget-text-editor\" data-id=\"91eb69c\" data-element_type=\"widget\" data-widget_type=\"text-editor.default\">\n\t\t\t\t<div class=\"elementor-widget-container\">\n\t\t\t\t\t\t\t\t\t<p>We adapt to continuously developing technologies with R&amp;D investments.<br \/>We offer differentiating services to our customers by developing customized solutions for each project.<\/p>\t\t\t\t\t\t\t\t<\/div>\n\t\t\t\t<\/div>\n\t\t\t\t<\/div>\n\t\t<div class=\"elementor-element elementor-element-3c53afa e-con-full e-flex e-con e-child\" data-id=\"3c53afa\" data-element_type=\"container\">\n\t\t\t\t<div class=\"elementor-element elementor-element-f4ac795 elementor-widget elementor-widget-heading\" data-id=\"f4ac795\" data-element_type=\"widget\" data-widget_type=\"heading.default\">\n\t\t\t\t<div class=\"elementor-widget-container\">\n\t\t\t\t\t<h2 class=\"elementor-heading-title elementor-size-default\">Business Ethics<\/h2>\t\t\t\t<\/div>\n\t\t\t\t<\/div>\n\t\t\t\t<div class=\"elementor-element elementor-element-dc21322 elementor-widget elementor-widget-image\" data-id=\"dc21322\" data-element_type=\"widget\" data-widget_type=\"image.default\">\n\t\t\t\t<div class=\"elementor-widget-container\">\n\t\t\t\t\t\t\t\t\t\t\t\t\t\t\t<img loading=\"lazy\" decoding=\"async\" width=\"478\" height=\"292\" src=\"https:\/\/kozaiskele.com\/img\/2025\/07\/is-ahlaki.webp\" class=\"attachment-full size-full wp-image-1485\" alt=\"\" srcset=\"https:\/\/kozaiskele.com\/img\/2025\/07\/is-ahlaki.webp 478w, https:\/\/kozaiskele.com\/img\/2025\/07\/is-ahlaki-300x183.webp 300w\" sizes=\"(max-width: 478px) 100vw, 478px\" \/>\t\t\t\t\t\t\t\t\t\t\t\t\t\t\t<\/div>\n\t\t\t\t<\/div>\n\t\t\t\t<div class=\"elementor-element elementor-element-aff87f0 elementor-widget elementor-widget-text-editor\" data-id=\"aff87f0\" data-element_type=\"widget\" data-widget_type=\"text-editor.default\">\n\t\t\t\t<div class=\"elementor-widget-container\">\n\t\t\t\t\t\t\t\t\t<p>We are strictly committed to ethical rules.<br \/>We treat all our employees, business partners and customers fairly and respectfully<\/p>\t\t\t\t\t\t\t\t<\/div>\n\t\t\t\t<\/div>\n\t\t\t\t<\/div>\n\t\t\t\t<\/div>\n\t\t\t\t\t<\/div>\n\t\t\t\t<\/div>\n\t\t<div class=\"elementor-element elementor-element-3ae778b e-flex e-con-boxed e-con e-parent\" data-id=\"3ae778b\" data-element_type=\"container\">\n\t\t\t\t\t<div class=\"e-con-inner\">\n\t\t\t\t<div class=\"elementor-element elementor-element-794e21e elementor-widget elementor-widget-heading\" data-id=\"794e21e\" data-element_type=\"widget\" data-widget_type=\"heading.default\">\n\t\t\t\t<div class=\"elementor-widget-container\">\n\t\t\t\t\t<h2 class=\"elementor-heading-title elementor-size-default\">How Do We Reflect?<\/h2>\t\t\t\t<\/div>\n\t\t\t\t<\/div>\n\t\t<div class=\"elementor-element elementor-element-d7d7052 e-con-full e-flex e-con e-child\" data-id=\"d7d7052\" data-element_type=\"container\">\n\t\t<div class=\"elementor-element elementor-element-d374a0f e-con-full e-flex e-con e-child\" data-id=\"d374a0f\" data-element_type=\"container\">\n\t\t\t\t<div class=\"elementor-element elementor-element-6ef6b0d elementor-widget elementor-widget-heading\" data-id=\"6ef6b0d\" data-element_type=\"widget\" data-widget_type=\"heading.default\">\n\t\t\t\t<div class=\"elementor-widget-container\">\n\t\t\t\t\t<h2 class=\"elementor-heading-title elementor-size-default\">Quality Control in Production<\/h2>\t\t\t\t<\/div>\n\t\t\t\t<\/div>\n\t\t\t\t<div class=\"elementor-element elementor-element-6422a1b elementor-widget elementor-widget-image\" data-id=\"6422a1b\" data-element_type=\"widget\" data-widget_type=\"image.default\">\n\t\t\t\t<div class=\"elementor-widget-container\">\n\t\t\t\t\t\t\t\t\t\t\t\t\t\t\t<img loading=\"lazy\" decoding=\"async\" width=\"1200\" height=\"675\" src=\"https:\/\/kozaiskele.com\/img\/2025\/07\/slider-4.webp\" class=\"attachment-full size-full wp-image-1111\" alt=\"\" srcset=\"https:\/\/kozaiskele.com\/img\/2025\/07\/slider-4.webp 1200w, https:\/\/kozaiskele.com\/img\/2025\/07\/slider-4-300x169.webp 300w, https:\/\/kozaiskele.com\/img\/2025\/07\/slider-4-1024x576.webp 1024w, https:\/\/kozaiskele.com\/img\/2025\/07\/slider-4-768x432.webp 768w\" sizes=\"(max-width: 1200px) 100vw, 1200px\" \/>\t\t\t\t\t\t\t\t\t\t\t\t\t\t\t<\/div>\n\t\t\t\t<\/div>\n\t\t\t\t<div class=\"elementor-element elementor-element-94aa7d3 elementor-widget elementor-widget-text-editor\" data-id=\"94aa7d3\" data-element_type=\"widget\" data-widget_type=\"text-editor.default\">\n\t\t\t\t<div class=\"elementor-widget-container\">\n\t\t\t\t\t\t\t\t\t<p>We reflect the quality we promise to the field by putting each of our products through detailed testing processes.<\/p>\t\t\t\t\t\t\t\t<\/div>\n\t\t\t\t<\/div>\n\t\t\t\t<\/div>\n\t\t<div class=\"elementor-element elementor-element-bbc6969 e-con-full e-flex e-con e-child\" data-id=\"bbc6969\" data-element_type=\"container\">\n\t\t\t\t<div class=\"elementor-element elementor-element-aab5f90 elementor-widget elementor-widget-heading\" data-id=\"aab5f90\" data-element_type=\"widget\" data-widget_type=\"heading.default\">\n\t\t\t\t<div class=\"elementor-widget-container\">\n\t\t\t\t\t<h2 class=\"elementor-heading-title elementor-size-default\">Social Responsibility<\/h2>\t\t\t\t<\/div>\n\t\t\t\t<\/div>\n\t\t\t\t<div class=\"elementor-element elementor-element-6040ace elementor-widget elementor-widget-image\" data-id=\"6040ace\" data-element_type=\"widget\" data-widget_type=\"image.default\">\n\t\t\t\t<div class=\"elementor-widget-container\">\n\t\t\t\t\t\t\t\t\t\t\t\t\t\t\t<img loading=\"lazy\" decoding=\"async\" width=\"478\" height=\"292\" src=\"https:\/\/kozaiskele.com\/img\/2025\/07\/sosyal-sorumluluk.webp\" class=\"attachment-full size-full wp-image-1493\" alt=\"\" srcset=\"https:\/\/kozaiskele.com\/img\/2025\/07\/sosyal-sorumluluk.webp 478w, https:\/\/kozaiskele.com\/img\/2025\/07\/sosyal-sorumluluk-300x183.webp 300w\" sizes=\"(max-width: 478px) 100vw, 478px\" \/>\t\t\t\t\t\t\t\t\t\t\t\t\t\t\t<\/div>\n\t\t\t\t<\/div>\n\t\t\t\t<div class=\"elementor-element elementor-element-4046c91 elementor-widget elementor-widget-text-editor\" data-id=\"4046c91\" data-element_type=\"widget\" data-widget_type=\"text-editor.default\">\n\t\t\t\t<div class=\"elementor-widget-container\">\n\t\t\t\t\t\t\t\t\t<p>We support projects that contribute to society and prioritize the development of our employees.<\/p>\t\t\t\t\t\t\t\t<\/div>\n\t\t\t\t<\/div>\n\t\t\t\t<\/div>\n\t\t<div class=\"elementor-element elementor-element-ff17a7b e-con-full e-flex e-con e-child\" data-id=\"ff17a7b\" data-element_type=\"container\">\n\t\t\t\t<div class=\"elementor-element elementor-element-3b82e10 elementor-widget elementor-widget-heading\" data-id=\"3b82e10\" data-element_type=\"widget\" data-widget_type=\"heading.default\">\n\t\t\t\t<div class=\"elementor-widget-container\">\n\t\t\t\t\t<h2 class=\"elementor-heading-title elementor-size-default\">Long-Term Vision<\/h2>\t\t\t\t<\/div>\n\t\t\t\t<\/div>\n\t\t\t\t<div class=\"elementor-element elementor-element-e4f7864 elementor-widget elementor-widget-image\" data-id=\"e4f7864\" data-element_type=\"widget\" data-widget_type=\"image.default\">\n\t\t\t\t<div class=\"elementor-widget-container\">\n\t\t\t\t\t\t\t\t\t\t\t\t\t\t\t<img loading=\"lazy\" decoding=\"async\" width=\"478\" height=\"292\" src=\"https:\/\/kozaiskele.com\/img\/2025\/07\/uzun-vadeli-vizyon.webp\" class=\"attachment-full size-full wp-image-1494\" alt=\"\" srcset=\"https:\/\/kozaiskele.com\/img\/2025\/07\/uzun-vadeli-vizyon.webp 478w, https:\/\/kozaiskele.com\/img\/2025\/07\/uzun-vadeli-vizyon-300x183.webp 300w\" sizes=\"(max-width: 478px) 100vw, 478px\" \/>\t\t\t\t\t\t\t\t\t\t\t\t\t\t\t<\/div>\n\t\t\t\t<\/div>\n\t\t\t\t<div class=\"elementor-element elementor-element-c63e783 elementor-widget elementor-widget-text-editor\" data-id=\"c63e783\" data-element_type=\"widget\" data-widget_type=\"text-editor.default\">\n\t\t\t\t<div class=\"elementor-widget-container\">\n\t\t\t\t\t\t\t\t\t<p>We aim for permanent and sustainable success by thinking not only of today but also of tomorrow.<\/p>\t\t\t\t\t\t\t\t<\/div>\n\t\t\t\t<\/div>\n\t\t\t\t<\/div>\n\t\t\t\t<\/div>\n\t\t\t\t\t<\/div>\n\t\t\t\t<\/div>\n\t\t<div class=\"elementor-element elementor-element-323cb75 e-flex e-con-boxed e-con e-parent\" data-id=\"323cb75\" data-element_type=\"container\" data-settings=\"{&quot;background_background&quot;:&quot;classic&quot;}\">\n\t\t\t\t\t<div class=\"e-con-inner\">\n\t\t\t\t<div class=\"elementor-element elementor-element-2a63850 elementor-view-framed elementor-shape-square elementor-widget elementor-widget-icon\" data-id=\"2a63850\" data-element_type=\"widget\" data-widget_type=\"icon.default\">\n\t\t\t\t<div class=\"elementor-widget-container\">\n\t\t\t\t\t\t\t<div class=\"elementor-icon-wrapper\">\n\t\t\t<div class=\"elementor-icon\">\n\t\t\t<svg aria-hidden=\"true\" class=\"e-font-icon-svg e-fas-user-tie\" viewbox=\"0 0 448 512\" xmlns=\"http:\/\/www.w3.org\/2000\/svg\"><path d=\"M224 256c70.7 0 128-57.3 128-128S294.7 0 224 0 96 57.3 96 128s57.3 128 128 128zm95.8 32.6L272 480l-32-136 32-56h-96l32 56-32 136-47.8-191.4C56.9 292 0 350.3 0 422.4V464c0 26.5 21.5 48 48 48h352c26.5 0 48-21.5 48-48v-41.6c0-72.1-56.9-130.4-128.2-133.8z\"><\/path><\/svg>\t\t\t<\/div>\n\t\t<\/div>\n\t\t\t\t\t\t<\/div>\n\t\t\t\t<\/div>\n\t\t\t\t<div class=\"elementor-element elementor-element-4b1bea3 elementor-widget elementor-widget-heading\" data-id=\"4b1bea3\" data-element_type=\"widget\" data-widget_type=\"heading.default\">\n\t\t\t\t<div class=\"elementor-widget-container\">\n\t\t\t\t\t<h2 class=\"elementor-heading-title elementor-size-default\">Would You Like to Work With Us?<\/h2>\t\t\t\t<\/div>\n\t\t\t\t<\/div>\n\t\t\t\t<div class=\"elementor-element elementor-element-99aec82 elementor-widget elementor-widget-text-editor\" data-id=\"99aec82\" data-element_type=\"widget\" data-widget_type=\"text-editor.default\">\n\t\t\t\t<div class=\"elementor-widget-container\">\n\t\t\t\t\t\t\t\t\t<p>Contact us to join our team or to collaborate.<\/p>\t\t\t\t\t\t\t\t<\/div>\n\t\t\t\t<\/div>\n\t\t\t\t<div class=\"elementor-element elementor-element-51d80e0 elementor-align-center elementor-widget elementor-widget-button\" data-id=\"51d80e0\" data-element_type=\"widget\" data-widget_type=\"button.default\">\n\t\t\t\t<div class=\"elementor-widget-container\">\n\t\t\t\t\t\t\t\t\t<div class=\"elementor-button-wrapper\">\n\t\t\t\t\t<a class=\"elementor-button elementor-button-link elementor-size-sm\" href=\"#\">\n\t\t\t\t\t\t<span class=\"elementor-button-content-wrapper\">\n\t\t\t\t\t\t\t\t\t<span class=\"elementor-button-text\">Contact Form<\/span>\n\t\t\t\t\t<\/span>\n\t\t\t\t\t<\/a>\n\t\t\t\t<\/div>\n\t\t\t\t\t\t\t\t<\/div>\n\t\t\t\t<\/div>\n\t\t\t\t\t<\/div>\n\t\t\t\t<\/div>\n\t\t\t\t<\/div>","protected":false},"excerpt":{"rendered":"<p>\u015eirketimizin ba\u015far\u0131s\u0131n\u0131n temelinde yaln\u0131zca kaliteli \u00fcr\u00fcnler de\u011fil, ayn\u0131 zamanda ba\u011fl\u0131 kald\u0131\u011f\u0131m\u0131z de\u011ferler yer al\u0131r. T\u00fcm kararlar\u0131m\u0131z\u0131, ili\u015fkilerimizi ve i\u015f s\u00fcre\u00e7lerimizi bu ilkeler y\u00f6nlendirir. Gelece\u011fe g\u00fcvenle y\u00fcr\u00fcrken; g\u00fcvenilirlik, s\u00fcrd\u00fcr\u00fclebilirlik, yenilik\u00e7ilik ve i\u015f ahlak\u0131 bizim pusulam\u0131z olmaya devam ediyor. Bizi Biz Yapan Temel \u0130lkeler G\u00fcvenilirlik M\u00fc\u015fterilerimizle uzun vadeli i\u015f ortakl\u0131klar\u0131 kurmak i\u00e7in verdi\u011fimiz s\u00f6zleri tutar, \u015feffaf ve [&hellip;]<\/p>","protected":false},"author":1,"featured_media":0,"parent":0,"menu_order":0,"comment_status":"closed","ping_status":"closed","template":"elementor_header_footer","meta":{"footnotes":""},"class_list":["post-577","page","type-page","status-publish","hentry"],"_links":{"self":[{"href":"https:\/\/kozaiskele.com\/en\/wp-json\/wp\/v2\/pages\/577","targetHints":{"allow":["GET"]}}],"collection":[{"href":"https:\/\/kozaiskele.com\/en\/wp-json\/wp\/v2\/pages"}],"about":[{"href":"https:\/\/kozaiskele.com\/en\/wp-json\/wp\/v2\/types\/page"}],"author":[{"embeddable":true,"href":"https:\/\/kozaiskele.com\/en\/wp-json\/wp\/v2\/users\/1"}],"replies":[{"embeddable":true,"href":"https:\/\/kozaiskele.com\/en\/wp-json\/wp\/v2\/comments?post=577"}],"version-history":[{"count":0,"href":"https:\/\/kozaiskele.com\/en\/wp-json\/wp\/v2\/pages\/577\/revisions"}],"wp:attachment":[{"href":"https:\/\/kozaiskele.com\/en\/wp-json\/wp\/v2\/media?parent=577"}],"curies":[{"name":"wp","href":"https:\/\/api.w.org\/{rel}","templated":true}]}}