{"id":207,"date":"2025-07-01T04:49:22","date_gmt":"2025-07-01T01:49:22","guid":{"rendered":"https:\/\/kozaiskele.com\/?page_id=207"},"modified":"2025-07-12T23:56:58","modified_gmt":"2025-07-12T20:56:58","slug":"insan-kaynaklari-politikasi","status":"publish","type":"page","link":"https:\/\/kozaiskele.com\/en\/human-resources-policy\/","title":{"rendered":"Human Resources Policy"},"content":{"rendered":"<div data-elementor-type=\"wp-page\" data-elementor-id=\"207\" class=\"elementor elementor-207\" data-elementor-post-type=\"page\">\n\t\t\t\t<div class=\"elementor-element elementor-element-539c830 e-con-full e-flex e-con e-parent\" data-id=\"539c830\" data-element_type=\"container\">\n\t\t\t\t<div class=\"elementor-element elementor-element-27dde1a elementor-widget elementor-widget-template\" data-id=\"27dde1a\" data-element_type=\"widget\" data-widget_type=\"template.default\">\n\t\t\t\t<div class=\"elementor-widget-container\">\n\t\t\t\t\t\t\t<div class=\"elementor-template\">\n\t\t\t\t\t<div data-elementor-type=\"section\" data-elementor-id=\"140\" class=\"elementor elementor-140\" data-elementor-post-type=\"elementor_library\">\n\t\t\t\t\t<section class=\"elementor-section elementor-top-section elementor-element elementor-element-6b9f365c elementor-section-boxed elementor-section-height-default elementor-section-height-default\" data-id=\"6b9f365c\" data-element_type=\"section\" data-settings=\"{&quot;background_background&quot;:&quot;classic&quot;}\">\n\t\t\t\t\t\t\t<div class=\"elementor-background-overlay\"><\/div>\n\t\t\t\t\t\t\t<div class=\"elementor-container elementor-column-gap-default\">\n\t\t\t\t\t<div class=\"elementor-column elementor-col-100 elementor-top-column elementor-element elementor-element-1109f006\" data-id=\"1109f006\" data-element_type=\"column\">\n\t\t\t<div class=\"elementor-widget-wrap elementor-element-populated\">\n\t\t\t\t\t\t<div class=\"elementor-element elementor-element-136e7698 elementor-icon-list--layout-inline elementor-align-left elementor-widget__width-auto elementor-list-item-link-full_width elementor-invisible elementor-widget elementor-widget-icon-list\" data-id=\"136e7698\" data-element_type=\"widget\" data-settings=\"{&quot;_animation&quot;:&quot;fadeInDown&quot;}\" data-widget_type=\"icon-list.default\">\n\t\t\t\t<div class=\"elementor-widget-container\">\n\t\t\t\t\t\t\t<ul class=\"elementor-icon-list-items elementor-inline-items\">\n\t\t\t\t\t\t\t<li class=\"elementor-icon-list-item elementor-inline-item\">\n\t\t\t\t\t\t\t\t\t\t\t<a href=\"\/en\/\">\n\n\t\t\t\t\t\t\t\t\t\t\t<span class=\"elementor-icon-list-text\">Anasayfa \/<\/span>\n\t\t\t\t\t\t\t\t\t\t\t<\/a>\n\t\t\t\t\t\t\t\t\t<\/li>\n\t\t\t\t\t\t<\/ul>\n\t\t\t\t\t\t<\/div>\n\t\t\t\t<\/div>\n\t\t\t\t\t<\/div>\n\t\t<\/div>\n\t\t\t\t\t<\/div>\n\t\t<\/section>\n\t\t\t\t<\/div>\n\t\t\t\t<\/div>\n\t\t\t\t\t\t<\/div>\n\t\t\t\t<\/div>\n\t\t\t\t<\/div>\n\t\t<div class=\"elementor-element elementor-element-5cc299d e-flex e-con-boxed e-con e-parent\" data-id=\"5cc299d\" data-element_type=\"container\">\n\t\t\t\t\t<div class=\"e-con-inner\">\n\t\t<div class=\"elementor-element elementor-element-2f79595 e-con-full e-flex e-con e-child\" data-id=\"2f79595\" data-element_type=\"container\">\n\t\t\t\t<div class=\"elementor-element elementor-element-7d77aea elementor-position-left elementor-view-default elementor-mobile-position-top elementor-widget elementor-widget-icon-box\" data-id=\"7d77aea\" data-element_type=\"widget\" data-widget_type=\"icon-box.default\">\n\t\t\t\t<div class=\"elementor-widget-container\">\n\t\t\t\t\t\t\t<div class=\"elementor-icon-box-wrapper\">\n\n\t\t\t\t\t\t<div class=\"elementor-icon-box-icon\">\n\t\t\t\t<span  class=\"elementor-icon\">\n\t\t\t\t<i aria-hidden=\"true\" class=\"icon icon-star\"><\/i>\t\t\t\t<\/span>\n\t\t\t<\/div>\n\t\t\t\n\t\t\t\t\t\t<div class=\"elementor-icon-box-content\">\n\n\t\t\t\t\t\t\t\t\t<h3 class=\"elementor-icon-box-title\">\n\t\t\t\t\t\t<span  >\n\t\t\t\t\t\t\tOur Basic Principles:\t\t\t\t\t\t<\/span>\n\t\t\t\t\t<\/h3>\n\t\t\t\t\n\t\t\t\t\n\t\t\t<\/div>\n\t\t\t\n\t\t<\/div>\n\t\t\t\t\t\t<\/div>\n\t\t\t\t<\/div>\n\t\t\t\t<div class=\"elementor-element elementor-element-83d70dd elementor-widget elementor-widget-text-editor\" data-id=\"83d70dd\" data-element_type=\"widget\" data-widget_type=\"text-editor.default\">\n\t\t\t\t<div class=\"elementor-widget-container\">\n\t\t\t\t\t\t\t\t\t<ul><li><strong>Right person for the right job<\/strong> principle, to bring candidates suitable for their qualifications and competencies to our team<\/li><li>In recruitment, promotion and other HR processes <strong data-start=\"796\" data-end=\"820\">the principle of equal opportunity<\/strong> to observe<\/li><li><p>For all our employees <strong>fair, transparent and inclusive<\/strong> to adopt a management approach<\/p><\/li><li><p>Encouraging teamwork, <strong>supporting open communication<\/strong> to create an institutional culture<\/p><\/li><li><p>To support our employees' knowledge, skills and personal development <strong>training and development opportunities<\/strong> to provide<\/p><\/li><li><p><strong>Occupational health and safety<\/strong> to meticulously fulfill all legal obligations, primarily<\/p><\/li><\/ul>\t\t\t\t\t\t\t\t<\/div>\n\t\t\t\t<\/div>\n\t\t\t\t<div class=\"elementor-element elementor-element-dbaf412 elementor-widget elementor-widget-image\" data-id=\"dbaf412\" data-element_type=\"widget\" data-widget_type=\"image.default\">\n\t\t\t\t<div class=\"elementor-widget-container\">\n\t\t\t\t\t\t\t\t\t\t\t\t\t\t\t\t<a href=\"\/en\/\">\n\t\t\t\t\t\t\t<img fetchpriority=\"high\" decoding=\"async\" width=\"506\" height=\"319\" src=\"https:\/\/kozaiskele.com\/img\/2025\/06\/logo-kozaiskele.webp\" class=\"attachment-full size-full wp-image-26\" alt=\"\" srcset=\"https:\/\/kozaiskele.com\/img\/2025\/06\/logo-kozaiskele.webp 506w, https:\/\/kozaiskele.com\/img\/2025\/06\/logo-kozaiskele-300x189.webp 300w\" sizes=\"(max-width: 506px) 100vw, 506px\" \/>\t\t\t\t\t\t\t\t<\/a>\n\t\t\t\t\t\t\t\t\t\t\t\t\t\t\t<\/div>\n\t\t\t\t<\/div>\n\t\t\t\t<\/div>\n\t\t<div class=\"elementor-element elementor-element-7eed585 e-con-full e-flex e-con e-child\" data-id=\"7eed585\" data-element_type=\"container\">\n\t\t\t\t<div class=\"elementor-element elementor-element-ca23ddd elementor-widget elementor-widget-text-editor\" data-id=\"ca23ddd\" data-element_type=\"widget\" data-widget_type=\"text-editor.default\">\n\t\t\t\t<div class=\"elementor-widget-container\">\n\t\t\t\t\t\t\t\t\t<h3>Development and Career:<\/h3><p>Contributing to our employees' individual development and preparing them for the future is our priority. In this context, we support continuous development with regular feedback mechanisms, performance evaluation systems and competency-based career planning.<\/p>\t\t\t\t\t\t\t\t<\/div>\n\t\t\t\t<\/div>\n\t\t\t\t<div class=\"elementor-element elementor-element-8853d41 elementor-widget elementor-widget-text-editor\" data-id=\"8853d41\" data-element_type=\"widget\" data-widget_type=\"text-editor.default\">\n\t\t\t\t<div class=\"elementor-widget-container\">\n\t\t\t\t\t\t\t\t\t<p><b>KOZA \u0130SKELE, within this basic understanding framework;<\/b><\/p><ul><li aria-level=\"1\">Ensures meritocracy by providing equal opportunity in the recruitment process without discrimination based on gender, religious belief, language, race, ethnic origin, age, disability and refugee status.<\/li><li aria-level=\"1\">Improves working standards in the value chain process; determines fair work and wage distribution.<\/li><li aria-level=\"1\">Follows a transparent and open management policy for reliable and effective interaction with its employees.<\/li><li aria-level=\"1\">Organizes necessary trainings and takes measures regarding occupational health and safety.<\/li><li aria-level=\"1\">Protects employees' personal data.<\/li><li aria-level=\"1\">Evaluates individual and team performances with continuous improvement processes; rewards success.<\/li><li aria-level=\"1\">Conducts risk assessment to reduce and eliminate the risk of workplace accidents and occupational diseases.\u00a0<\/li><li aria-level=\"1\">Organizes studies within the scope of social responsibility with projects for the benefit of society.<\/li><li aria-level=\"1\">Sensitive to environmental and social factors; particularly considers low-income groups and women in terms of equal opportunity.<\/li><\/ul>\t\t\t\t\t\t\t\t<\/div>\n\t\t\t\t<\/div>\n\t\t\t\t<\/div>\n\t\t\t\t\t<\/div>\n\t\t\t\t<\/div>\n\t\t<div class=\"elementor-element elementor-element-c7f744d e-flex e-con-boxed e-con e-parent\" data-id=\"c7f744d\" data-element_type=\"container\">\n\t\t\t\t\t<div class=\"e-con-inner\">\n\t\t\t\t<div class=\"elementor-element elementor-element-1abcd83 elementor-widget elementor-widget-text-editor\" data-id=\"1abcd83\" data-element_type=\"widget\" data-widget_type=\"text-editor.default\">\n\t\t\t\t<div class=\"elementor-widget-container\">\n\t\t\t\t\t\t\t\t\t<p><strong>As Koza \u0130skele, we aim to form our human resources from individuals who believe in our values, are open to development and have team spirit.<\/strong><br \/>We work to build success together.<\/p>\t\t\t\t\t\t\t\t<\/div>\n\t\t\t\t<\/div>\n\t\t\t\t\t<\/div>\n\t\t\t\t<\/div>\n\t\t<div class=\"elementor-element elementor-element-997caf5 e-flex e-con-boxed e-con e-parent\" data-id=\"997caf5\" data-element_type=\"container\">\n\t\t\t\t\t<div class=\"e-con-inner\">\n\t\t<div class=\"elementor-element elementor-element-f728489 e-con-full e-flex e-con e-child\" data-id=\"f728489\" data-element_type=\"container\">\n\t\t\t\t<div class=\"elementor-element elementor-element-4985cf8 elementor-align-justify elementor-widget elementor-widget-button\" data-id=\"4985cf8\" data-element_type=\"widget\" data-widget_type=\"button.default\">\n\t\t\t\t<div class=\"elementor-widget-container\">\n\t\t\t\t\t\t\t\t\t<div class=\"elementor-button-wrapper\">\n\t\t\t\t\t<a class=\"elementor-button elementor-button-link elementor-size-sm\" href=\"https:\/\/kozaiskele.com\/en\/job-application\/\">\n\t\t\t\t\t\t<span class=\"elementor-button-content-wrapper\">\n\t\t\t\t\t\t\t\t\t<span class=\"elementor-button-text\">Job Application<\/span>\n\t\t\t\t\t<\/span>\n\t\t\t\t\t<\/a>\n\t\t\t\t<\/div>\n\t\t\t\t\t\t\t\t<\/div>\n\t\t\t\t<\/div>\n\t\t\t\t<\/div>\n\t\t<div class=\"elementor-element elementor-element-11c1a0f e-con-full e-flex e-con e-child\" data-id=\"11c1a0f\" data-element_type=\"container\">\n\t\t\t\t<div class=\"elementor-element elementor-element-abb2518 elementor-align-justify elementor-widget elementor-widget-button\" data-id=\"abb2518\" data-element_type=\"widget\" data-widget_type=\"button.default\">\n\t\t\t\t<div class=\"elementor-widget-container\">\n\t\t\t\t\t\t\t\t\t<div class=\"elementor-button-wrapper\">\n\t\t\t\t\t<a class=\"elementor-button elementor-button-link elementor-size-sm\" href=\"https:\/\/kozaiskele.com\/en\/internship-application\/\">\n\t\t\t\t\t\t<span class=\"elementor-button-content-wrapper\">\n\t\t\t\t\t\t\t\t\t<span class=\"elementor-button-text\">Internship Application<\/span>\n\t\t\t\t\t<\/span>\n\t\t\t\t\t<\/a>\n\t\t\t\t<\/div>\n\t\t\t\t\t\t\t\t<\/div>\n\t\t\t\t<\/div>\n\t\t\t\t<\/div>\n\t\t\t\t\t<\/div>\n\t\t\t\t<\/div>\n\t\t\t\t<\/div>","protected":false},"excerpt":{"rendered":"<p>Temel \u0130lkelerimiz: Do\u011fru i\u015fe do\u011fru insan prensibiyle, niteliklerine ve yetkinliklerine uygun adaylar\u0131 ekibimize kazand\u0131rmak \u0130\u015fe al\u0131m, terfi ve di\u011fer \u0130K s\u00fcre\u00e7lerinde e\u015fit f\u0131rsat ilkesini g\u00f6zetmek T\u00fcm \u00e7al\u0131\u015fanlar\u0131m\u0131z i\u00e7in adil, \u015feffaf ve kapsay\u0131c\u0131 bir y\u00f6netim anlay\u0131\u015f\u0131 benimsemek Tak\u0131m \u00e7al\u0131\u015fmas\u0131n\u0131 te\u015fvik eden, a\u00e7\u0131k ileti\u015fimi destekleyen bir kurum k\u00fclt\u00fcr\u00fc olu\u015fturmak \u00c7al\u0131\u015fanlar\u0131m\u0131z\u0131n bilgi, beceri ve ki\u015fisel geli\u015fimlerini destekleyecek e\u011fitim [&hellip;]<\/p>","protected":false},"author":1,"featured_media":0,"parent":0,"menu_order":0,"comment_status":"closed","ping_status":"closed","template":"elementor_header_footer","meta":{"footnotes":""},"class_list":["post-207","page","type-page","status-publish","hentry"],"_links":{"self":[{"href":"https:\/\/kozaiskele.com\/en\/wp-json\/wp\/v2\/pages\/207","targetHints":{"allow":["GET"]}}],"collection":[{"href":"https:\/\/kozaiskele.com\/en\/wp-json\/wp\/v2\/pages"}],"about":[{"href":"https:\/\/kozaiskele.com\/en\/wp-json\/wp\/v2\/types\/page"}],"author":[{"embeddable":true,"href":"https:\/\/kozaiskele.com\/en\/wp-json\/wp\/v2\/users\/1"}],"replies":[{"embeddable":true,"href":"https:\/\/kozaiskele.com\/en\/wp-json\/wp\/v2\/comments?post=207"}],"version-history":[{"count":0,"href":"https:\/\/kozaiskele.com\/en\/wp-json\/wp\/v2\/pages\/207\/revisions"}],"wp:attachment":[{"href":"https:\/\/kozaiskele.com\/en\/wp-json\/wp\/v2\/media?parent=207"}],"curies":[{"name":"wp","href":"https:\/\/api.w.org\/{rel}","templated":true}]}}