{"id":1318,"date":"2025-07-22T18:22:21","date_gmt":"2025-07-22T15:22:21","guid":{"rendered":"https:\/\/kozaiskele.com\/?page_id=1318"},"modified":"2025-07-22T18:43:40","modified_gmt":"2025-07-22T15:43:40","slug":"sss","status":"publish","type":"page","link":"https:\/\/kozaiskele.com\/en\/faq\/","title":{"rendered":"Frequently Asked Questions"},"content":{"rendered":"<div data-elementor-type=\"wp-page\" data-elementor-id=\"1318\" class=\"elementor elementor-1318\" data-elementor-post-type=\"page\">\n\t\t\t\t<div class=\"elementor-element elementor-element-539c830 e-con-full e-flex e-con e-parent\" data-id=\"539c830\" data-element_type=\"container\">\n\t\t\t\t<div class=\"elementor-element elementor-element-27dde1a elementor-widget elementor-widget-template\" data-id=\"27dde1a\" data-element_type=\"widget\" data-widget_type=\"template.default\">\n\t\t\t\t<div class=\"elementor-widget-container\">\n\t\t\t\t\t\t\t<div class=\"elementor-template\">\n\t\t\t\t\t<div data-elementor-type=\"section\" data-elementor-id=\"140\" class=\"elementor elementor-140\" data-elementor-post-type=\"elementor_library\">\n\t\t\t\t\t<section class=\"elementor-section elementor-top-section elementor-element elementor-element-6b9f365c elementor-section-boxed elementor-section-height-default elementor-section-height-default\" data-id=\"6b9f365c\" data-element_type=\"section\" data-settings=\"{&quot;background_background&quot;:&quot;classic&quot;}\">\n\t\t\t\t\t\t\t<div class=\"elementor-background-overlay\"><\/div>\n\t\t\t\t\t\t\t<div class=\"elementor-container elementor-column-gap-default\">\n\t\t\t\t\t<div class=\"elementor-column elementor-col-100 elementor-top-column elementor-element elementor-element-1109f006\" data-id=\"1109f006\" data-element_type=\"column\">\n\t\t\t<div class=\"elementor-widget-wrap elementor-element-populated\">\n\t\t\t\t\t\t<div class=\"elementor-element elementor-element-136e7698 elementor-icon-list--layout-inline elementor-align-left elementor-widget__width-auto elementor-list-item-link-full_width elementor-invisible elementor-widget elementor-widget-icon-list\" data-id=\"136e7698\" data-element_type=\"widget\" data-settings=\"{&quot;_animation&quot;:&quot;fadeInDown&quot;}\" data-widget_type=\"icon-list.default\">\n\t\t\t\t<div class=\"elementor-widget-container\">\n\t\t\t\t\t\t\t<ul class=\"elementor-icon-list-items elementor-inline-items\">\n\t\t\t\t\t\t\t<li class=\"elementor-icon-list-item elementor-inline-item\">\n\t\t\t\t\t\t\t\t\t\t\t<a href=\"\/en\/\">\n\n\t\t\t\t\t\t\t\t\t\t\t<span class=\"elementor-icon-list-text\">Anasayfa \/<\/span>\n\t\t\t\t\t\t\t\t\t\t\t<\/a>\n\t\t\t\t\t\t\t\t\t<\/li>\n\t\t\t\t\t\t<\/ul>\n\t\t\t\t\t\t<\/div>\n\t\t\t\t<\/div>\n\t\t\t\t\t<\/div>\n\t\t<\/div>\n\t\t\t\t\t<\/div>\n\t\t<\/section>\n\t\t\t\t<\/div>\n\t\t\t\t<\/div>\n\t\t\t\t\t\t<\/div>\n\t\t\t\t<\/div>\n\t\t\t\t<\/div>\n\t\t<div class=\"elementor-element elementor-element-5cc299d e-flex e-con-boxed e-con e-parent\" data-id=\"5cc299d\" data-element_type=\"container\">\n\t\t\t\t\t<div class=\"e-con-inner\">\n\t\t\t\t<div class=\"elementor-element elementor-element-89059e3 elementor-widget elementor-widget-heading\" data-id=\"89059e3\" data-element_type=\"widget\" data-widget_type=\"heading.default\">\n\t\t\t\t<div class=\"elementor-widget-container\">\n\t\t\t\t\t<h3 class=\"elementor-heading-title elementor-size-default\">We have compiled the most frequently asked questions about our products and services for you.<\/h3>\t\t\t\t<\/div>\n\t\t\t\t<\/div>\n\t\t\t\t<div class=\"elementor-element elementor-element-419935b elementor-widget elementor-widget-text-editor\" data-id=\"419935b\" data-element_type=\"widget\" data-widget_type=\"text-editor.default\">\n\t\t\t\t<div class=\"elementor-widget-container\">\n\t\t\t\t\t\t\t\t\t<div class=\"faq\" style=\"font-family: sans-serif; color: #222; line-height: 1.6; font-size: 15px;\"><h4>What is Type H Scaffolding?<\/h4><p>H Tipi \u0130skele, \u201cH\u201d \u015feklindeki \u00e7er\u00e7eve yap\u0131s\u0131yla y\u00fcksek dayan\u0131kl\u0131l\u0131k ve kolay kurulum sunan d\u0131\u015f cephe iskele sistemidir.<\/p><h4>Which standards is the scaffolding system manufactured according to?<\/h4><p>Our products are manufactured in accordance with TS EN 12810 and TS EN 12811 European standards.<\/p><h4>How much load can Type H scaffolding carry?<\/h4><p>Kullan\u0131lan platform tipine ve kurulum \u015fekline g\u00f6re de\u011fi\u015fmekle birlikte, sistemlerimiz 200 &#8211; 450 kg\/m\u00b2 ta\u015f\u0131ma kapasitesine sahiptir.<\/p><h4>Is installation difficult?<\/h4><p>No. Thanks to its modular structure, fast and easy installation can be done. Usually 1 module can be installed in 5 minutes with 2 people.<\/p><h4>Who can use Type H scaffolding system?<\/h4><p>It can be used by many sectors such as construction companies, exterior paint\/plaster companies, insulation teams and industrial facility maintenance teams.<\/p><h4>What does it mean for scaffolding to be galvanized?<\/h4><p>Galvanized coating prevents corrosion of steel structures and enables scaffolding to be used for a long time in external environments.<\/p><h4>Are the platforms metal or wood?<\/h4><p>Plywood-based and steel-framed platforms are offered as standard. Fully metal platforms can also be manufactured according to project requirements.<\/p><h4>Are handrails and ladders included?<\/h4><p>Yes. The system is supplied with safety handrails, base plates and optionally internal ladder modules.<\/p><h4>How is pricing done?<\/h4><p>Prices are determined according to required meters, floor height, number of platforms and optional safety accessories. You can contact us to get a special quote for your project.<\/p><h4>Do you have rental options?<\/h4><p>Yes. We also offer short and long term scaffolding rental services upon request.<\/p><h4>Do you provide transportation service?<\/h4><p>Scaffolding shipments are made throughout Turkey and abroad. The logistics process is organized by our company.<\/p><h4>Do you provide assembly service after receiving the scaffolding?<\/h4><p>We provide technical support and application guidance for installation teams. On-site consultancy service can also be provided.<\/p><h4>Are there ready products in stock?<\/h4><p>Stock is usually kept for frequently used sizes and parts. Production time may be required for special size and quantity requests.<\/p><h4>What is the warranty period of the products?<\/h4><p>2 years warranty is provided against manufacturing defects.<\/p><h4>Is spare part supply possible?<\/h4><p>Yes. Spare parts for all our systems can be supplied from our company.<\/p><h4>At what heights can I use Type H Scaffolding?<\/h4><p>Safe use up to 30 meters is possible when secure fastening conditions are provided.<\/p><h4>Is the system safe in windy areas?<\/h4><p>Yes. It provides safe use in windy environments when used with fixing elements that have static calculations and are designed according to wind loads.<\/p><h4>Can I get approval from official institutions that inspect scaffolding?<\/h4><p>Yes. Our documents are compliant with occupational health and safety regulations and construction inspection regulations.<\/p><h4>Can we visit your production facility?<\/h4><p>Of course. You can visit our production facility by appointment and see the production processes on site.<\/p><h4>Do you provide operator training for scaffolding installation?<\/h4><p>Yes. When requested, we can provide basic safety and assembly training for scaffolding installation. These trainings can be given both on-site and theoretically.<\/p><h4>How are scaffolding balance adjustments made?<\/h4><p>Scaffolding must sit completely on the ground and balance adjustments must be made with millimeter precision. Stability is provided with adjustable base plates, diagonal connections and wall connection apparatus.<\/p><h4>Can I use scaffolding indoors as well?<\/h4><p>Yes. Type H scaffolding systems can also be comfortably used in factories, warehouses and large interior volume structures. They can be made suitable for indoor use with floor protection wedges.<\/p><h4>What is the usage period of scaffolding?<\/h4><p>A service life of 10 years and above is possible under proper storage, maintenance and usage conditions. Galvanized coating increases this period.<\/p><h4>Does it require maintenance?<\/h4><p>Yes. Especially connection points, platform surfaces and welded areas should be checked periodically. Parts with surface deformation should be replaced.<\/p><h4>Is it possible to dismantle and reassemble Type H scaffolding?<\/h4><p>Yes. Thanks to its modular structure, it can be easily dismantled and reassembled in different areas. This feature increases its reusability for different projects.<\/p><h4>Can banners, advertisements or tarps be hung on the scaffolding system?<\/h4><p>They can be hung, but static evaluation should be done as it may increase wind load and extra fixing measures must be taken.<\/p><h4>Do you offer special solutions for storage and transportation?<\/h4><p>Yes. We offer transport pallets, iron cages and special stacking solutions optionally. This facilitates both transportation and warehouse organization.<\/p><h4>Do you send assembly teams when I rent Type H scaffolding?<\/h4><p>If requested, we also provide installation service with professional assembly teams. This service is priced separately.<\/p><h4>Does your system damage the building facade?<\/h4><p>No. Scaffolding fixing apparatus are designed not to damage the building facade. Rubber supports can be used in areas contacting the surface.<\/p><h4>Can I expand or heighten the scaffolding system?<\/h4><p>Yes. You can heighten the scaffolding floor by floor or expand it. Connections between modules are fast and secure.<\/p><h4>Do you export abroad?<\/h4><p>Yes. We export to many countries with our necessary quality certificates. We also provide support in customs and logistics processes.<\/p><\/div>\t\t\t\t\t\t\t\t<\/div>\n\t\t\t\t<\/div>\n\t\t\t\t\t<\/div>\n\t\t\t\t<\/div>\n\t\t<div class=\"elementor-element elementor-element-be4b847 e-flex e-con-boxed e-con e-parent\" data-id=\"be4b847\" data-element_type=\"container\">\n\t\t\t\t\t<div class=\"e-con-inner\">\n\t\t<div class=\"elementor-element elementor-element-e28f906 e-con-full e-flex e-con e-child\" data-id=\"e28f906\" data-element_type=\"container\">\n\t\t\t\t<div class=\"elementor-element elementor-element-a652794 elementor-widget elementor-widget-heading\" data-id=\"a652794\" data-element_type=\"widget\" data-widget_type=\"heading.default\">\n\t\t\t\t<div class=\"elementor-widget-container\">\n\t\t\t\t\t<h5 class=\"elementor-heading-title elementor-size-default\"><a href=\"https:\/\/kozaiskele.com\/en\/who-we-are\/#imalatimiz\/\">Our Factory: Explore Our Manufacturing<\/a><\/h5>\t\t\t\t<\/div>\n\t\t\t\t<\/div>\n\t\t\t\t<div class=\"elementor-element elementor-element-c769c85 elementor-mobile-align-justify elementor-widget elementor-widget-button\" data-id=\"c769c85\" data-element_type=\"widget\" data-widget_type=\"button.default\">\n\t\t\t\t<div class=\"elementor-widget-container\">\n\t\t\t\t\t\t\t\t\t<div class=\"elementor-button-wrapper\">\n\t\t\t\t\t<a class=\"elementor-button elementor-button-link elementor-size-sm\" href=\"https:\/\/kozaiskele.com\/en\/who-we-are\/#imalatimiz\/\">\n\t\t\t\t\t\t<span class=\"elementor-button-content-wrapper\">\n\t\t\t\t\t\t<span class=\"elementor-button-icon\">\n\t\t\t\t<svg aria-hidden=\"true\" class=\"e-font-icon-svg e-fas-external-link-alt\" viewbox=\"0 0 512 512\" xmlns=\"http:\/\/www.w3.org\/2000\/svg\"><path d=\"M432,320H400a16,16,0,0,0-16,16V448H64V128H208a16,16,0,0,0,16-16V80a16,16,0,0,0-16-16H48A48,48,0,0,0,0,112V464a48,48,0,0,0,48,48H400a48,48,0,0,0,48-48V336A16,16,0,0,0,432,320ZM488,0h-128c-21.37,0-32.05,25.91-17,41l35.73,35.73L135,320.37a24,24,0,0,0,0,34L157.67,377a24,24,0,0,0,34,0L435.28,133.32,471,169c15,15,41,4.5,41-17V24A24,24,0,0,0,488,0Z\"><\/path><\/svg>\t\t\t<\/span>\n\t\t\t\t\t\t\t\t\t<span class=\"elementor-button-text\">Our Factory<\/span>\n\t\t\t\t\t<\/span>\n\t\t\t\t\t<\/a>\n\t\t\t\t<\/div>\n\t\t\t\t\t\t\t\t<\/div>\n\t\t\t\t<\/div>\n\t\t\t\t<\/div>\n\t\t<div class=\"elementor-element elementor-element-1c4137e e-con-full e-flex e-con e-child\" data-id=\"1c4137e\" data-element_type=\"container\">\n\t\t\t\t<div class=\"elementor-element elementor-element-8dc5772 elementor-arrows-position-outside elementor-pagination-position-outside elementor-widget elementor-widget-image-carousel\" data-id=\"8dc5772\" data-element_type=\"widget\" data-settings=\"{&quot;slides_to_show&quot;:&quot;10&quot;,&quot;slides_to_scroll&quot;:&quot;4&quot;,&quot;image_spacing_custom&quot;:{&quot;unit&quot;:&quot;px&quot;,&quot;size&quot;:13,&quot;sizes&quot;:[]},&quot;slides_to_show_mobile&quot;:&quot;3&quot;,&quot;navigation&quot;:&quot;both&quot;,&quot;autoplay&quot;:&quot;yes&quot;,&quot;pause_on_hover&quot;:&quot;yes&quot;,&quot;pause_on_interaction&quot;:&quot;yes&quot;,&quot;autoplay_speed&quot;:5000,&quot;infinite&quot;:&quot;yes&quot;,&quot;speed&quot;:500,&quot;image_spacing_custom_tablet&quot;:{&quot;unit&quot;:&quot;px&quot;,&quot;size&quot;:&quot;&quot;,&quot;sizes&quot;:[]},&quot;image_spacing_custom_mobile&quot;:{&quot;unit&quot;:&quot;px&quot;,&quot;size&quot;:&quot;&quot;,&quot;sizes&quot;:[]}}\" data-widget_type=\"image-carousel.default\">\n\t\t\t\t<div class=\"elementor-widget-container\">\n\t\t\t\t\t\t\t<div class=\"elementor-image-carousel-wrapper swiper\" role=\"region\" aria-roledescription=\"carousel\" aria-label=\"Resim D\u00f6ng\u00fcs\u00fc\" dir=\"ltr\">\n\t\t\t<div class=\"elementor-image-carousel swiper-wrapper swiper-image-stretch\" aria-live=\"off\">\n\t\t\t\t\t\t\t\t<div class=\"swiper-slide\" role=\"group\" aria-roledescription=\"slide\" aria-label=\"1 \u0438\u0437 14\" data-no-translation-aria-label=\"\"><a data-elementor-open-lightbox=\"yes\" data-elementor-lightbox-slideshow=\"8dc5772\" data-elementor-lightbox-title=\"koza-iskele-mega-kurumsal-2\" data-e-action-hash=\"#elementor-action%3Aaction%3Dlightbox%26settings%3DeyJpZCI6OTgzLCJ1cmwiOiJodHRwczpcL1wva296YWlza2VsZS5jb21cL2ltZ1wvMjAyNVwvMDdcL2tvemEtaXNrZWxlLW1lZ2Eta3VydW1zYWwtMi53ZWJwIiwic2xpZGVzaG93IjoiOGRjNTc3MiJ9\" href=\"https:\/\/kozaiskele.com\/en\/who-we-are\/#imalatimiz\/\"><figure class=\"swiper-slide-inner\"><img decoding=\"async\" class=\"swiper-slide-image\" src=\"https:\/\/kozaiskele.com\/img\/2025\/07\/koza-iskele-mega-kurumsal-2.webp\" alt=\"koza-iskele-mega-kurumsal-2\" \/><\/figure><\/a><\/div><div class=\"swiper-slide\" role=\"group\" aria-roledescription=\"slide\" aria-label=\"2 \u0438\u0437 14\" data-no-translation-aria-label=\"\"><a data-elementor-open-lightbox=\"yes\" data-elementor-lightbox-slideshow=\"8dc5772\" data-elementor-lightbox-title=\"koza-iskele-img_1251\" data-e-action-hash=\"#elementor-action%3Aaction%3Dlightbox%26settings%3DeyJpZCI6OTY0LCJ1cmwiOiJodHRwczpcL1wva296YWlza2VsZS5jb21cL2ltZ1wvMjAyNVwvMDdcL2tvemEtaXNrZWxlLWltZ18xMjUxLndlYnAiLCJzbGlkZXNob3ciOiI4ZGM1NzcyIn0%3D\" href=\"https:\/\/kozaiskele.com\/en\/who-we-are\/#imalatimiz\/\"><figure class=\"swiper-slide-inner\"><img decoding=\"async\" class=\"swiper-slide-image\" src=\"https:\/\/kozaiskele.com\/img\/2025\/07\/koza-iskele-img_1251.webp\" alt=\"koza-iskele-img_1251\" \/><\/figure><\/a><\/div><div class=\"swiper-slide\" role=\"group\" aria-roledescription=\"slide\" aria-label=\"3 \u0438\u0437 14\" data-no-translation-aria-label=\"\"><a data-elementor-open-lightbox=\"yes\" data-elementor-lightbox-slideshow=\"8dc5772\" data-elementor-lightbox-title=\"koza-iskele-img_1252\" data-e-action-hash=\"#elementor-action%3Aaction%3Dlightbox%26settings%3DeyJpZCI6OTY1LCJ1cmwiOiJodHRwczpcL1wva296YWlza2VsZS5jb21cL2ltZ1wvMjAyNVwvMDdcL2tvemEtaXNrZWxlLWltZ18xMjUyLndlYnAiLCJzbGlkZXNob3ciOiI4ZGM1NzcyIn0%3D\" href=\"https:\/\/kozaiskele.com\/en\/who-we-are\/#imalatimiz\/\"><figure class=\"swiper-slide-inner\"><img decoding=\"async\" class=\"swiper-slide-image\" src=\"https:\/\/kozaiskele.com\/img\/2025\/07\/koza-iskele-img_1252.webp\" alt=\"koza-iskele-img_1252\" \/><\/figure><\/a><\/div><div class=\"swiper-slide\" role=\"group\" aria-roledescription=\"slide\" aria-label=\"4 \u0438\u0437 14\" data-no-translation-aria-label=\"\"><a data-elementor-open-lightbox=\"yes\" data-elementor-lightbox-slideshow=\"8dc5772\" data-elementor-lightbox-title=\"koza-iskele-img_1247\" data-e-action-hash=\"#elementor-action%3Aaction%3Dlightbox%26settings%3DeyJpZCI6OTYwLCJ1cmwiOiJodHRwczpcL1wva296YWlza2VsZS5jb21cL2ltZ1wvMjAyNVwvMDdcL2tvemEtaXNrZWxlLWltZ18xMjQ3LndlYnAiLCJzbGlkZXNob3ciOiI4ZGM1NzcyIn0%3D\" href=\"https:\/\/kozaiskele.com\/en\/who-we-are\/#imalatimiz\/\"><figure class=\"swiper-slide-inner\"><img decoding=\"async\" class=\"swiper-slide-image\" src=\"https:\/\/kozaiskele.com\/img\/2025\/07\/koza-iskele-img_1247.webp\" alt=\"koza-iskele-img_1247\" \/><\/figure><\/a><\/div><div class=\"swiper-slide\" role=\"group\" aria-roledescription=\"slide\" aria-label=\"5 \u0438\u0437 14\" data-no-translation-aria-label=\"\"><a data-elementor-open-lightbox=\"yes\" data-elementor-lightbox-slideshow=\"8dc5772\" data-elementor-lightbox-title=\"koza-iskele-img_1248\" data-e-action-hash=\"#elementor-action%3Aaction%3Dlightbox%26settings%3DeyJpZCI6OTYxLCJ1cmwiOiJodHRwczpcL1wva296YWlza2VsZS5jb21cL2ltZ1wvMjAyNVwvMDdcL2tvemEtaXNrZWxlLWltZ18xMjQ4LndlYnAiLCJzbGlkZXNob3ciOiI4ZGM1NzcyIn0%3D\" href=\"https:\/\/kozaiskele.com\/en\/who-we-are\/#imalatimiz\/\"><figure class=\"swiper-slide-inner\"><img decoding=\"async\" class=\"swiper-slide-image\" src=\"https:\/\/kozaiskele.com\/img\/2025\/07\/koza-iskele-img_1248.webp\" alt=\"koza-iskele-img_1248\" \/><\/figure><\/a><\/div><div class=\"swiper-slide\" role=\"group\" aria-roledescription=\"slide\" aria-label=\"6 \u0438\u0437 14\" data-no-translation-aria-label=\"\"><a data-elementor-open-lightbox=\"yes\" data-elementor-lightbox-slideshow=\"8dc5772\" data-elementor-lightbox-title=\"koza-iskele-img_1244\" data-e-action-hash=\"#elementor-action%3Aaction%3Dlightbox%26settings%3DeyJpZCI6OTU3LCJ1cmwiOiJodHRwczpcL1wva296YWlza2VsZS5jb21cL2ltZ1wvMjAyNVwvMDdcL2tvemEtaXNrZWxlLWltZ18xMjQ0LndlYnAiLCJzbGlkZXNob3ciOiI4ZGM1NzcyIn0%3D\" href=\"https:\/\/kozaiskele.com\/en\/who-we-are\/#imalatimiz\/\"><figure class=\"swiper-slide-inner\"><img decoding=\"async\" class=\"swiper-slide-image\" src=\"https:\/\/kozaiskele.com\/img\/2025\/07\/koza-iskele-img_1244.webp\" alt=\"koza-iskele-img_1244\" \/><\/figure><\/a><\/div><div class=\"swiper-slide\" role=\"group\" aria-roledescription=\"slide\" aria-label=\"7 \u0438\u0437 14\" data-no-translation-aria-label=\"\"><a data-elementor-open-lightbox=\"yes\" data-elementor-lightbox-slideshow=\"8dc5772\" data-elementor-lightbox-title=\"koza-iskele-img_1242\" data-e-action-hash=\"#elementor-action%3Aaction%3Dlightbox%26settings%3DeyJpZCI6OTU1LCJ1cmwiOiJodHRwczpcL1wva296YWlza2VsZS5jb21cL2ltZ1wvMjAyNVwvMDdcL2tvemEtaXNrZWxlLWltZ18xMjQyLndlYnAiLCJzbGlkZXNob3ciOiI4ZGM1NzcyIn0%3D\" href=\"https:\/\/kozaiskele.com\/en\/who-we-are\/#imalatimiz\/\"><figure class=\"swiper-slide-inner\"><img decoding=\"async\" class=\"swiper-slide-image\" src=\"https:\/\/kozaiskele.com\/img\/2025\/07\/koza-iskele-img_1242.webp\" alt=\"koza-iskele-img_1242\" \/><\/figure><\/a><\/div><div class=\"swiper-slide\" role=\"group\" aria-roledescription=\"slide\" aria-label=\"8 \u0438\u0437 14\" data-no-translation-aria-label=\"\"><a data-elementor-open-lightbox=\"yes\" data-elementor-lightbox-slideshow=\"8dc5772\" data-elementor-lightbox-title=\"koza-iskele-img_1223\" data-e-action-hash=\"#elementor-action%3Aaction%3Dlightbox%26settings%3DeyJpZCI6OTM5LCJ1cmwiOiJodHRwczpcL1wva296YWlza2VsZS5jb21cL2ltZ1wvMjAyNVwvMDdcL2tvemEtaXNrZWxlLWltZ18xMjIzLndlYnAiLCJzbGlkZXNob3ciOiI4ZGM1NzcyIn0%3D\" href=\"https:\/\/kozaiskele.com\/en\/who-we-are\/#imalatimiz\/\"><figure class=\"swiper-slide-inner\"><img decoding=\"async\" class=\"swiper-slide-image\" src=\"https:\/\/kozaiskele.com\/img\/2025\/07\/koza-iskele-img_1223.webp\" alt=\"koza-iskele-img_1223\" \/><\/figure><\/a><\/div><div class=\"swiper-slide\" role=\"group\" aria-roledescription=\"slide\" aria-label=\"9 \u0438\u0437 14\" data-no-translation-aria-label=\"\"><a data-elementor-open-lightbox=\"yes\" data-elementor-lightbox-slideshow=\"8dc5772\" data-elementor-lightbox-title=\"koza-iskele-img_1226\" data-e-action-hash=\"#elementor-action%3Aaction%3Dlightbox%26settings%3DeyJpZCI6OTQyLCJ1cmwiOiJodHRwczpcL1wva296YWlza2VsZS5jb21cL2ltZ1wvMjAyNVwvMDdcL2tvemEtaXNrZWxlLWltZ18xMjI2LndlYnAiLCJzbGlkZXNob3ciOiI4ZGM1NzcyIn0%3D\" href=\"https:\/\/kozaiskele.com\/en\/who-we-are\/#imalatimiz\/\"><figure class=\"swiper-slide-inner\"><img decoding=\"async\" class=\"swiper-slide-image\" src=\"https:\/\/kozaiskele.com\/img\/2025\/07\/koza-iskele-img_1226.webp\" alt=\"koza-iskele-img_1226\" \/><\/figure><\/a><\/div><div class=\"swiper-slide\" role=\"group\" aria-roledescription=\"slide\" aria-label=\"10 \u0438\u0437 14\" data-no-translation-aria-label=\"\"><a data-elementor-open-lightbox=\"yes\" data-elementor-lightbox-slideshow=\"8dc5772\" data-elementor-lightbox-title=\"koza-iskele-img_1203\" data-e-action-hash=\"#elementor-action%3Aaction%3Dlightbox%26settings%3DeyJpZCI6OTIyLCJ1cmwiOiJodHRwczpcL1wva296YWlza2VsZS5jb21cL2ltZ1wvMjAyNVwvMDdcL2tvemEtaXNrZWxlLWltZ18xMjAzLndlYnAiLCJzbGlkZXNob3ciOiI4ZGM1NzcyIn0%3D\" href=\"https:\/\/kozaiskele.com\/en\/who-we-are\/#imalatimiz\/\"><figure class=\"swiper-slide-inner\"><img decoding=\"async\" class=\"swiper-slide-image\" src=\"https:\/\/kozaiskele.com\/img\/2025\/07\/koza-iskele-img_1203.webp\" alt=\"koza-iskele-img_1203\" \/><\/figure><\/a><\/div><div class=\"swiper-slide\" role=\"group\" aria-roledescription=\"slide\" aria-label=\"11 \u0438\u0437 14\" data-no-translation-aria-label=\"\"><a data-elementor-open-lightbox=\"yes\" data-elementor-lightbox-slideshow=\"8dc5772\" data-elementor-lightbox-title=\"koza-iskele-img_1199\" data-e-action-hash=\"#elementor-action%3Aaction%3Dlightbox%26settings%3DeyJpZCI6OTE4LCJ1cmwiOiJodHRwczpcL1wva296YWlza2VsZS5jb21cL2ltZ1wvMjAyNVwvMDdcL2tvemEtaXNrZWxlLWltZ18xMTk5LndlYnAiLCJzbGlkZXNob3ciOiI4ZGM1NzcyIn0%3D\" href=\"https:\/\/kozaiskele.com\/en\/who-we-are\/#imalatimiz\/\"><figure class=\"swiper-slide-inner\"><img decoding=\"async\" class=\"swiper-slide-image\" src=\"https:\/\/kozaiskele.com\/img\/2025\/07\/koza-iskele-img_1199.webp\" alt=\"koza-iskele-img_1199\" \/><\/figure><\/a><\/div><div class=\"swiper-slide\" role=\"group\" aria-roledescription=\"slide\" aria-label=\"12 \u0438\u0437 14\" data-no-translation-aria-label=\"\"><a data-elementor-open-lightbox=\"yes\" data-elementor-lightbox-slideshow=\"8dc5772\" data-elementor-lightbox-title=\"koza-iskele-img_1184\" data-e-action-hash=\"#elementor-action%3Aaction%3Dlightbox%26settings%3DeyJpZCI6OTExLCJ1cmwiOiJodHRwczpcL1wva296YWlza2VsZS5jb21cL2ltZ1wvMjAyNVwvMDdcL2tvemEtaXNrZWxlLWltZ18xMTg0LndlYnAiLCJzbGlkZXNob3ciOiI4ZGM1NzcyIn0%3D\" href=\"https:\/\/kozaiskele.com\/en\/who-we-are\/#imalatimiz\/\"><figure class=\"swiper-slide-inner\"><img decoding=\"async\" class=\"swiper-slide-image\" src=\"https:\/\/kozaiskele.com\/img\/2025\/07\/koza-iskele-img_1184.webp\" alt=\"koza-iskele-img_1184\" \/><\/figure><\/a><\/div><div class=\"swiper-slide\" role=\"group\" aria-roledescription=\"slide\" aria-label=\"13 \u0438\u0437 14\" data-no-translation-aria-label=\"\"><a data-elementor-open-lightbox=\"yes\" data-elementor-lightbox-slideshow=\"8dc5772\" data-elementor-lightbox-title=\"koza-iskele-img_1179\" data-e-action-hash=\"#elementor-action%3Aaction%3Dlightbox%26settings%3DeyJpZCI6OTA5LCJ1cmwiOiJodHRwczpcL1wva296YWlza2VsZS5jb21cL2ltZ1wvMjAyNVwvMDdcL2tvemEtaXNrZWxlLWltZ18xMTc5LndlYnAiLCJzbGlkZXNob3ciOiI4ZGM1NzcyIn0%3D\" href=\"https:\/\/kozaiskele.com\/en\/who-we-are\/#imalatimiz\/\"><figure class=\"swiper-slide-inner\"><img decoding=\"async\" class=\"swiper-slide-image\" src=\"https:\/\/kozaiskele.com\/img\/2025\/07\/koza-iskele-img_1179.webp\" alt=\"koza-iskele-img_1179\" \/><\/figure><\/a><\/div><div class=\"swiper-slide\" role=\"group\" aria-roledescription=\"slide\" aria-label=\"14 \u0438\u0437 14\" data-no-translation-aria-label=\"\"><a data-elementor-open-lightbox=\"yes\" data-elementor-lightbox-slideshow=\"8dc5772\" data-elementor-lightbox-title=\"koza-iskele-img_1177\" data-e-action-hash=\"#elementor-action%3Aaction%3Dlightbox%26settings%3DeyJpZCI6OTA4LCJ1cmwiOiJodHRwczpcL1wva296YWlza2VsZS5jb21cL2ltZ1wvMjAyNVwvMDdcL2tvemEtaXNrZWxlLWltZ18xMTc3LndlYnAiLCJzbGlkZXNob3ciOiI4ZGM1NzcyIn0%3D\" href=\"https:\/\/kozaiskele.com\/en\/who-we-are\/#imalatimiz\/\"><figure class=\"swiper-slide-inner\"><img decoding=\"async\" class=\"swiper-slide-image\" src=\"https:\/\/kozaiskele.com\/img\/2025\/07\/koza-iskele-img_1177.webp\" alt=\"koza-iskele-img_1177\" \/><\/figure><\/a><\/div>\t\t\t<\/div>\n\t\t\t\t\t\t\t\t\t\t\t\t<div class=\"elementor-swiper-button elementor-swiper-button-prev\" role=\"button\" tabindex=\"0\">\n\t\t\t\t\t\t<svg aria-hidden=\"true\" class=\"e-font-icon-svg e-eicon-chevron-left\" viewbox=\"0 0 1000 1000\" xmlns=\"http:\/\/www.w3.org\/2000\/svg\"><path d=\"M646 125C629 125 613 133 604 142L308 442C296 454 292 471 292 487 292 504 296 521 308 533L604 854C617 867 629 875 646 875 663 875 679 871 692 858 704 846 713 829 713 812 713 796 708 779 692 767L438 487 692 225C700 217 708 204 708 187 708 171 704 154 692 142 675 129 663 125 646 125Z\"><\/path><\/svg>\t\t\t\t\t<\/div>\n\t\t\t\t\t<div class=\"elementor-swiper-button elementor-swiper-button-next\" role=\"button\" tabindex=\"0\">\n\t\t\t\t\t\t<svg aria-hidden=\"true\" class=\"e-font-icon-svg e-eicon-chevron-right\" viewbox=\"0 0 1000 1000\" xmlns=\"http:\/\/www.w3.org\/2000\/svg\"><path d=\"M696 533C708 521 713 504 713 487 713 471 708 454 696 446L400 146C388 133 375 125 354 125 338 125 325 129 313 142 300 154 292 171 292 187 292 204 296 221 308 233L563 492 304 771C292 783 288 800 288 817 288 833 296 850 308 863 321 871 338 875 354 875 371 875 388 867 400 854L696 533Z\"><\/path><\/svg>\t\t\t\t\t<\/div>\n\t\t\t\t\n\t\t\t\t\t\t\t\t\t<div class=\"swiper-pagination\"><\/div>\n\t\t\t\t\t\t\t\t\t<\/div>\n\t\t\t\t\t\t<\/div>\n\t\t\t\t<\/div>\n\t\t\t\t<\/div>\n\t\t\t\t\t<\/div>\n\t\t\t\t<\/div>\n\t\t\t\t<\/div>","protected":false},"excerpt":{"rendered":"<p>\u00dcr\u00fcnlerimiz ve hizmetlerimizle ilgili en \u00e7ok merak edilenleri sizin i\u00e7in derledik. H Tipi \u0130skele nedir? H Tipi \u0130skele, \u201cH\u201d \u015feklindeki \u00e7er\u00e7eve yap\u0131s\u0131yla y\u00fcksek dayan\u0131kl\u0131l\u0131k ve kolay kurulum sunan d\u0131\u015f cephe iskele sistemidir. \u0130skele sistemi hangi standartlara uygun \u00fcretiliyor? \u00dcr\u00fcnlerimiz, TS EN 12810 ve TS EN 12811 Avrupa standartlar\u0131na uygun olarak \u00fcretilmektedir. H Tipi iskele ne [&hellip;]<\/p>","protected":false},"author":1,"featured_media":0,"parent":0,"menu_order":0,"comment_status":"closed","ping_status":"closed","template":"elementor_header_footer","meta":{"footnotes":""},"class_list":["post-1318","page","type-page","status-publish","hentry"],"_links":{"self":[{"href":"https:\/\/kozaiskele.com\/en\/wp-json\/wp\/v2\/pages\/1318","targetHints":{"allow":["GET"]}}],"collection":[{"href":"https:\/\/kozaiskele.com\/en\/wp-json\/wp\/v2\/pages"}],"about":[{"href":"https:\/\/kozaiskele.com\/en\/wp-json\/wp\/v2\/types\/page"}],"author":[{"embeddable":true,"href":"https:\/\/kozaiskele.com\/en\/wp-json\/wp\/v2\/users\/1"}],"replies":[{"embeddable":true,"href":"https:\/\/kozaiskele.com\/en\/wp-json\/wp\/v2\/comments?post=1318"}],"version-history":[{"count":0,"href":"https:\/\/kozaiskele.com\/en\/wp-json\/wp\/v2\/pages\/1318\/revisions"}],"wp:attachment":[{"href":"https:\/\/kozaiskele.com\/en\/wp-json\/wp\/v2\/media?parent=1318"}],"curies":[{"name":"wp","href":"https:\/\/api.w.org\/{rel}","templated":true}]}}