{"id":579,"date":"2025-07-12T01:02:59","date_gmt":"2025-07-11T22:02:59","guid":{"rendered":"https:\/\/kozaiskele.com\/?page_id=579"},"modified":"2025-08-01T22:16:36","modified_gmt":"2025-08-01T19:16:36","slug":"kalite-politikamiz","status":"publish","type":"page","link":"https:\/\/kozaiskele.com\/de\/unsere-qualitaetspolitik\/","title":{"rendered":"Qualit\u00e4tspolitik"},"content":{"rendered":"<div data-elementor-type=\"wp-page\" data-elementor-id=\"579\" class=\"elementor elementor-579\" data-elementor-post-type=\"page\">\n\t\t\t\t<div class=\"elementor-element elementor-element-539c830 e-con-full e-flex e-con e-parent\" data-id=\"539c830\" data-element_type=\"container\" data-settings=\"{&quot;background_background&quot;:&quot;slideshow&quot;,&quot;background_slideshow_gallery&quot;:[{&quot;id&quot;:932,&quot;url&quot;:&quot;https:\\\/\\\/kozaiskele.com\\\/img\\\/2025\\\/07\\\/koza-iskele-img_1216.webp&quot;},{&quot;id&quot;:937,&quot;url&quot;:&quot;https:\\\/\\\/kozaiskele.com\\\/img\\\/2025\\\/07\\\/koza-iskele-img_1221.webp&quot;},{&quot;id&quot;:942,&quot;url&quot;:&quot;https:\\\/\\\/kozaiskele.com\\\/img\\\/2025\\\/07\\\/koza-iskele-img_1226.webp&quot;}],&quot;background_slideshow_ken_burns&quot;:&quot;yes&quot;,&quot;background_slideshow_ken_burns_zoom_direction&quot;:&quot;out&quot;,&quot;background_slideshow_loop&quot;:&quot;yes&quot;,&quot;background_slideshow_slide_duration&quot;:5000,&quot;background_slideshow_slide_transition&quot;:&quot;fade&quot;,&quot;background_slideshow_transition_duration&quot;:500}\">\n\t\t\t\t<div class=\"elementor-element elementor-element-bafc674 elementor-widget elementor-widget-heading\" data-id=\"bafc674\" data-element_type=\"widget\" data-widget_type=\"heading.default\">\n\t\t\t\t<div class=\"elementor-widget-container\">\n\t\t\t\t\t<h4 class=\"elementor-heading-title elementor-size-default\">\u00dcretimde, hizmette ve her ad\u0131mda kaliteye ba\u011fl\u0131l\u0131k...<\/h4>\t\t\t\t<\/div>\n\t\t\t\t<\/div>\n\t\t\t\t<div class=\"elementor-element elementor-element-dfb1ee8 elementor-view-default elementor-widget elementor-widget-icon\" data-id=\"dfb1ee8\" data-element_type=\"widget\" data-widget_type=\"icon.default\">\n\t\t\t\t<div class=\"elementor-widget-container\">\n\t\t\t\t\t\t\t<div class=\"elementor-icon-wrapper\">\n\t\t\t<a class=\"elementor-icon\" href=\"#arrows\">\n\t\t\t<i aria-hidden=\"true\" class=\"icon icon-arrow-down\"><\/i>\t\t\t<\/a>\n\t\t<\/div>\n\t\t\t\t\t\t<\/div>\n\t\t\t\t<\/div>\n\t\t\t\t<\/div>\n\t\t<div class=\"elementor-element elementor-element-e12023d e-flex e-con-boxed e-con e-parent\" data-id=\"e12023d\" data-element_type=\"container\">\n\t\t\t\t\t<div class=\"e-con-inner\">\n\t\t\t\t<div class=\"elementor-element elementor-element-e4a6ea5 elementor-widget elementor-widget-heading\" data-id=\"e4a6ea5\" data-element_type=\"widget\" data-widget_type=\"heading.default\">\n\t\t\t\t<div class=\"elementor-widget-container\">\n\t\t\t\t\t<h2 class=\"elementor-heading-title elementor-size-default\">Kalite, \u00dcretimimizin Temelidir<\/h2>\t\t\t\t<\/div>\n\t\t\t\t<\/div>\n\t\t\t\t<div class=\"elementor-element elementor-element-d0c99b7 elementor-widget elementor-widget-text-editor\" data-id=\"d0c99b7\" data-element_type=\"widget\" data-widget_type=\"text-editor.default\">\n\t\t\t\t<div class=\"elementor-widget-container\">\n\t\t\t\t\t\t\t\t\t<h5>Koza \u0130skele olarak kalite anlay\u0131\u015f\u0131m\u0131z yaln\u0131zca \u00fcr\u00fcnlerimizin dayan\u0131kl\u0131l\u0131\u011f\u0131yla s\u0131n\u0131rl\u0131 de\u011fildir. <br \/>Ayn\u0131 zamanda m\u00fc\u015fterilerimize sundu\u011fumuz hizmetin g\u00fcvenilirli\u011finde, \u00fcretim s\u00fcre\u00e7lerimizin verimlili\u011finde ve i\u015f ortaklar\u0131m\u0131za olan yakla\u015f\u0131m\u0131m\u0131zda da kaliteyi esas al\u0131r\u0131z.<\/h5>\t\t\t\t\t\t\t\t<\/div>\n\t\t\t\t<\/div>\n\t\t\t\t\t<\/div>\n\t\t\t\t<\/div>\n\t\t<div class=\"elementor-element elementor-element-44a264a e-flex e-con-boxed e-con e-parent\" data-id=\"44a264a\" data-element_type=\"container\">\n\t\t\t\t\t<div class=\"e-con-inner\">\n\t\t\t\t<div class=\"elementor-element elementor-element-4ec6a77 elementor-widget elementor-widget-heading\" data-id=\"4ec6a77\" data-element_type=\"widget\" data-widget_type=\"heading.default\">\n\t\t\t\t<div class=\"elementor-widget-container\">\n\t\t\t\t\t<h2 class=\"elementor-heading-title elementor-size-default\">Kalite, \u00dcretimimizin Temelidir<\/h2>\t\t\t\t<\/div>\n\t\t\t\t<\/div>\n\t\t<div class=\"elementor-element elementor-element-315a5c7 e-con-full e-flex e-con e-child\" data-id=\"315a5c7\" data-element_type=\"container\">\n\t\t<div class=\"elementor-element elementor-element-19d942c e-con-full e-flex e-con e-child\" data-id=\"19d942c\" data-element_type=\"container\">\n\t\t\t\t<div class=\"elementor-element elementor-element-9b76016 elementor-widget elementor-widget-heading\" data-id=\"9b76016\" data-element_type=\"widget\" data-widget_type=\"heading.default\">\n\t\t\t\t<div class=\"elementor-widget-container\">\n\t\t\t\t\t<h4 class=\"elementor-heading-title elementor-size-default\">S\u00fcrekli Geli\u015fim<\/h4>\t\t\t\t<\/div>\n\t\t\t\t<\/div>\n\t\t\t\t<div class=\"elementor-element elementor-element-73eb79e elementor-widget elementor-widget-image\" data-id=\"73eb79e\" data-element_type=\"widget\" data-widget_type=\"image.default\">\n\t\t\t\t<div class=\"elementor-widget-container\">\n\t\t\t\t\t\t\t\t\t\t\t\t\t\t\t<img fetchpriority=\"high\" decoding=\"async\" width=\"1200\" height=\"675\" src=\"https:\/\/kozaiskele.com\/img\/2025\/07\/slider-1.webp\" class=\"attachment-full size-full wp-image-1108\" alt=\"\" srcset=\"https:\/\/kozaiskele.com\/img\/2025\/07\/slider-1.webp 1200w, https:\/\/kozaiskele.com\/img\/2025\/07\/slider-1-300x169.webp 300w, https:\/\/kozaiskele.com\/img\/2025\/07\/slider-1-1024x576.webp 1024w, https:\/\/kozaiskele.com\/img\/2025\/07\/slider-1-768x432.webp 768w\" sizes=\"(max-width: 1200px) 100vw, 1200px\" \/>\t\t\t\t\t\t\t\t\t\t\t\t\t\t\t<\/div>\n\t\t\t\t<\/div>\n\t\t\t\t<div class=\"elementor-element elementor-element-afdd268 elementor-widget elementor-widget-text-editor\" data-id=\"afdd268\" data-element_type=\"widget\" data-widget_type=\"text-editor.default\">\n\t\t\t\t<div class=\"elementor-widget-container\">\n\t\t\t\t\t\t\t\t\t<p>Kaliteyi art\u0131rmak i\u00e7in s\u00fcre\u00e7lerimizi d\u00fczenli olarak analiz eder, iyile\u015ftiririz.<\/p>\t\t\t\t\t\t\t\t<\/div>\n\t\t\t\t<\/div>\n\t\t\t\t<\/div>\n\t\t<div class=\"elementor-element elementor-element-36d093d e-con-full e-flex e-con e-child\" data-id=\"36d093d\" data-element_type=\"container\">\n\t\t\t\t<div class=\"elementor-element elementor-element-24b2577 elementor-widget elementor-widget-heading\" data-id=\"24b2577\" data-element_type=\"widget\" data-widget_type=\"heading.default\">\n\t\t\t\t<div class=\"elementor-widget-container\">\n\t\t\t\t\t<h4 class=\"elementor-heading-title elementor-size-default\">Veriye Dayal\u0131 Karar<\/h4>\t\t\t\t<\/div>\n\t\t\t\t<\/div>\n\t\t\t\t<div class=\"elementor-element elementor-element-6089aee elementor-widget elementor-widget-image\" data-id=\"6089aee\" data-element_type=\"widget\" data-widget_type=\"image.default\">\n\t\t\t\t<div class=\"elementor-widget-container\">\n\t\t\t\t\t\t\t\t\t\t\t\t\t\t\t<img decoding=\"async\" width=\"1200\" height=\"1800\" src=\"https:\/\/kozaiskele.com\/img\/2025\/07\/mega-kurumsal.webp\" class=\"attachment-full size-full wp-image-707\" alt=\"\" srcset=\"https:\/\/kozaiskele.com\/img\/2025\/07\/mega-kurumsal.webp 1200w, https:\/\/kozaiskele.com\/img\/2025\/07\/mega-kurumsal-200x300.webp 200w, https:\/\/kozaiskele.com\/img\/2025\/07\/mega-kurumsal-683x1024.webp 683w, https:\/\/kozaiskele.com\/img\/2025\/07\/mega-kurumsal-768x1152.webp 768w, https:\/\/kozaiskele.com\/img\/2025\/07\/mega-kurumsal-1024x1536.webp 1024w\" sizes=\"(max-width: 1200px) 100vw, 1200px\" \/>\t\t\t\t\t\t\t\t\t\t\t\t\t\t\t<\/div>\n\t\t\t\t<\/div>\n\t\t\t\t<div class=\"elementor-element elementor-element-e738054 elementor-widget elementor-widget-text-editor\" data-id=\"e738054\" data-element_type=\"widget\" data-widget_type=\"text-editor.default\">\n\t\t\t\t<div class=\"elementor-widget-container\">\n\t\t\t\t\t\t\t\t\t<p>\u00dcretim ve kalite y\u00f6netimini, say\u0131sal veriler ve performans \u00f6l\u00e7\u00fctleriyle y\u00f6netiriz.<\/p>\t\t\t\t\t\t\t\t<\/div>\n\t\t\t\t<\/div>\n\t\t\t\t<\/div>\n\t\t<div class=\"elementor-element elementor-element-78e8c5f e-con-full e-flex e-con e-child\" data-id=\"78e8c5f\" data-element_type=\"container\">\n\t\t\t\t<div class=\"elementor-element elementor-element-0ecdf72 elementor-widget elementor-widget-heading\" data-id=\"0ecdf72\" data-element_type=\"widget\" data-widget_type=\"heading.default\">\n\t\t\t\t<div class=\"elementor-widget-container\">\n\t\t\t\t\t<h4 class=\"elementor-heading-title elementor-size-default\">M\u00fc\u015fteri Memnuniyeti<\/h4>\t\t\t\t<\/div>\n\t\t\t\t<\/div>\n\t\t\t\t<div class=\"elementor-element elementor-element-bd6ad19 elementor-widget elementor-widget-image\" data-id=\"bd6ad19\" data-element_type=\"widget\" data-widget_type=\"image.default\">\n\t\t\t\t<div class=\"elementor-widget-container\">\n\t\t\t\t\t\t\t\t\t\t\t\t\t\t\t<img decoding=\"async\" width=\"478\" height=\"292\" src=\"https:\/\/kozaiskele.com\/img\/2025\/07\/is-ahlaki.webp\" class=\"attachment-full size-full wp-image-1485\" alt=\"\" srcset=\"https:\/\/kozaiskele.com\/img\/2025\/07\/is-ahlaki.webp 478w, https:\/\/kozaiskele.com\/img\/2025\/07\/is-ahlaki-300x183.webp 300w\" sizes=\"(max-width: 478px) 100vw, 478px\" \/>\t\t\t\t\t\t\t\t\t\t\t\t\t\t\t<\/div>\n\t\t\t\t<\/div>\n\t\t\t\t<div class=\"elementor-element elementor-element-1d0d975 elementor-widget elementor-widget-text-editor\" data-id=\"1d0d975\" data-element_type=\"widget\" data-widget_type=\"text-editor.default\">\n\t\t\t\t<div class=\"elementor-widget-container\">\n\t\t\t\t\t\t\t\t\t<p>\u0130htiya\u00e7lar\u0131 do\u011fru anlayarak, tam zaman\u0131nda ve eksiksiz teslimat yapar\u0131z.<\/p>\t\t\t\t\t\t\t\t<\/div>\n\t\t\t\t<\/div>\n\t\t\t\t<\/div>\n\t\t<div class=\"elementor-element elementor-element-185a3ae e-con-full e-flex e-con e-child\" data-id=\"185a3ae\" data-element_type=\"container\">\n\t\t\t\t<div class=\"elementor-element elementor-element-38faf60 elementor-widget elementor-widget-heading\" data-id=\"38faf60\" data-element_type=\"widget\" data-widget_type=\"heading.default\">\n\t\t\t\t<div class=\"elementor-widget-container\">\n\t\t\t\t\t<h4 class=\"elementor-heading-title elementor-size-default\">Kalite Kontrol S\u00fcre\u00e7leri<\/h4>\t\t\t\t<\/div>\n\t\t\t\t<\/div>\n\t\t\t\t<div class=\"elementor-element elementor-element-caf9a9d elementor-widget elementor-widget-image\" data-id=\"caf9a9d\" data-element_type=\"widget\" data-widget_type=\"image.default\">\n\t\t\t\t<div class=\"elementor-widget-container\">\n\t\t\t\t\t\t\t\t\t\t\t\t\t\t\t<img loading=\"lazy\" decoding=\"async\" width=\"1200\" height=\"1800\" src=\"https:\/\/kozaiskele.com\/img\/2025\/07\/koza-iskele-img_1261.webp\" class=\"attachment-full size-full wp-image-972\" alt=\"\" srcset=\"https:\/\/kozaiskele.com\/img\/2025\/07\/koza-iskele-img_1261.webp 1200w, https:\/\/kozaiskele.com\/img\/2025\/07\/koza-iskele-img_1261-200x300.webp 200w, https:\/\/kozaiskele.com\/img\/2025\/07\/koza-iskele-img_1261-683x1024.webp 683w, https:\/\/kozaiskele.com\/img\/2025\/07\/koza-iskele-img_1261-768x1152.webp 768w, https:\/\/kozaiskele.com\/img\/2025\/07\/koza-iskele-img_1261-1024x1536.webp 1024w\" sizes=\"(max-width: 1200px) 100vw, 1200px\" \/>\t\t\t\t\t\t\t\t\t\t\t\t\t\t\t<\/div>\n\t\t\t\t<\/div>\n\t\t\t\t<div class=\"elementor-element elementor-element-ef2aa03 elementor-widget elementor-widget-text-editor\" data-id=\"ef2aa03\" data-element_type=\"widget\" data-widget_type=\"text-editor.default\">\n\t\t\t\t<div class=\"elementor-widget-container\">\n\t\t\t\t\t\t\t\t\t<p>Her \u00fcr\u00fcn\u00fcm\u00fcz, sevkiyat \u00f6ncesi s\u0131k\u0131 kalite denetimlerinden ge\u00e7irilir.<\/p>\t\t\t\t\t\t\t\t<\/div>\n\t\t\t\t<\/div>\n\t\t\t\t<\/div>\n\t\t\t\t<\/div>\n\t\t\t\t\t<\/div>\n\t\t\t\t<\/div>\n\t\t<div class=\"elementor-element elementor-element-7ba77ed e-flex e-con-boxed e-con e-parent\" data-id=\"7ba77ed\" data-element_type=\"container\">\n\t\t\t\t\t<div class=\"e-con-inner\">\n\t\t<div class=\"elementor-element elementor-element-80e6427 e-con-full e-flex e-con e-child\" data-id=\"80e6427\" data-element_type=\"container\">\n\t\t\t\t<div class=\"elementor-element elementor-element-ec5980e elementor-widget elementor-widget-heading\" data-id=\"ec5980e\" data-element_type=\"widget\" data-widget_type=\"heading.default\">\n\t\t\t\t<div class=\"elementor-widget-container\">\n\t\t\t\t\t<h3 class=\"elementor-heading-title elementor-size-default\">Neden Kalite Politikam\u0131z Bu Kadar \u00d6nemli?<\/h3>\t\t\t\t<\/div>\n\t\t\t\t<\/div>\n\t\t\t\t<div class=\"elementor-element elementor-element-c4ce747 elementor-widget elementor-widget-text-editor\" data-id=\"c4ce747\" data-element_type=\"widget\" data-widget_type=\"text-editor.default\">\n\t\t\t\t<div class=\"elementor-widget-container\">\n\t\t\t\t\t\t\t\t\t<section><p>\u0130n\u015faat sekt\u00f6r\u00fcnde kullan\u0131lan her yap\u0131 eleman\u0131n\u0131n, can g\u00fcvenli\u011fi ile do\u011frudan ili\u015fkili oldu\u011funun fark\u0131nday\u0131z.<br \/>Bu nedenle yaln\u0131zca ekonomik de\u011fil, g\u00fcvenli ve standartlara uygun \u00fcr\u00fcnler sunmak sorumlulu\u011fumuzdur.<\/p><p>Ulusal ve uluslararas\u0131 projelerde tercih edilmemizin en b\u00fcy\u00fck sebeplerinden biri; belgelenmi\u015f kalite sistemlerimiz ve m\u00fc\u015fteri odakl\u0131 \u00fcretim anlay\u0131\u015f\u0131m\u0131zd\u0131r.<\/p><\/section>\t\t\t\t\t\t\t\t<\/div>\n\t\t\t\t<\/div>\n\t\t\t\t<\/div>\n\t\t<div class=\"elementor-element elementor-element-73fb718 e-con-full e-flex e-con e-child\" data-id=\"73fb718\" data-element_type=\"container\">\n\t\t\t\t<div class=\"elementor-element elementor-element-8ab7773 elementor-widget elementor-widget-heading\" data-id=\"8ab7773\" data-element_type=\"widget\" data-widget_type=\"heading.default\">\n\t\t\t\t<div class=\"elementor-widget-container\">\n\t\t\t\t\t<h3 class=\"elementor-heading-title elementor-size-default\">Kalite Taahh\u00fctlerimiz<\/h3>\t\t\t\t<\/div>\n\t\t\t\t<\/div>\n\t\t\t\t<div class=\"elementor-element elementor-element-a3f8e9f elementor-widget elementor-widget-text-editor\" data-id=\"a3f8e9f\" data-element_type=\"widget\" data-widget_type=\"text-editor.default\">\n\t\t\t\t<div class=\"elementor-widget-container\">\n\t\t\t\t\t\t\t\t\t<section><ul><li>TSE ve uluslararas\u0131 standartlara uygun \u00fcretim<\/li><li>Kalite y\u00f6netim sistemlerinin etkin uygulanmas\u0131<\/li><li>T\u00fcm \u00e7al\u0131\u015fanlar\u0131n kalite bilinciyle hareket etmesi<\/li><li>AR-GE ve inovasyon destekli \u00fcr\u00fcn geli\u015ftirme<\/li><li>M\u00fc\u015fteri geri bildirimlerinin d\u00fczenli de\u011ferlendirilmesi<\/li><li>S\u00fcrd\u00fcr\u00fclebilir \u00fcretim ve kaynak y\u00f6netimi<\/li><\/ul><\/section>\t\t\t\t\t\t\t\t<\/div>\n\t\t\t\t<\/div>\n\t\t\t\t<\/div>\n\t\t\t\t\t<\/div>\n\t\t\t\t<\/div>\n\t\t<div class=\"elementor-element elementor-element-d4c8daa e-flex e-con-boxed e-con e-parent\" data-id=\"d4c8daa\" data-element_type=\"container\">\n\t\t\t\t\t<div class=\"e-con-inner\">\n\t\t<div class=\"elementor-element elementor-element-2d4796f e-con-full e-flex e-con e-child\" data-id=\"2d4796f\" data-element_type=\"container\">\n\t\t\t\t<div class=\"elementor-element elementor-element-40e951c elementor-align-justify elementor-widget elementor-widget-button\" data-id=\"40e951c\" data-element_type=\"widget\" data-widget_type=\"button.default\">\n\t\t\t\t<div class=\"elementor-widget-container\">\n\t\t\t\t\t\t\t\t\t<div class=\"elementor-button-wrapper\">\n\t\t\t\t\t<a class=\"elementor-button elementor-button-link elementor-size-sm\" href=\"https:\/\/kozaiskele.com\/de\/dokumente-und-zertifikate\/\">\n\t\t\t\t\t\t<span class=\"elementor-button-content-wrapper\">\n\t\t\t\t\t\t<span class=\"elementor-button-icon\">\n\t\t\t\t<svg aria-hidden=\"true\" class=\"e-font-icon-svg e-fas-file-alt\" viewbox=\"0 0 384 512\" xmlns=\"http:\/\/www.w3.org\/2000\/svg\"><path d=\"M224 136V0H24C10.7 0 0 10.7 0 24v464c0 13.3 10.7 24 24 24h336c13.3 0 24-10.7 24-24V160H248c-13.2 0-24-10.8-24-24zm64 236c0 6.6-5.4 12-12 12H108c-6.6 0-12-5.4-12-12v-8c0-6.6 5.4-12 12-12h168c6.6 0 12 5.4 12 12v8zm0-64c0 6.6-5.4 12-12 12H108c-6.6 0-12-5.4-12-12v-8c0-6.6 5.4-12 12-12h168c6.6 0 12 5.4 12 12v8zm0-72v8c0 6.6-5.4 12-12 12H108c-6.6 0-12-5.4-12-12v-8c0-6.6 5.4-12 12-12h168c6.6 0 12 5.4 12 12zm96-114.1v6.1H256V0h6.1c6.4 0 12.5 2.5 17 7l97.9 98c4.5 4.5 7 10.6 7 16.9z\"><\/path><\/svg>\t\t\t<\/span>\n\t\t\t\t\t\t\t\t\t<span class=\"elementor-button-text\">Dokumente und Zertifikate<\/span>\n\t\t\t\t\t<\/span>\n\t\t\t\t\t<\/a>\n\t\t\t\t<\/div>\n\t\t\t\t\t\t\t\t<\/div>\n\t\t\t\t<\/div>\n\t\t\t\t<\/div>\n\t\t\t\t\t<\/div>\n\t\t\t\t<\/div>\n\t\t<div class=\"elementor-element elementor-element-323cb75 e-flex e-con-boxed e-con e-parent\" data-id=\"323cb75\" data-element_type=\"container\" data-settings=\"{&quot;background_background&quot;:&quot;classic&quot;}\">\n\t\t\t\t\t<div class=\"e-con-inner\">\n\t\t\t\t<div class=\"elementor-element elementor-element-2a63850 elementor-view-framed elementor-shape-square elementor-widget elementor-widget-icon\" data-id=\"2a63850\" data-element_type=\"widget\" data-widget_type=\"icon.default\">\n\t\t\t\t<div class=\"elementor-widget-container\">\n\t\t\t\t\t\t\t<div class=\"elementor-icon-wrapper\">\n\t\t\t<div class=\"elementor-icon\">\n\t\t\t<i aria-hidden=\"true\" class=\"icon icon-checked\"><\/i>\t\t\t<\/div>\n\t\t<\/div>\n\t\t\t\t\t\t<\/div>\n\t\t\t\t<\/div>\n\t\t\t\t<div class=\"elementor-element elementor-element-4b1bea3 elementor-widget elementor-widget-heading\" data-id=\"4b1bea3\" data-element_type=\"widget\" data-widget_type=\"heading.default\">\n\t\t\t\t<div class=\"elementor-widget-container\">\n\t\t\t\t\t<h2 class=\"elementor-heading-title elementor-size-default\">Kaliteden \u00f6d\u00fcn vermeden, g\u00fcvenli yap\u0131lar in\u015fa ediyoruz<\/h2>\t\t\t\t<\/div>\n\t\t\t\t<\/div>\n\t\t\t\t<div class=\"elementor-element elementor-element-99aec82 elementor-widget elementor-widget-text-editor\" data-id=\"99aec82\" data-element_type=\"widget\" data-widget_type=\"text-editor.default\">\n\t\t\t\t<div class=\"elementor-widget-container\">\n\t\t\t\t\t\t\t\t\t<p>Kontaktieren Sie uns, um unserem Team beizutreten oder zusammenzuarbeiten.<\/p>\t\t\t\t\t\t\t\t<\/div>\n\t\t\t\t<\/div>\n\t\t\t\t<div class=\"elementor-element elementor-element-51d80e0 elementor-align-center elementor-widget elementor-widget-button\" data-id=\"51d80e0\" data-element_type=\"widget\" data-widget_type=\"button.default\">\n\t\t\t\t<div class=\"elementor-widget-container\">\n\t\t\t\t\t\t\t\t\t<div class=\"elementor-button-wrapper\">\n\t\t\t\t\t<a class=\"elementor-button elementor-button-link elementor-size-sm\" href=\"https:\/\/kozaiskele.com\/de\/kontakt\/\">\n\t\t\t\t\t\t<span class=\"elementor-button-content-wrapper\">\n\t\t\t\t\t\t\t\t\t<span class=\"elementor-button-text\">Kontaktformular<\/span>\n\t\t\t\t\t<\/span>\n\t\t\t\t\t<\/a>\n\t\t\t\t<\/div>\n\t\t\t\t\t\t\t\t<\/div>\n\t\t\t\t<\/div>\n\t\t\t\t\t<\/div>\n\t\t\t\t<\/div>\n\t\t\t\t<\/div>","protected":false},"excerpt":{"rendered":"<p>\u00dcretimde, hizmette ve her ad\u0131mda kaliteye ba\u011fl\u0131l\u0131k&#8230; Kalite, \u00dcretimimizin Temelidir Koza \u0130skele olarak kalite anlay\u0131\u015f\u0131m\u0131z yaln\u0131zca \u00fcr\u00fcnlerimizin dayan\u0131kl\u0131l\u0131\u011f\u0131yla s\u0131n\u0131rl\u0131 de\u011fildir. Ayn\u0131 zamanda m\u00fc\u015fterilerimize sundu\u011fumuz hizmetin g\u00fcvenilirli\u011finde, \u00fcretim s\u00fcre\u00e7lerimizin verimlili\u011finde ve i\u015f ortaklar\u0131m\u0131za olan yakla\u015f\u0131m\u0131m\u0131zda da kaliteyi esas al\u0131r\u0131z. Kalite, \u00dcretimimizin Temelidir S\u00fcrekli Geli\u015fim Kaliteyi art\u0131rmak i\u00e7in s\u00fcre\u00e7lerimizi d\u00fczenli olarak analiz eder, iyile\u015ftiririz. Veriye Dayal\u0131 Karar [&hellip;]<\/p>","protected":false},"author":1,"featured_media":0,"parent":0,"menu_order":0,"comment_status":"closed","ping_status":"closed","template":"elementor_header_footer","meta":{"footnotes":""},"class_list":["post-579","page","type-page","status-publish","hentry"],"_links":{"self":[{"href":"https:\/\/kozaiskele.com\/de\/wp-json\/wp\/v2\/pages\/579","targetHints":{"allow":["GET"]}}],"collection":[{"href":"https:\/\/kozaiskele.com\/de\/wp-json\/wp\/v2\/pages"}],"about":[{"href":"https:\/\/kozaiskele.com\/de\/wp-json\/wp\/v2\/types\/page"}],"author":[{"embeddable":true,"href":"https:\/\/kozaiskele.com\/de\/wp-json\/wp\/v2\/users\/1"}],"replies":[{"embeddable":true,"href":"https:\/\/kozaiskele.com\/de\/wp-json\/wp\/v2\/comments?post=579"}],"version-history":[{"count":0,"href":"https:\/\/kozaiskele.com\/de\/wp-json\/wp\/v2\/pages\/579\/revisions"}],"wp:attachment":[{"href":"https:\/\/kozaiskele.com\/de\/wp-json\/wp\/v2\/media?parent=579"}],"curies":[{"name":"wp","href":"https:\/\/api.w.org\/{rel}","templated":true}]}}