{"id":207,"date":"2025-07-01T04:49:22","date_gmt":"2025-07-01T01:49:22","guid":{"rendered":"https:\/\/kozaiskele.com\/?page_id=207"},"modified":"2025-07-12T23:56:58","modified_gmt":"2025-07-12T20:56:58","slug":"insan-kaynaklari-politikasi","status":"publish","type":"page","link":"https:\/\/kozaiskele.com\/de\/personalpolitik\/","title":{"rendered":"Personalpolitik"},"content":{"rendered":"<div data-elementor-type=\"wp-page\" data-elementor-id=\"207\" class=\"elementor elementor-207\" data-elementor-post-type=\"page\">\n\t\t\t\t<div class=\"elementor-element elementor-element-539c830 e-con-full e-flex e-con e-parent\" data-id=\"539c830\" data-element_type=\"container\">\n\t\t\t\t<div class=\"elementor-element elementor-element-27dde1a elementor-widget elementor-widget-template\" data-id=\"27dde1a\" data-element_type=\"widget\" data-widget_type=\"template.default\">\n\t\t\t\t<div class=\"elementor-widget-container\">\n\t\t\t\t\t\t\t<div class=\"elementor-template\">\n\t\t\t\t\t<div data-elementor-type=\"section\" data-elementor-id=\"140\" class=\"elementor elementor-140\" data-elementor-post-type=\"elementor_library\">\n\t\t\t\t\t<section class=\"elementor-section elementor-top-section elementor-element elementor-element-6b9f365c elementor-section-boxed elementor-section-height-default elementor-section-height-default\" data-id=\"6b9f365c\" data-element_type=\"section\" data-settings=\"{&quot;background_background&quot;:&quot;classic&quot;}\">\n\t\t\t\t\t\t\t<div class=\"elementor-background-overlay\"><\/div>\n\t\t\t\t\t\t\t<div class=\"elementor-container elementor-column-gap-default\">\n\t\t\t\t\t<div class=\"elementor-column elementor-col-100 elementor-top-column elementor-element elementor-element-1109f006\" data-id=\"1109f006\" data-element_type=\"column\">\n\t\t\t<div class=\"elementor-widget-wrap elementor-element-populated\">\n\t\t\t\t\t\t<div class=\"elementor-element elementor-element-136e7698 elementor-icon-list--layout-inline elementor-align-left elementor-widget__width-auto elementor-list-item-link-full_width elementor-invisible elementor-widget elementor-widget-icon-list\" data-id=\"136e7698\" data-element_type=\"widget\" data-settings=\"{&quot;_animation&quot;:&quot;fadeInDown&quot;}\" data-widget_type=\"icon-list.default\">\n\t\t\t\t<div class=\"elementor-widget-container\">\n\t\t\t\t\t\t\t<ul class=\"elementor-icon-list-items elementor-inline-items\">\n\t\t\t\t\t\t\t<li class=\"elementor-icon-list-item elementor-inline-item\">\n\t\t\t\t\t\t\t\t\t\t\t<a href=\"\/de\/\">\n\n\t\t\t\t\t\t\t\t\t\t\t<span class=\"elementor-icon-list-text\">Startseite \/<\/span>\n\t\t\t\t\t\t\t\t\t\t\t<\/a>\n\t\t\t\t\t\t\t\t\t<\/li>\n\t\t\t\t\t\t<\/ul>\n\t\t\t\t\t\t<\/div>\n\t\t\t\t<\/div>\n\t\t\t\t\t<\/div>\n\t\t<\/div>\n\t\t\t\t\t<\/div>\n\t\t<\/section>\n\t\t\t\t<\/div>\n\t\t\t\t<\/div>\n\t\t\t\t\t\t<\/div>\n\t\t\t\t<\/div>\n\t\t\t\t<\/div>\n\t\t<div class=\"elementor-element elementor-element-5cc299d e-flex e-con-boxed e-con e-parent\" data-id=\"5cc299d\" data-element_type=\"container\">\n\t\t\t\t\t<div class=\"e-con-inner\">\n\t\t<div class=\"elementor-element elementor-element-2f79595 e-con-full e-flex e-con e-child\" data-id=\"2f79595\" data-element_type=\"container\">\n\t\t\t\t<div class=\"elementor-element elementor-element-7d77aea elementor-position-left elementor-view-default elementor-mobile-position-top elementor-widget elementor-widget-icon-box\" data-id=\"7d77aea\" data-element_type=\"widget\" data-widget_type=\"icon-box.default\">\n\t\t\t\t<div class=\"elementor-widget-container\">\n\t\t\t\t\t\t\t<div class=\"elementor-icon-box-wrapper\">\n\n\t\t\t\t\t\t<div class=\"elementor-icon-box-icon\">\n\t\t\t\t<span  class=\"elementor-icon\">\n\t\t\t\t<i aria-hidden=\"true\" class=\"icon icon-star\"><\/i>\t\t\t\t<\/span>\n\t\t\t<\/div>\n\t\t\t\n\t\t\t\t\t\t<div class=\"elementor-icon-box-content\">\n\n\t\t\t\t\t\t\t\t\t<h3 class=\"elementor-icon-box-title\">\n\t\t\t\t\t\t<span  >\n\t\t\t\t\t\t\tTemel \u0130lkelerimiz:\t\t\t\t\t\t<\/span>\n\t\t\t\t\t<\/h3>\n\t\t\t\t\n\t\t\t\t\n\t\t\t<\/div>\n\t\t\t\n\t\t<\/div>\n\t\t\t\t\t\t<\/div>\n\t\t\t\t<\/div>\n\t\t\t\t<div class=\"elementor-element elementor-element-83d70dd elementor-widget elementor-widget-text-editor\" data-id=\"83d70dd\" data-element_type=\"widget\" data-widget_type=\"text-editor.default\">\n\t\t\t\t<div class=\"elementor-widget-container\">\n\t\t\t\t\t\t\t\t\t<ul><li><strong>Do\u011fru i\u015fe do\u011fru insan<\/strong> prensibiyle, niteliklerine ve yetkinliklerine uygun adaylar\u0131 ekibimize kazand\u0131rmak<\/li><li>\u0130\u015fe al\u0131m, terfi ve di\u011fer \u0130K s\u00fcre\u00e7lerinde <strong data-start=\"796\" data-end=\"820\">e\u015fit f\u0131rsat ilkesini<\/strong> g\u00f6zetmek<\/li><li><p>T\u00fcm \u00e7al\u0131\u015fanlar\u0131m\u0131z i\u00e7in <strong>adil, \u015feffaf ve kapsay\u0131c\u0131<\/strong> bir y\u00f6netim anlay\u0131\u015f\u0131 benimsemek<\/p><\/li><li><p>Tak\u0131m \u00e7al\u0131\u015fmas\u0131n\u0131 te\u015fvik eden, <strong>a\u00e7\u0131k ileti\u015fimi destekleyen<\/strong> bir kurum k\u00fclt\u00fcr\u00fc olu\u015fturmak<\/p><\/li><li><p>\u00c7al\u0131\u015fanlar\u0131m\u0131z\u0131n bilgi, beceri ve ki\u015fisel geli\u015fimlerini destekleyecek <strong>e\u011fitim ve geli\u015fim f\u0131rsatlar\u0131<\/strong> sunmak<\/p><\/li><li><p><strong>\u0130\u015f sa\u011fl\u0131\u011f\u0131 ve g\u00fcvenli\u011fi<\/strong> ba\u015fta olmak \u00fczere t\u00fcm yasal y\u00fck\u00fcml\u00fcl\u00fckleri titizlikle yerine getirmek<\/p><\/li><\/ul>\t\t\t\t\t\t\t\t<\/div>\n\t\t\t\t<\/div>\n\t\t\t\t<div class=\"elementor-element elementor-element-dbaf412 elementor-widget elementor-widget-image\" data-id=\"dbaf412\" data-element_type=\"widget\" data-widget_type=\"image.default\">\n\t\t\t\t<div class=\"elementor-widget-container\">\n\t\t\t\t\t\t\t\t\t\t\t\t\t\t\t\t<a href=\"\/de\/\">\n\t\t\t\t\t\t\t<img fetchpriority=\"high\" decoding=\"async\" width=\"506\" height=\"319\" src=\"https:\/\/kozaiskele.com\/img\/2025\/06\/logo-kozaiskele.webp\" class=\"attachment-full size-full wp-image-26\" alt=\"\" srcset=\"https:\/\/kozaiskele.com\/img\/2025\/06\/logo-kozaiskele.webp 506w, https:\/\/kozaiskele.com\/img\/2025\/06\/logo-kozaiskele-300x189.webp 300w\" sizes=\"(max-width: 506px) 100vw, 506px\" \/>\t\t\t\t\t\t\t\t<\/a>\n\t\t\t\t\t\t\t\t\t\t\t\t\t\t\t<\/div>\n\t\t\t\t<\/div>\n\t\t\t\t<\/div>\n\t\t<div class=\"elementor-element elementor-element-7eed585 e-con-full e-flex e-con e-child\" data-id=\"7eed585\" data-element_type=\"container\">\n\t\t\t\t<div class=\"elementor-element elementor-element-ca23ddd elementor-widget elementor-widget-text-editor\" data-id=\"ca23ddd\" data-element_type=\"widget\" data-widget_type=\"text-editor.default\">\n\t\t\t\t<div class=\"elementor-widget-container\">\n\t\t\t\t\t\t\t\t\t<h3>Geli\u015fim ve Kariyer:<\/h3><p>\u00c7al\u0131\u015fanlar\u0131m\u0131z\u0131n bireysel geli\u015fimlerine katk\u0131 sa\u011flamak ve onlar\u0131 gelece\u011fe haz\u0131rlamak bizim \u00f6nceli\u011fimizdir. Bu kapsamda, d\u00fczenli geri bildirim mekanizmalar\u0131, performans de\u011ferlendirme sistemleri ve yetkinlik bazl\u0131 kariyer planlamas\u0131 ile s\u00fcrekli geli\u015fimi destekliyoruz.<\/p>\t\t\t\t\t\t\t\t<\/div>\n\t\t\t\t<\/div>\n\t\t\t\t<div class=\"elementor-element elementor-element-8853d41 elementor-widget elementor-widget-text-editor\" data-id=\"8853d41\" data-element_type=\"widget\" data-widget_type=\"text-editor.default\">\n\t\t\t\t<div class=\"elementor-widget-container\">\n\t\t\t\t\t\t\t\t\t<p><b>KOZA \u0130SKELE, bu temel anlay\u0131\u015f \u00e7er\u00e7evesinde;<\/b><\/p><ul><li aria-level=\"1\">\u0130\u015fe al\u0131m s\u00fcrecinde f\u0131rsat e\u015fitli\u011fi sa\u011flayarak cinsiyet, dini inan\u00e7, dil, \u0131rk, etnik k\u00f6ken, ya\u015f, engelli ve m\u00fclteci ayr\u0131m\u0131 yapmadan liyakat\u0131 \u00f6n planda tutar.<\/li><li aria-level=\"1\">De\u011fer zinciri s\u00fcrecinde \u00e7al\u0131\u015fma standartlar\u0131n\u0131 iyile\u015ftirir; adil i\u015f ve \u00fccret da\u011f\u0131l\u0131m\u0131n\u0131 belirler.<\/li><li aria-level=\"1\">\u00c7al\u0131\u015fanlar\u0131yla g\u00fcvenilir ve etkili bir etkile\u015fim i\u00e7in, \u015feffaf ve a\u00e7\u0131k bir y\u00f6netim politikas\u0131 izler.<\/li><li aria-level=\"1\">\u0130\u015f sa\u011fl\u0131\u011f\u0131 ve g\u00fcvenli\u011fi konusunda gerekli e\u011fitimleri d\u00fczenler ve tedbirleri al\u0131r.<\/li><li aria-level=\"1\">\u00c7al\u0131\u015fanlar\u0131n ki\u015fisel verilerini korur.<\/li><li aria-level=\"1\">S\u00fcrekli iyile\u015ftirme s\u00fcre\u00e7leri ile bireysel ve tak\u0131m performanslar\u0131n\u0131 de\u011ferlendirir; ba\u015far\u0131y\u0131 \u00f6d\u00fcllendirir.<\/li><li aria-level=\"1\">\u0130\u015fyerinde i\u015f kazas\u0131 ve meslek hastal\u0131klar\u0131 riskini azaltacak ve ortadan kald\u0131racak \u015fekilde risk de\u011ferlendirmesi yapar.\u00a0<\/li><li aria-level=\"1\">Toplum yarar\u0131na projeler ile sosyal sorumluluk kapsam\u0131nda \u00e7al\u0131\u015fmalar d\u00fczenler.<\/li><li aria-level=\"1\">\u00c7evresel, toplumsal fakt\u00f6rlere duyarl\u0131; d\u00fc\u015f\u00fck gelirli kesimleri ve kad\u0131nlar\u0131 f\u0131rsat e\u015fitli\u011fi konusunda \u00f6zellikle g\u00f6zetir.<\/li><\/ul>\t\t\t\t\t\t\t\t<\/div>\n\t\t\t\t<\/div>\n\t\t\t\t<\/div>\n\t\t\t\t\t<\/div>\n\t\t\t\t<\/div>\n\t\t<div class=\"elementor-element elementor-element-c7f744d e-flex e-con-boxed e-con e-parent\" data-id=\"c7f744d\" data-element_type=\"container\">\n\t\t\t\t\t<div class=\"e-con-inner\">\n\t\t\t\t<div class=\"elementor-element elementor-element-1abcd83 elementor-widget elementor-widget-text-editor\" data-id=\"1abcd83\" data-element_type=\"widget\" data-widget_type=\"text-editor.default\">\n\t\t\t\t<div class=\"elementor-widget-container\">\n\t\t\t\t\t\t\t\t\t<p><strong>Koza \u0130skele olarak insan kayna\u011f\u0131m\u0131z\u0131; de\u011ferlerimize inanan, geli\u015fime a\u00e7\u0131k ve tak\u0131m ruhuna sahip bireylerden olu\u015fturmay\u0131 hedefliyoruz.<\/strong><br \/>Ba\u015far\u0131y\u0131 birlikte in\u015fa etmek i\u00e7in \u00e7al\u0131\u015f\u0131yoruz.<\/p>\t\t\t\t\t\t\t\t<\/div>\n\t\t\t\t<\/div>\n\t\t\t\t\t<\/div>\n\t\t\t\t<\/div>\n\t\t<div class=\"elementor-element elementor-element-997caf5 e-flex e-con-boxed e-con e-parent\" data-id=\"997caf5\" data-element_type=\"container\">\n\t\t\t\t\t<div class=\"e-con-inner\">\n\t\t<div class=\"elementor-element elementor-element-f728489 e-con-full e-flex e-con e-child\" data-id=\"f728489\" data-element_type=\"container\">\n\t\t\t\t<div class=\"elementor-element elementor-element-4985cf8 elementor-align-justify elementor-widget elementor-widget-button\" data-id=\"4985cf8\" data-element_type=\"widget\" data-widget_type=\"button.default\">\n\t\t\t\t<div class=\"elementor-widget-container\">\n\t\t\t\t\t\t\t\t\t<div class=\"elementor-button-wrapper\">\n\t\t\t\t\t<a class=\"elementor-button elementor-button-link elementor-size-sm\" href=\"https:\/\/kozaiskele.com\/de\/bewerbung\/\">\n\t\t\t\t\t\t<span class=\"elementor-button-content-wrapper\">\n\t\t\t\t\t\t\t\t\t<span class=\"elementor-button-text\">Stellenbewerbung<\/span>\n\t\t\t\t\t<\/span>\n\t\t\t\t\t<\/a>\n\t\t\t\t<\/div>\n\t\t\t\t\t\t\t\t<\/div>\n\t\t\t\t<\/div>\n\t\t\t\t<\/div>\n\t\t<div class=\"elementor-element elementor-element-11c1a0f e-con-full e-flex e-con e-child\" data-id=\"11c1a0f\" data-element_type=\"container\">\n\t\t\t\t<div class=\"elementor-element elementor-element-abb2518 elementor-align-justify elementor-widget elementor-widget-button\" data-id=\"abb2518\" data-element_type=\"widget\" data-widget_type=\"button.default\">\n\t\t\t\t<div class=\"elementor-widget-container\">\n\t\t\t\t\t\t\t\t\t<div class=\"elementor-button-wrapper\">\n\t\t\t\t\t<a class=\"elementor-button elementor-button-link elementor-size-sm\" href=\"https:\/\/kozaiskele.com\/de\/praktikumsbewerbung\/\">\n\t\t\t\t\t\t<span class=\"elementor-button-content-wrapper\">\n\t\t\t\t\t\t\t\t\t<span class=\"elementor-button-text\">Praktikumsbewerbung<\/span>\n\t\t\t\t\t<\/span>\n\t\t\t\t\t<\/a>\n\t\t\t\t<\/div>\n\t\t\t\t\t\t\t\t<\/div>\n\t\t\t\t<\/div>\n\t\t\t\t<\/div>\n\t\t\t\t\t<\/div>\n\t\t\t\t<\/div>\n\t\t\t\t<\/div>","protected":false},"excerpt":{"rendered":"<p>Temel \u0130lkelerimiz: Do\u011fru i\u015fe do\u011fru insan prensibiyle, niteliklerine ve yetkinliklerine uygun adaylar\u0131 ekibimize kazand\u0131rmak \u0130\u015fe al\u0131m, terfi ve di\u011fer \u0130K s\u00fcre\u00e7lerinde e\u015fit f\u0131rsat ilkesini g\u00f6zetmek T\u00fcm \u00e7al\u0131\u015fanlar\u0131m\u0131z i\u00e7in adil, \u015feffaf ve kapsay\u0131c\u0131 bir y\u00f6netim anlay\u0131\u015f\u0131 benimsemek Tak\u0131m \u00e7al\u0131\u015fmas\u0131n\u0131 te\u015fvik eden, a\u00e7\u0131k ileti\u015fimi destekleyen bir kurum k\u00fclt\u00fcr\u00fc olu\u015fturmak \u00c7al\u0131\u015fanlar\u0131m\u0131z\u0131n bilgi, beceri ve ki\u015fisel geli\u015fimlerini destekleyecek e\u011fitim [&hellip;]<\/p>","protected":false},"author":1,"featured_media":0,"parent":0,"menu_order":0,"comment_status":"closed","ping_status":"closed","template":"elementor_header_footer","meta":{"footnotes":""},"class_list":["post-207","page","type-page","status-publish","hentry"],"_links":{"self":[{"href":"https:\/\/kozaiskele.com\/de\/wp-json\/wp\/v2\/pages\/207","targetHints":{"allow":["GET"]}}],"collection":[{"href":"https:\/\/kozaiskele.com\/de\/wp-json\/wp\/v2\/pages"}],"about":[{"href":"https:\/\/kozaiskele.com\/de\/wp-json\/wp\/v2\/types\/page"}],"author":[{"embeddable":true,"href":"https:\/\/kozaiskele.com\/de\/wp-json\/wp\/v2\/users\/1"}],"replies":[{"embeddable":true,"href":"https:\/\/kozaiskele.com\/de\/wp-json\/wp\/v2\/comments?post=207"}],"version-history":[{"count":0,"href":"https:\/\/kozaiskele.com\/de\/wp-json\/wp\/v2\/pages\/207\/revisions"}],"wp:attachment":[{"href":"https:\/\/kozaiskele.com\/de\/wp-json\/wp\/v2\/media?parent=207"}],"curies":[{"name":"wp","href":"https:\/\/api.w.org\/{rel}","templated":true}]}}