{"id":585,"date":"2025-07-12T01:05:54","date_gmt":"2025-07-11T22:05:54","guid":{"rendered":"https:\/\/kozaiskele.com\/?page_id=585"},"modified":"2025-08-01T22:12:23","modified_gmt":"2025-08-01T19:12:23","slug":"belge-ve-sertifikalar","status":"publish","type":"page","link":"https:\/\/kozaiskele.com\/ar\/documents-and-certificates\/","title":{"rendered":"\u0627\u0644\u0645\u0633\u062a\u0646\u062f\u0627\u062a \u0648\u0627\u0644\u0634\u0647\u0627\u062f\u0627\u062a"},"content":{"rendered":"<div data-elementor-type=\"wp-page\" data-elementor-id=\"585\" class=\"elementor elementor-585\" data-elementor-post-type=\"page\">\n\t\t\t\t<div class=\"elementor-element elementor-element-539c830 e-con-full e-flex e-con e-parent\" data-id=\"539c830\" data-element_type=\"container\" data-settings=\"{&quot;background_background&quot;:&quot;slideshow&quot;,&quot;background_slideshow_gallery&quot;:[{&quot;id&quot;:1544,&quot;url&quot;:&quot;https:\\\/\\\/kozaiskele.com\\\/img\\\/2025\\\/07\\\/belge4.webp&quot;},{&quot;id&quot;:1545,&quot;url&quot;:&quot;https:\\\/\\\/kozaiskele.com\\\/img\\\/2025\\\/07\\\/belge3.webp&quot;},{&quot;id&quot;:1546,&quot;url&quot;:&quot;https:\\\/\\\/kozaiskele.com\\\/img\\\/2025\\\/07\\\/belge2.webp&quot;},{&quot;id&quot;:1547,&quot;url&quot;:&quot;https:\\\/\\\/kozaiskele.com\\\/img\\\/2025\\\/07\\\/belge1.webp&quot;},{&quot;id&quot;:1548,&quot;url&quot;:&quot;https:\\\/\\\/kozaiskele.com\\\/img\\\/2025\\\/07\\\/belge6.webp&quot;},{&quot;id&quot;:1549,&quot;url&quot;:&quot;https:\\\/\\\/kozaiskele.com\\\/img\\\/2025\\\/07\\\/belge5.webp&quot;}],&quot;background_slideshow_ken_burns&quot;:&quot;yes&quot;,&quot;background_slideshow_ken_burns_zoom_direction&quot;:&quot;out&quot;,&quot;background_slideshow_loop&quot;:&quot;yes&quot;,&quot;background_slideshow_slide_duration&quot;:5000,&quot;background_slideshow_slide_transition&quot;:&quot;fade&quot;,&quot;background_slideshow_transition_duration&quot;:500}\">\n\t\t\t\t<div class=\"elementor-element elementor-element-bafc674 elementor-widget elementor-widget-heading\" data-id=\"bafc674\" data-element_type=\"widget\" data-widget_type=\"heading.default\">\n\t\t\t\t<div class=\"elementor-widget-container\">\n\t\t\t\t\t<h4 class=\"elementor-heading-title elementor-size-default\">\u0646\u0648\u062b\u0642 \u0627\u0645\u062a\u062b\u0627\u0644 \u0645\u0646\u062a\u062c\u0627\u062a\u0646\u0627 \u0648\u062e\u062f\u0645\u0627\u062a\u0646\u0627 \u0644\u0644\u0645\u0639\u0627\u064a\u064a\u0631 \u0627\u0644\u0648\u0637\u0646\u064a\u0629 \u0648\u0627\u0644\u062f\u0648\u0644\u064a\u0629.<\/h4>\t\t\t\t<\/div>\n\t\t\t\t<\/div>\n\t\t\t\t<div class=\"elementor-element elementor-element-a254c3e elementor-view-default elementor-widget elementor-widget-icon\" data-id=\"a254c3e\" data-element_type=\"widget\" data-widget_type=\"icon.default\">\n\t\t\t\t<div class=\"elementor-widget-container\">\n\t\t\t\t\t\t\t<div class=\"elementor-icon-wrapper\">\n\t\t\t<a class=\"elementor-icon\" href=\"#arrows\">\n\t\t\t<i aria-hidden=\"true\" class=\"icon icon-arrow-down\"><\/i>\t\t\t<\/a>\n\t\t<\/div>\n\t\t\t\t\t\t<\/div>\n\t\t\t\t<\/div>\n\t\t\t\t<\/div>\n\t\t<div class=\"elementor-element elementor-element-a92b7f7 e-flex e-con-boxed e-con e-parent\" data-id=\"a92b7f7\" data-element_type=\"container\" id=\"arrows\">\n\t\t\t\t\t<div class=\"e-con-inner\">\n\t\t\t\t<div class=\"elementor-element elementor-element-4b64907 elementor-drop-cap-yes elementor-drop-cap-view-default elementor-widget elementor-widget-text-editor\" data-id=\"4b64907\" data-element_type=\"widget\" data-settings=\"{&quot;drop_cap&quot;:&quot;yes&quot;}\" data-widget_type=\"text-editor.default\">\n\t\t\t\t<div class=\"elementor-widget-container\">\n\t\t\t\t\t\t\t\t\t<p>\u062a\u0645\u062a\u0644\u0643 \u0634\u0631\u0643\u0629 \u0643\u0648\u0632\u0627 \u0625\u0633\u0643\u064a\u0644\u0629 \u0645\u062c\u0645\u0648\u0639\u0629 \u0645\u0646 \u0627\u0644\u0634\u0647\u0627\u062f\u0627\u062a \u0627\u0644\u062f\u0648\u0644\u064a\u0629 \u0644\u0636\u0645\u0627\u0646 \u0623\u0639\u0644\u0649 \u0645\u0633\u062a\u0648\u064a\u0627\u062a \u0627\u0644\u062c\u0648\u062f\u0629 \u0648\u0627\u0644\u0633\u0644\u0627\u0645\u0629 \u0641\u064a \u0627\u0644\u0642\u0637\u0627\u0639. \u062a\u0645 \u0627\u0644\u062d\u0635\u0648\u0644 \u0639\u0644\u0649 \u0647\u0630\u0647 \u0627\u0644\u0634\u0647\u0627\u062f\u0627\u062a \u0641\u064a \u0645\u062c\u0627\u0644\u0627\u062a \u0645\u0647\u0645\u0629 \u0645\u062b\u0644 \u0633\u0644\u0627\u0645\u0629 \u0627\u0644\u0639\u0645\u0644 \u0648\u0625\u062f\u0627\u0631\u0629 \u0627\u0644\u062c\u0648\u062f\u0629 \u0648\u0627\u0644\u0645\u0645\u0627\u0631\u0633\u0627\u062a \u0627\u0644\u0635\u062f\u064a\u0642\u0629 \u0644\u0644\u0628\u064a\u0626\u0629. \u0645\u0639 \u062e\u062f\u0645\u0627\u062a \u0643\u0648\u0632\u0627 \u0625\u0633\u0643\u064a\u0644\u0629 \u0627\u0644\u0645\u0639\u062a\u0645\u062f\u0629 \u0641\u064a \u0645\u0634\u0627\u0631\u064a\u0639\u0643\u060c \u064a\u0645\u0643\u0646\u0643 \u0627\u0644\u062d\u0635\u0648\u0644 \u0639\u0644\u0649 \u062e\u062f\u0645\u0627\u062a \u062a\u0623\u062c\u064a\u0631 \u0648\u0628\u064a\u0639 \u0633\u0642\u0627\u0644\u0627\u062a \u0627\u0644\u0628\u0646\u0627\u0621 \u0628\u0645\u0639\u0627\u064a\u064a\u0631 \u0639\u0627\u0644\u064a\u0629. \u0646\u062d\u0646 \u0641\u062e\u0648\u0631\u0648\u0646 \u0628\u062a\u0642\u062f\u064a\u0645 \u062d\u0644\u0648\u0644 \u0622\u0645\u0646\u0629 \u0648\u0641\u0639\u0627\u0644\u0629 \u0641\u064a \u0643\u0644 \u0645\u0631\u062d\u0644\u0629 \u0628\u0634\u0647\u0627\u062f\u0627\u062a\u0646\u0627.<\/p><p>\u0643\u0634\u0631\u0643\u0629 \u0643\u0648\u0632\u0627 \u0625\u0633\u0643\u064a\u0644\u0629\u061b \u0646\u062d\u0646 \u0646\u0639\u0645\u0644 \u0648\u0641\u0642\u064b\u0627 \u0644\u0644\u0645\u0639\u0627\u064a\u064a\u0631 \u0641\u064a \u0645\u062c\u0627\u0644\u0627\u062a \u0627\u0644\u062c\u0648\u062f\u0629 \u0648\u0627\u0644\u0633\u0644\u0627\u0645\u0629 \u0648\u0627\u0644\u0628\u064a\u0626\u0629 \u0648\u0627\u0644\u0635\u062d\u0629 \u0627\u0644\u0645\u0647\u0646\u064a\u0629. <br \/>\u0627\u0644\u0645\u0633\u062a\u0646\u062f\u0627\u062a \u0627\u0644\u062a\u064a \u0646\u0645\u062a\u0644\u0643\u0647\u0627 \u0647\u064a \u062f\u0644\u064a\u0644 \u0639\u0644\u0649 \u0627\u0644\u062f\u0642\u0629 \u0641\u064a \u0639\u0645\u0644\u064a\u0627\u062a\u0646\u0627 \u0627\u0644\u0625\u0646\u062a\u0627\u062c\u064a\u0629 \u0648\u0627\u0644\u0627\u0645\u062a\u062b\u0627\u0644 \u0644\u0644\u0645\u0639\u0627\u064a\u064a\u0631 \u0627\u0644\u062f\u0648\u0644\u064a\u0629.<\/p>\t\t\t\t\t\t\t\t<\/div>\n\t\t\t\t<\/div>\n\t\t\t\t<div class=\"elementor-element elementor-element-1f0d33e elementor-widget elementor-widget-gallery\" data-id=\"1f0d33e\" data-element_type=\"widget\" data-settings=\"{&quot;columns&quot;:3,&quot;columns_mobile&quot;:3,&quot;gap&quot;:{&quot;unit&quot;:&quot;px&quot;,&quot;size&quot;:20,&quot;sizes&quot;:[]},&quot;gallery_layout&quot;:&quot;masonry&quot;,&quot;lazyload&quot;:&quot;yes&quot;,&quot;columns_tablet&quot;:2,&quot;gap_tablet&quot;:{&quot;unit&quot;:&quot;px&quot;,&quot;size&quot;:10,&quot;sizes&quot;:[]},&quot;gap_mobile&quot;:{&quot;unit&quot;:&quot;px&quot;,&quot;size&quot;:10,&quot;sizes&quot;:[]},&quot;link_to&quot;:&quot;file&quot;,&quot;overlay_background&quot;:&quot;yes&quot;,&quot;content_hover_animation&quot;:&quot;fade-in&quot;}\" data-widget_type=\"gallery.default\">\n\t\t\t\t<div class=\"elementor-widget-container\">\n\t\t\t\t\t\t\t<div class=\"elementor-gallery__container\">\n\t\t\t\t\t\t\t<a class=\"e-gallery-item elementor-gallery-item elementor-animated-content\" href=\"https:\/\/kozaiskele.com\/img\/2025\/08\/koza-belgeler-1.webp\" data-elementor-open-lightbox=\"yes\" data-elementor-lightbox-slideshow=\"1f0d33e\" data-elementor-lightbox-title=\"koza-belgeler-1\" data-e-action-hash=\"#elementor-action%3Aaction%3Dlightbox%26settings%3DeyJpZCI6MTg3MiwidXJsIjoiaHR0cHM6XC9cL2tvemFpc2tlbGUuY29tXC9pbWdcLzIwMjVcLzA4XC9rb3phLWJlbGdlbGVyLTEud2VicCIsInNsaWRlc2hvdyI6IjFmMGQzM2UifQ%3D%3D\">\n\t\t\t\t\t<div class=\"e-gallery-image elementor-gallery-item__image\" data-thumbnail=\"https:\/\/kozaiskele.com\/img\/2025\/08\/koza-belgeler-1.webp\" data-width=\"1200\" data-height=\"1697\" aria-label=\"\" role=\"img\" ><\/div>\n\t\t\t\t\t\t\t\t\t\t\t<div class=\"elementor-gallery-item__overlay\"><\/div>\n\t\t\t\t\t\t\t\t\t\t\t\t\t\t<\/a>\n\t\t\t\t\t\t\t<a class=\"e-gallery-item elementor-gallery-item elementor-animated-content\" href=\"https:\/\/kozaiskele.com\/img\/2025\/08\/koza-belgeler-2.webp\" data-elementor-open-lightbox=\"yes\" data-elementor-lightbox-slideshow=\"1f0d33e\" data-elementor-lightbox-title=\"koza-belgeler-2\" data-e-action-hash=\"#elementor-action%3Aaction%3Dlightbox%26settings%3DeyJpZCI6MTg3MywidXJsIjoiaHR0cHM6XC9cL2tvemFpc2tlbGUuY29tXC9pbWdcLzIwMjVcLzA4XC9rb3phLWJlbGdlbGVyLTIud2VicCIsInNsaWRlc2hvdyI6IjFmMGQzM2UifQ%3D%3D\">\n\t\t\t\t\t<div class=\"e-gallery-image elementor-gallery-item__image\" data-thumbnail=\"https:\/\/kozaiskele.com\/img\/2025\/08\/koza-belgeler-2.webp\" data-width=\"1200\" data-height=\"1697\" aria-label=\"\" role=\"img\" ><\/div>\n\t\t\t\t\t\t\t\t\t\t\t<div class=\"elementor-gallery-item__overlay\"><\/div>\n\t\t\t\t\t\t\t\t\t\t\t\t\t\t<\/a>\n\t\t\t\t\t\t\t<a class=\"e-gallery-item elementor-gallery-item elementor-animated-content\" href=\"https:\/\/kozaiskele.com\/img\/2025\/08\/koza-belgeler-3.webp\" data-elementor-open-lightbox=\"yes\" data-elementor-lightbox-slideshow=\"1f0d33e\" data-elementor-lightbox-title=\"koza-belgeler-3\" data-e-action-hash=\"#elementor-action%3Aaction%3Dlightbox%26settings%3DeyJpZCI6MTg3NCwidXJsIjoiaHR0cHM6XC9cL2tvemFpc2tlbGUuY29tXC9pbWdcLzIwMjVcLzA4XC9rb3phLWJlbGdlbGVyLTMud2VicCIsInNsaWRlc2hvdyI6IjFmMGQzM2UifQ%3D%3D\">\n\t\t\t\t\t<div class=\"e-gallery-image elementor-gallery-item__image\" data-thumbnail=\"https:\/\/kozaiskele.com\/img\/2025\/08\/koza-belgeler-3.webp\" data-width=\"1200\" data-height=\"1697\" aria-label=\"\" role=\"img\" ><\/div>\n\t\t\t\t\t\t\t\t\t\t\t<div class=\"elementor-gallery-item__overlay\"><\/div>\n\t\t\t\t\t\t\t\t\t\t\t\t\t\t<\/a>\n\t\t\t\t\t\t\t<a class=\"e-gallery-item elementor-gallery-item elementor-animated-content\" href=\"https:\/\/kozaiskele.com\/img\/2025\/08\/koza-belgeler-4.webp\" data-elementor-open-lightbox=\"yes\" data-elementor-lightbox-slideshow=\"1f0d33e\" data-elementor-lightbox-title=\"koza-belgeler-4\" data-e-action-hash=\"#elementor-action%3Aaction%3Dlightbox%26settings%3DeyJpZCI6MTg3NSwidXJsIjoiaHR0cHM6XC9cL2tvemFpc2tlbGUuY29tXC9pbWdcLzIwMjVcLzA4XC9rb3phLWJlbGdlbGVyLTQud2VicCIsInNsaWRlc2hvdyI6IjFmMGQzM2UifQ%3D%3D\">\n\t\t\t\t\t<div class=\"e-gallery-image elementor-gallery-item__image\" data-thumbnail=\"https:\/\/kozaiskele.com\/img\/2025\/08\/koza-belgeler-4.webp\" data-width=\"1200\" data-height=\"1697\" aria-label=\"\" role=\"img\" ><\/div>\n\t\t\t\t\t\t\t\t\t\t\t<div class=\"elementor-gallery-item__overlay\"><\/div>\n\t\t\t\t\t\t\t\t\t\t\t\t\t\t<\/a>\n\t\t\t\t\t\t\t<a class=\"e-gallery-item elementor-gallery-item elementor-animated-content\" href=\"https:\/\/kozaiskele.com\/img\/2025\/08\/koza-belgeler-5.webp\" data-elementor-open-lightbox=\"yes\" data-elementor-lightbox-slideshow=\"1f0d33e\" data-elementor-lightbox-title=\"koza-belgeler-5\" data-e-action-hash=\"#elementor-action%3Aaction%3Dlightbox%26settings%3DeyJpZCI6MTg3NiwidXJsIjoiaHR0cHM6XC9cL2tvemFpc2tlbGUuY29tXC9pbWdcLzIwMjVcLzA4XC9rb3phLWJlbGdlbGVyLTUud2VicCIsInNsaWRlc2hvdyI6IjFmMGQzM2UifQ%3D%3D\">\n\t\t\t\t\t<div class=\"e-gallery-image elementor-gallery-item__image\" data-thumbnail=\"https:\/\/kozaiskele.com\/img\/2025\/08\/koza-belgeler-5.webp\" data-width=\"1200\" data-height=\"1697\" aria-label=\"\" role=\"img\" ><\/div>\n\t\t\t\t\t\t\t\t\t\t\t<div class=\"elementor-gallery-item__overlay\"><\/div>\n\t\t\t\t\t\t\t\t\t\t\t\t\t\t<\/a>\n\t\t\t\t\t\t\t<a class=\"e-gallery-item elementor-gallery-item elementor-animated-content\" href=\"https:\/\/kozaiskele.com\/img\/2025\/08\/koza-belgeler-6.webp\" data-elementor-open-lightbox=\"yes\" data-elementor-lightbox-slideshow=\"1f0d33e\" data-elementor-lightbox-title=\"koza-belgeler-6\" data-e-action-hash=\"#elementor-action%3Aaction%3Dlightbox%26settings%3DeyJpZCI6MTg3NywidXJsIjoiaHR0cHM6XC9cL2tvemFpc2tlbGUuY29tXC9pbWdcLzIwMjVcLzA4XC9rb3phLWJlbGdlbGVyLTYud2VicCIsInNsaWRlc2hvdyI6IjFmMGQzM2UifQ%3D%3D\">\n\t\t\t\t\t<div class=\"e-gallery-image elementor-gallery-item__image\" data-thumbnail=\"https:\/\/kozaiskele.com\/img\/2025\/08\/koza-belgeler-6.webp\" data-width=\"1200\" data-height=\"1697\" aria-label=\"\" role=\"img\" ><\/div>\n\t\t\t\t\t\t\t\t\t\t\t<div class=\"elementor-gallery-item__overlay\"><\/div>\n\t\t\t\t\t\t\t\t\t\t\t\t\t\t<\/a>\n\t\t\t\t\t\t\t<a class=\"e-gallery-item elementor-gallery-item elementor-animated-content\" href=\"https:\/\/kozaiskele.com\/img\/2025\/08\/koza-belgeler-7.webp\" data-elementor-open-lightbox=\"yes\" data-elementor-lightbox-slideshow=\"1f0d33e\" data-elementor-lightbox-title=\"koza-belgeler-7\" data-e-action-hash=\"#elementor-action%3Aaction%3Dlightbox%26settings%3DeyJpZCI6MTg3OCwidXJsIjoiaHR0cHM6XC9cL2tvemFpc2tlbGUuY29tXC9pbWdcLzIwMjVcLzA4XC9rb3phLWJlbGdlbGVyLTcud2VicCIsInNsaWRlc2hvdyI6IjFmMGQzM2UifQ%3D%3D\">\n\t\t\t\t\t<div class=\"e-gallery-image elementor-gallery-item__image\" data-thumbnail=\"https:\/\/kozaiskele.com\/img\/2025\/08\/koza-belgeler-7.webp\" data-width=\"1200\" data-height=\"1697\" aria-label=\"\" role=\"img\" ><\/div>\n\t\t\t\t\t\t\t\t\t\t\t<div class=\"elementor-gallery-item__overlay\"><\/div>\n\t\t\t\t\t\t\t\t\t\t\t\t\t\t<\/a>\n\t\t\t\t\t\t\t<a class=\"e-gallery-item elementor-gallery-item elementor-animated-content\" href=\"https:\/\/kozaiskele.com\/img\/2025\/08\/koza-belgeler-8.webp\" data-elementor-open-lightbox=\"yes\" data-elementor-lightbox-slideshow=\"1f0d33e\" data-elementor-lightbox-title=\"koza-belgeler-8\" data-e-action-hash=\"#elementor-action%3Aaction%3Dlightbox%26settings%3DeyJpZCI6MTg3OSwidXJsIjoiaHR0cHM6XC9cL2tvemFpc2tlbGUuY29tXC9pbWdcLzIwMjVcLzA4XC9rb3phLWJlbGdlbGVyLTgud2VicCIsInNsaWRlc2hvdyI6IjFmMGQzM2UifQ%3D%3D\">\n\t\t\t\t\t<div class=\"e-gallery-image elementor-gallery-item__image\" data-thumbnail=\"https:\/\/kozaiskele.com\/img\/2025\/08\/koza-belgeler-8.webp\" data-width=\"1200\" data-height=\"1697\" aria-label=\"\" role=\"img\" ><\/div>\n\t\t\t\t\t\t\t\t\t\t\t<div class=\"elementor-gallery-item__overlay\"><\/div>\n\t\t\t\t\t\t\t\t\t\t\t\t\t\t<\/a>\n\t\t\t\t\t\t\t<a class=\"e-gallery-item elementor-gallery-item elementor-animated-content\" href=\"https:\/\/kozaiskele.com\/img\/2025\/08\/koza-belgeler-9.webp\" data-elementor-open-lightbox=\"yes\" data-elementor-lightbox-slideshow=\"1f0d33e\" data-elementor-lightbox-title=\"koza-belgeler-9\" data-e-action-hash=\"#elementor-action%3Aaction%3Dlightbox%26settings%3DeyJpZCI6MTg4MCwidXJsIjoiaHR0cHM6XC9cL2tvemFpc2tlbGUuY29tXC9pbWdcLzIwMjVcLzA4XC9rb3phLWJlbGdlbGVyLTkud2VicCIsInNsaWRlc2hvdyI6IjFmMGQzM2UifQ%3D%3D\">\n\t\t\t\t\t<div class=\"e-gallery-image elementor-gallery-item__image\" data-thumbnail=\"https:\/\/kozaiskele.com\/img\/2025\/08\/koza-belgeler-9.webp\" data-width=\"1200\" data-height=\"1697\" aria-label=\"\" role=\"img\" ><\/div>\n\t\t\t\t\t\t\t\t\t\t\t<div class=\"elementor-gallery-item__overlay\"><\/div>\n\t\t\t\t\t\t\t\t\t\t\t\t\t\t<\/a>\n\t\t\t\t\t<\/div>\n\t\t\t\t\t<\/div>\n\t\t\t\t<\/div>\n\t\t\t\t\t<\/div>\n\t\t\t\t<\/div>\n\t\t<div class=\"elementor-element elementor-element-323cb75 e-flex e-con-boxed e-con e-parent\" data-id=\"323cb75\" data-element_type=\"container\" data-settings=\"{&quot;background_background&quot;:&quot;classic&quot;}\">\n\t\t\t\t\t<div class=\"e-con-inner\">\n\t\t\t\t<div class=\"elementor-element elementor-element-2a63850 elementor-view-framed elementor-shape-square elementor-widget elementor-widget-icon\" data-id=\"2a63850\" data-element_type=\"widget\" data-widget_type=\"icon.default\">\n\t\t\t\t<div class=\"elementor-widget-container\">\n\t\t\t\t\t\t\t<div class=\"elementor-icon-wrapper\">\n\t\t\t<div class=\"elementor-icon\">\n\t\t\t<svg aria-hidden=\"true\" class=\"e-font-icon-svg e-fas-user-tie\" viewbox=\"0 0 448 512\" xmlns=\"http:\/\/www.w3.org\/2000\/svg\"><path d=\"M224 256c70.7 0 128-57.3 128-128S294.7 0 224 0 96 57.3 96 128s57.3 128 128 128zm95.8 32.6L272 480l-32-136 32-56h-96l32 56-32 136-47.8-191.4C56.9 292 0 350.3 0 422.4V464c0 26.5 21.5 48 48 48h352c26.5 0 48-21.5 48-48v-41.6c0-72.1-56.9-130.4-128.2-133.8z\"><\/path><\/svg>\t\t\t<\/div>\n\t\t<\/div>\n\t\t\t\t\t\t<\/div>\n\t\t\t\t<\/div>\n\t\t\t\t<div class=\"elementor-element elementor-element-4b1bea3 elementor-widget elementor-widget-heading\" data-id=\"4b1bea3\" data-element_type=\"widget\" data-widget_type=\"heading.default\">\n\t\t\t\t<div class=\"elementor-widget-container\">\n\t\t\t\t\t<h2 class=\"elementor-heading-title elementor-size-default\">\u0647\u0644 \u062a\u0631\u063a\u0628 \u0641\u064a \u0627\u0644\u0639\u0645\u0644 \u0645\u0639\u0646\u0627\u061f<\/h2>\t\t\t\t<\/div>\n\t\t\t\t<\/div>\n\t\t\t\t<div class=\"elementor-element elementor-element-99aec82 elementor-widget elementor-widget-text-editor\" data-id=\"99aec82\" data-element_type=\"widget\" data-widget_type=\"text-editor.default\">\n\t\t\t\t<div class=\"elementor-widget-container\">\n\t\t\t\t\t\t\t\t\t<p>\u0627\u062a\u0635\u0644 \u0628\u0646\u0627 \u0644\u0644\u0627\u0646\u0636\u0645\u0627\u0645 \u0625\u0644\u0649 \u0641\u0631\u064a\u0642\u0646\u0627 \u0623\u0648 \u0644\u0644\u062a\u0639\u0627\u0648\u0646.<\/p>\t\t\t\t\t\t\t\t<\/div>\n\t\t\t\t<\/div>\n\t\t\t\t<div class=\"elementor-element elementor-element-51d80e0 elementor-align-center elementor-widget elementor-widget-button\" data-id=\"51d80e0\" data-element_type=\"widget\" data-widget_type=\"button.default\">\n\t\t\t\t<div class=\"elementor-widget-container\">\n\t\t\t\t\t\t\t\t\t<div class=\"elementor-button-wrapper\">\n\t\t\t\t\t<a class=\"elementor-button elementor-button-link elementor-size-sm\" href=\"#\">\n\t\t\t\t\t\t<span class=\"elementor-button-content-wrapper\">\n\t\t\t\t\t\t\t\t\t<span class=\"elementor-button-text\">\u0646\u0645\u0648\u0630\u062c \u0627\u0644\u0627\u062a\u0635\u0627\u0644<\/span>\n\t\t\t\t\t<\/span>\n\t\t\t\t\t<\/a>\n\t\t\t\t<\/div>\n\t\t\t\t\t\t\t\t<\/div>\n\t\t\t\t<\/div>\n\t\t\t\t\t<\/div>\n\t\t\t\t<\/div>\n\t\t\t\t<\/div>","protected":false},"excerpt":{"rendered":"<p>\u00dcr\u00fcn ve hizmetlerimizin ulusal ve uluslararas\u0131 standartlara uygunlu\u011funu belgeliyoruz. Koza \u0130skelemiz, sekt\u00f6rdeki en y\u00fcksek kaliteyi ve g\u00fcvenli\u011fi sa\u011flamak amac\u0131yla bir dizi uluslararas\u0131 sertifikaya sahiptir. Bu sertifikalar, i\u015f g\u00fcvenli\u011fi, kalite y\u00f6netimi ve \u00e7evre dostu uygulamalar gibi \u00f6nemli alanlarda elde edilmi\u015ftir. Projelerinizde Koza \u0130skelenin sertifikal\u0131 hizmetleriyle, y\u00fcksek standartlarda in\u015faat iskelesi kiralama ve sat\u0131\u015f hizmeti alabilirsiniz. Sertifikalar\u0131m\u0131zla, her [&hellip;]<\/p>","protected":false},"author":1,"featured_media":0,"parent":0,"menu_order":0,"comment_status":"closed","ping_status":"closed","template":"elementor_header_footer","meta":{"footnotes":""},"class_list":["post-585","page","type-page","status-publish","hentry"],"_links":{"self":[{"href":"https:\/\/kozaiskele.com\/ar\/wp-json\/wp\/v2\/pages\/585","targetHints":{"allow":["GET"]}}],"collection":[{"href":"https:\/\/kozaiskele.com\/ar\/wp-json\/wp\/v2\/pages"}],"about":[{"href":"https:\/\/kozaiskele.com\/ar\/wp-json\/wp\/v2\/types\/page"}],"author":[{"embeddable":true,"href":"https:\/\/kozaiskele.com\/ar\/wp-json\/wp\/v2\/users\/1"}],"replies":[{"embeddable":true,"href":"https:\/\/kozaiskele.com\/ar\/wp-json\/wp\/v2\/comments?post=585"}],"version-history":[{"count":0,"href":"https:\/\/kozaiskele.com\/ar\/wp-json\/wp\/v2\/pages\/585\/revisions"}],"wp:attachment":[{"href":"https:\/\/kozaiskele.com\/ar\/wp-json\/wp\/v2\/media?parent=585"}],"curies":[{"name":"wp","href":"https:\/\/api.w.org\/{rel}","templated":true}]}}