{"id":207,"date":"2025-07-01T04:49:22","date_gmt":"2025-07-01T01:49:22","guid":{"rendered":"https:\/\/kozaiskele.com\/?page_id=207"},"modified":"2025-07-12T23:56:58","modified_gmt":"2025-07-12T20:56:58","slug":"insan-kaynaklari-politikasi","status":"publish","type":"page","link":"https:\/\/kozaiskele.com\/ar\/human-resources-policy\/","title":{"rendered":"\u0633\u064a\u0627\u0633\u0629 \u0627\u0644\u0645\u0648\u0627\u0631\u062f \u0627\u0644\u0628\u0634\u0631\u064a\u0629"},"content":{"rendered":"<div data-elementor-type=\"wp-page\" data-elementor-id=\"207\" class=\"elementor elementor-207\" data-elementor-post-type=\"page\">\n\t\t\t\t<div class=\"elementor-element elementor-element-539c830 e-con-full e-flex e-con e-parent\" data-id=\"539c830\" data-element_type=\"container\">\n\t\t\t\t<div class=\"elementor-element elementor-element-27dde1a elementor-widget elementor-widget-template\" data-id=\"27dde1a\" data-element_type=\"widget\" data-widget_type=\"template.default\">\n\t\t\t\t<div class=\"elementor-widget-container\">\n\t\t\t\t\t\t\t<div class=\"elementor-template\">\n\t\t\t\t\t<div data-elementor-type=\"section\" data-elementor-id=\"140\" class=\"elementor elementor-140\" data-elementor-post-type=\"elementor_library\">\n\t\t\t\t\t<section class=\"elementor-section elementor-top-section elementor-element elementor-element-6b9f365c elementor-section-boxed elementor-section-height-default elementor-section-height-default\" data-id=\"6b9f365c\" data-element_type=\"section\" data-settings=\"{&quot;background_background&quot;:&quot;classic&quot;}\">\n\t\t\t\t\t\t\t<div class=\"elementor-background-overlay\"><\/div>\n\t\t\t\t\t\t\t<div class=\"elementor-container elementor-column-gap-default\">\n\t\t\t\t\t<div class=\"elementor-column elementor-col-100 elementor-top-column elementor-element elementor-element-1109f006\" data-id=\"1109f006\" data-element_type=\"column\">\n\t\t\t<div class=\"elementor-widget-wrap elementor-element-populated\">\n\t\t\t\t\t\t<div class=\"elementor-element elementor-element-136e7698 elementor-icon-list--layout-inline elementor-align-left elementor-widget__width-auto elementor-list-item-link-full_width elementor-invisible elementor-widget elementor-widget-icon-list\" data-id=\"136e7698\" data-element_type=\"widget\" data-settings=\"{&quot;_animation&quot;:&quot;fadeInDown&quot;}\" data-widget_type=\"icon-list.default\">\n\t\t\t\t<div class=\"elementor-widget-container\">\n\t\t\t\t\t\t\t<ul class=\"elementor-icon-list-items elementor-inline-items\">\n\t\t\t\t\t\t\t<li class=\"elementor-icon-list-item elementor-inline-item\">\n\t\t\t\t\t\t\t\t\t\t\t<a href=\"\/ar\/\">\n\n\t\t\t\t\t\t\t\t\t\t\t<span class=\"elementor-icon-list-text\">\u0627\u0644\u0635\u0641\u062d\u0629 \u0627\u0644\u0631\u0626\u064a\u0633\u064a\u0629 \/<\/span>\n\t\t\t\t\t\t\t\t\t\t\t<\/a>\n\t\t\t\t\t\t\t\t\t<\/li>\n\t\t\t\t\t\t<\/ul>\n\t\t\t\t\t\t<\/div>\n\t\t\t\t<\/div>\n\t\t\t\t\t<\/div>\n\t\t<\/div>\n\t\t\t\t\t<\/div>\n\t\t<\/section>\n\t\t\t\t<\/div>\n\t\t\t\t<\/div>\n\t\t\t\t\t\t<\/div>\n\t\t\t\t<\/div>\n\t\t\t\t<\/div>\n\t\t<div class=\"elementor-element elementor-element-5cc299d e-flex e-con-boxed e-con e-parent\" data-id=\"5cc299d\" data-element_type=\"container\">\n\t\t\t\t\t<div class=\"e-con-inner\">\n\t\t<div class=\"elementor-element elementor-element-2f79595 e-con-full e-flex e-con e-child\" data-id=\"2f79595\" data-element_type=\"container\">\n\t\t\t\t<div class=\"elementor-element elementor-element-7d77aea elementor-position-left elementor-view-default elementor-mobile-position-top elementor-widget elementor-widget-icon-box\" data-id=\"7d77aea\" data-element_type=\"widget\" data-widget_type=\"icon-box.default\">\n\t\t\t\t<div class=\"elementor-widget-container\">\n\t\t\t\t\t\t\t<div class=\"elementor-icon-box-wrapper\">\n\n\t\t\t\t\t\t<div class=\"elementor-icon-box-icon\">\n\t\t\t\t<span  class=\"elementor-icon\">\n\t\t\t\t<i aria-hidden=\"true\" class=\"icon icon-star\"><\/i>\t\t\t\t<\/span>\n\t\t\t<\/div>\n\t\t\t\n\t\t\t\t\t\t<div class=\"elementor-icon-box-content\">\n\n\t\t\t\t\t\t\t\t\t<h3 class=\"elementor-icon-box-title\">\n\t\t\t\t\t\t<span  >\n\t\t\t\t\t\t\t\u0645\u0628\u0627\u062f\u0626\u0646\u0627 \u0627\u0644\u0623\u0633\u0627\u0633\u064a\u0629:\t\t\t\t\t\t<\/span>\n\t\t\t\t\t<\/h3>\n\t\t\t\t\n\t\t\t\t\n\t\t\t<\/div>\n\t\t\t\n\t\t<\/div>\n\t\t\t\t\t\t<\/div>\n\t\t\t\t<\/div>\n\t\t\t\t<div class=\"elementor-element elementor-element-83d70dd elementor-widget elementor-widget-text-editor\" data-id=\"83d70dd\" data-element_type=\"widget\" data-widget_type=\"text-editor.default\">\n\t\t\t\t<div class=\"elementor-widget-container\">\n\t\t\t\t\t\t\t\t\t<ul><li><strong>\u0627\u0644\u0634\u062e\u0635 \u0627\u0644\u0645\u0646\u0627\u0633\u0628 \u0644\u0644\u0648\u0638\u064a\u0641\u0629 \u0627\u0644\u0645\u0646\u0627\u0633\u0628\u0629<\/strong> \u0645\u0628\u062f\u0623 \u062c\u0644\u0628 \u0627\u0644\u0645\u0631\u0634\u062d\u064a\u0646 \u0627\u0644\u0645\u0646\u0627\u0633\u0628\u064a\u0646 \u0644\u0641\u0631\u064a\u0642\u0646\u0627 \u0648\u0641\u0642\u064b\u0627 \u0644\u0645\u0624\u0647\u0644\u0627\u062a\u0647\u0645 \u0648\u0643\u0641\u0627\u0621\u0627\u062a\u0647\u0645<\/li><li>\u0641\u064a \u0639\u0645\u0644\u064a\u0627\u062a \u0627\u0644\u062a\u0648\u0638\u064a\u0641 \u0648\u0627\u0644\u062a\u0631\u0642\u064a\u0629 \u0648\u0639\u0645\u0644\u064a\u0627\u062a \u0627\u0644\u0645\u0648\u0627\u0631\u062f \u0627\u0644\u0628\u0634\u0631\u064a\u0629 \u0627\u0644\u0623\u062e\u0631\u0649 <strong data-start=\"796\" data-end=\"820\">\u0645\u0628\u062f\u0623 \u062a\u0643\u0627\u0641\u0624 \u0627\u0644\u0641\u0631\u0635<\/strong> \u0645\u0631\u0627\u0639\u0627\u062a\u0647<\/li><li><p>\u0644\u062c\u0645\u064a\u0639 \u0645\u0648\u0638\u0641\u064a\u0646\u0627 <strong>\u0639\u0627\u062f\u0644 \u0648\u0634\u0641\u0627\u0641 \u0648\u0634\u0627\u0645\u0644<\/strong> \u062a\u0628\u0646\u064a \u0646\u0647\u062c \u0625\u062f\u0627\u0631\u064a<\/p><\/li><li><p>\u062a\u0634\u062c\u064a\u0639 \u0627\u0644\u0639\u0645\u0644 \u0627\u0644\u062c\u0645\u0627\u0639\u064a\u060c <strong>\u062f\u0639\u0645 \u0627\u0644\u062a\u0648\u0627\u0635\u0644 \u0627\u0644\u0645\u0641\u062a\u0648\u062d<\/strong> \u062e\u0644\u0642 \u062b\u0642\u0627\u0641\u0629 \u0645\u0624\u0633\u0633\u064a\u0629<\/p><\/li><li><p>\u062f\u0639\u0645 \u0645\u0639\u0631\u0641\u0629 \u0648\u0645\u0647\u0627\u0631\u0627\u062a \u0648\u062a\u0637\u0648\u0631 \u0645\u0648\u0638\u0641\u064a\u0646\u0627 \u0627\u0644\u0634\u062e\u0635\u064a <strong>\u0641\u0631\u0635 \u0627\u0644\u062a\u062f\u0631\u064a\u0628 \u0648\u0627\u0644\u062a\u0637\u0648\u064a\u0631<\/strong> \u062a\u0642\u062f\u064a\u0645<\/p><\/li><li><p><strong>\u0627\u0644\u0635\u062d\u0629 \u0648\u0627\u0644\u0633\u0644\u0627\u0645\u0629 \u0627\u0644\u0645\u0647\u0646\u064a\u0629<\/strong> \u0627\u0644\u0648\u0641\u0627\u0621 \u0628\u062c\u0645\u064a\u0639 \u0627\u0644\u0627\u0644\u062a\u0632\u0627\u0645\u0627\u062a \u0627\u0644\u0642\u0627\u0646\u0648\u0646\u064a\u0629 \u0628\u062f\u0642\u0629 \u0641\u064a \u0627\u0644\u0645\u0642\u0627\u0645 \u0627\u0644\u0623\u0648\u0644<\/p><\/li><\/ul>\t\t\t\t\t\t\t\t<\/div>\n\t\t\t\t<\/div>\n\t\t\t\t<div class=\"elementor-element elementor-element-dbaf412 elementor-widget elementor-widget-image\" data-id=\"dbaf412\" data-element_type=\"widget\" data-widget_type=\"image.default\">\n\t\t\t\t<div class=\"elementor-widget-container\">\n\t\t\t\t\t\t\t\t\t\t\t\t\t\t\t\t<a href=\"\/ar\/\">\n\t\t\t\t\t\t\t<img fetchpriority=\"high\" decoding=\"async\" width=\"506\" height=\"319\" src=\"https:\/\/kozaiskele.com\/img\/2025\/06\/logo-kozaiskele.webp\" class=\"attachment-full size-full wp-image-26\" alt=\"\" srcset=\"https:\/\/kozaiskele.com\/img\/2025\/06\/logo-kozaiskele.webp 506w, https:\/\/kozaiskele.com\/img\/2025\/06\/logo-kozaiskele-300x189.webp 300w\" sizes=\"(max-width: 506px) 100vw, 506px\" \/>\t\t\t\t\t\t\t\t<\/a>\n\t\t\t\t\t\t\t\t\t\t\t\t\t\t\t<\/div>\n\t\t\t\t<\/div>\n\t\t\t\t<\/div>\n\t\t<div class=\"elementor-element elementor-element-7eed585 e-con-full e-flex e-con e-child\" data-id=\"7eed585\" data-element_type=\"container\">\n\t\t\t\t<div class=\"elementor-element elementor-element-ca23ddd elementor-widget elementor-widget-text-editor\" data-id=\"ca23ddd\" data-element_type=\"widget\" data-widget_type=\"text-editor.default\">\n\t\t\t\t<div class=\"elementor-widget-container\">\n\t\t\t\t\t\t\t\t\t<h3>\u0627\u0644\u062a\u0637\u0648\u064a\u0631 \u0648\u0627\u0644\u0645\u0633\u064a\u0631\u0629 \u0627\u0644\u0645\u0647\u0646\u064a\u0629:<\/h3><p>\u0645\u0633\u0627\u0647\u0645\u062a\u0646\u0627 \u0641\u064a \u0627\u0644\u062a\u0637\u0648\u0631 \u0627\u0644\u0641\u0631\u062f\u064a \u0644\u0645\u0648\u0638\u0641\u064a\u0646\u0627 \u0648\u0625\u0639\u062f\u0627\u062f\u0647\u0645 \u0644\u0644\u0645\u0633\u062a\u0642\u0628\u0644 \u0647\u064a \u0623\u0648\u0644\u0648\u064a\u062a\u0646\u0627. \u0641\u064a \u0647\u0630\u0627 \u0627\u0644\u0633\u064a\u0627\u0642\u060c \u0646\u062f\u0639\u0645 \u0627\u0644\u062a\u0637\u0648\u064a\u0631 \u0627\u0644\u0645\u0633\u062a\u0645\u0631 \u0645\u0646 \u062e\u0644\u0627\u0644 \u0622\u0644\u064a\u0627\u062a \u0627\u0644\u062a\u063a\u0630\u064a\u0629 \u0627\u0644\u0631\u0627\u062c\u0639\u0629 \u0627\u0644\u0645\u0646\u062a\u0638\u0645\u0629 \u0648\u0623\u0646\u0638\u0645\u0629 \u062a\u0642\u064a\u064a\u0645 \u0627\u0644\u0623\u062f\u0627\u0621 \u0648\u0627\u0644\u062a\u062e\u0637\u064a\u0637 \u0627\u0644\u0648\u0638\u064a\u0641\u064a \u0627\u0644\u0642\u0627\u0626\u0645 \u0639\u0644\u0649 \u0627\u0644\u0643\u0641\u0627\u0621\u0629.<\/p>\t\t\t\t\t\t\t\t<\/div>\n\t\t\t\t<\/div>\n\t\t\t\t<div class=\"elementor-element elementor-element-8853d41 elementor-widget elementor-widget-text-editor\" data-id=\"8853d41\" data-element_type=\"widget\" data-widget_type=\"text-editor.default\">\n\t\t\t\t<div class=\"elementor-widget-container\">\n\t\t\t\t\t\t\t\t\t<p><b>\u0643\u0648\u0632\u0627 \u0625\u0633\u0643\u064a\u0644\u0629\u060c \u0641\u064a \u0625\u0637\u0627\u0631 \u0647\u0630\u0627 \u0627\u0644\u0641\u0647\u0645 \u0627\u0644\u0623\u0633\u0627\u0633\u064a\u061b<\/b><\/p><ul><li aria-level=\"1\">\u062a\u0636\u0645\u0646 \u062a\u0643\u0627\u0641\u0624 \u0627\u0644\u0641\u0631\u0635 \u0641\u064a \u0639\u0645\u0644\u064a\u0629 \u0627\u0644\u062a\u0648\u0638\u064a\u0641 \u0648\u062a\u0639\u0637\u064a \u0627\u0644\u0623\u0648\u0644\u0648\u064a\u0629 \u0644\u0644\u062c\u062f\u0627\u0631\u0629 \u062f\u0648\u0646 \u062a\u0645\u064a\u064a\u0632 \u0639\u0644\u0649 \u0623\u0633\u0627\u0633 \u0627\u0644\u062c\u0646\u0633 \u0623\u0648 \u0627\u0644\u0645\u0639\u062a\u0642\u062f \u0627\u0644\u062f\u064a\u0646\u064a \u0623\u0648 \u0627\u0644\u0644\u063a\u0629 \u0623\u0648 \u0627\u0644\u0639\u0631\u0642 \u0623\u0648 \u0627\u0644\u0623\u0635\u0644 \u0627\u0644\u0639\u0631\u0642\u064a \u0623\u0648 \u0627\u0644\u0639\u0645\u0631 \u0623\u0648 \u0627\u0644\u0625\u0639\u0627\u0642\u0629 \u0623\u0648 \u0648\u0636\u0639 \u0627\u0644\u0644\u0627\u062c\u0626.<\/li><li aria-level=\"1\">\u062a\u062d\u0633\u0646 \u0645\u0639\u0627\u064a\u064a\u0631 \u0627\u0644\u0639\u0645\u0644 \u0641\u064a \u0639\u0645\u0644\u064a\u0629 \u0633\u0644\u0633\u0644\u0629 \u0627\u0644\u0642\u064a\u0645\u0629\u061b \u0648\u062a\u062d\u062f\u062f \u062a\u0648\u0632\u064a\u0639 \u0627\u0644\u0639\u0645\u0644 \u0648\u0627\u0644\u0623\u062c\u0648\u0631 \u0627\u0644\u0639\u0627\u062f\u0644.<\/li><li aria-level=\"1\">\u062a\u062a\u0628\u0639 \u0633\u064a\u0627\u0633\u0629 \u0625\u062f\u0627\u0631\u0629 \u0634\u0641\u0627\u0641\u0629 \u0648\u0645\u0641\u062a\u0648\u062d\u0629 \u0644\u062a\u0641\u0627\u0639\u0644 \u0645\u0648\u062b\u0648\u0642 \u0648\u0641\u0639\u0627\u0644 \u0645\u0639 \u0645\u0648\u0638\u0641\u064a\u0647\u0627.<\/li><li aria-level=\"1\">\u062a\u0646\u0638\u0645 \u0627\u0644\u062a\u062f\u0631\u064a\u0628\u0627\u062a \u0627\u0644\u0644\u0627\u0632\u0645\u0629 \u0648\u062a\u062a\u062e\u0630 \u0627\u0644\u0625\u062c\u0631\u0627\u0621\u0627\u062a \u0641\u064a\u0645\u0627 \u064a\u062a\u0639\u0644\u0642 \u0628\u0627\u0644\u0635\u062d\u0629 \u0648\u0627\u0644\u0633\u0644\u0627\u0645\u0629 \u0627\u0644\u0645\u0647\u0646\u064a\u0629.<\/li><li aria-level=\"1\">\u062a\u062d\u0645\u064a \u0627\u0644\u0628\u064a\u0627\u0646\u0627\u062a \u0627\u0644\u0634\u062e\u0635\u064a\u0629 \u0644\u0644\u0645\u0648\u0638\u0641\u064a\u0646.<\/li><li aria-level=\"1\">\u062a\u0642\u064a\u064a\u0645 \u0627\u0644\u0623\u062f\u0627\u0621 \u0627\u0644\u0641\u0631\u062f\u064a \u0648\u0627\u0644\u062c\u0645\u0627\u0639\u064a \u0645\u0646 \u062e\u0644\u0627\u0644 \u0639\u0645\u0644\u064a\u0627\u062a \u0627\u0644\u062a\u062d\u0633\u064a\u0646 \u0627\u0644\u0645\u0633\u062a\u0645\u0631\u061b \u0648\u0645\u0643\u0627\u0641\u0623\u0629 \u0627\u0644\u0646\u062c\u0627\u062d.<\/li><li aria-level=\"1\">\u0625\u062c\u0631\u0627\u0621 \u062a\u0642\u064a\u064a\u0645 \u0644\u0644\u0645\u062e\u0627\u0637\u0631 \u0644\u062a\u0642\u0644\u064a\u0644 \u0648\u0627\u0644\u0642\u0636\u0627\u0621 \u0639\u0644\u0649 \u0645\u062e\u0627\u0637\u0631 \u062d\u0648\u0627\u062f\u062b \u0627\u0644\u0639\u0645\u0644 \u0648\u0627\u0644\u0623\u0645\u0631\u0627\u0636 \u0627\u0644\u0645\u0647\u0646\u064a\u0629 \u0641\u064a \u0645\u0643\u0627\u0646 \u0627\u0644\u0639\u0645\u0644.\u00a0<\/li><li aria-level=\"1\">\u062a\u0646\u0638\u0645 \u0627\u0644\u062f\u0631\u0627\u0633\u0627\u062a \u0641\u064a \u0625\u0637\u0627\u0631 \u0627\u0644\u0645\u0633\u0624\u0648\u0644\u064a\u0629 \u0627\u0644\u0627\u062c\u062a\u0645\u0627\u0639\u064a\u0629 \u0645\u0639 \u0627\u0644\u0645\u0634\u0627\u0631\u064a\u0639 \u0644\u0635\u0627\u0644\u062d \u0627\u0644\u0645\u062c\u062a\u0645\u0639.<\/li><li aria-level=\"1\">\u062d\u0633\u0627\u0633\u0629 \u0644\u0644\u0639\u0648\u0627\u0645\u0644 \u0627\u0644\u0628\u064a\u0626\u064a\u0629 \u0648\u0627\u0644\u0645\u062c\u062a\u0645\u0639\u064a\u0629\u061b \u0648\u062a\u0631\u0627\u0639\u064a \u0628\u0634\u0643\u0644 \u062e\u0627\u0635 \u0627\u0644\u0641\u0626\u0627\u062a \u0630\u0627\u062a \u0627\u0644\u062f\u062e\u0644 \u0627\u0644\u0645\u0646\u062e\u0641\u0636 \u0648\u0627\u0644\u0646\u0633\u0627\u0621 \u0641\u064a \u0645\u062c\u0627\u0644 \u062a\u0643\u0627\u0641\u0624 \u0627\u0644\u0641\u0631\u0635.<\/li><\/ul>\t\t\t\t\t\t\t\t<\/div>\n\t\t\t\t<\/div>\n\t\t\t\t<\/div>\n\t\t\t\t\t<\/div>\n\t\t\t\t<\/div>\n\t\t<div class=\"elementor-element elementor-element-c7f744d e-flex e-con-boxed e-con e-parent\" data-id=\"c7f744d\" data-element_type=\"container\">\n\t\t\t\t\t<div class=\"e-con-inner\">\n\t\t\t\t<div class=\"elementor-element elementor-element-1abcd83 elementor-widget elementor-widget-text-editor\" data-id=\"1abcd83\" data-element_type=\"widget\" data-widget_type=\"text-editor.default\">\n\t\t\t\t<div class=\"elementor-widget-container\">\n\t\t\t\t\t\t\t\t\t<p><strong>\u0643\u0634\u0631\u0643\u0629 \u0643\u0648\u0632\u0627 \u0625\u0633\u0643\u064a\u0644\u0629\u060c \u0646\u0647\u062f\u0641 \u0625\u0644\u0649 \u062a\u0634\u0643\u064a\u0644 \u0645\u0648\u0627\u0631\u062f\u0646\u0627 \u0627\u0644\u0628\u0634\u0631\u064a\u0629 \u0645\u0646 \u0623\u0641\u0631\u0627\u062f \u064a\u0624\u0645\u0646\u0648\u0646 \u0628\u0642\u064a\u0645\u0646\u0627 \u0648\u0645\u0646\u0641\u062a\u062d\u064a\u0646 \u0639\u0644\u0649 \u0627\u0644\u062a\u0637\u0648\u0631 \u0648\u064a\u0645\u062a\u0644\u0643\u0648\u0646 \u0631\u0648\u062d \u0627\u0644\u0641\u0631\u064a\u0642.<\/strong><br \/>\u0646\u062d\u0646 \u0646\u0639\u0645\u0644 \u0644\u0628\u0646\u0627\u0621 \u0627\u0644\u0646\u062c\u0627\u062d \u0645\u0639\u064b\u0627.<\/p>\t\t\t\t\t\t\t\t<\/div>\n\t\t\t\t<\/div>\n\t\t\t\t\t<\/div>\n\t\t\t\t<\/div>\n\t\t<div class=\"elementor-element elementor-element-997caf5 e-flex e-con-boxed e-con e-parent\" data-id=\"997caf5\" data-element_type=\"container\">\n\t\t\t\t\t<div class=\"e-con-inner\">\n\t\t<div class=\"elementor-element elementor-element-f728489 e-con-full e-flex e-con e-child\" data-id=\"f728489\" data-element_type=\"container\">\n\t\t\t\t<div class=\"elementor-element elementor-element-4985cf8 elementor-align-justify elementor-widget elementor-widget-button\" data-id=\"4985cf8\" data-element_type=\"widget\" data-widget_type=\"button.default\">\n\t\t\t\t<div class=\"elementor-widget-container\">\n\t\t\t\t\t\t\t\t\t<div class=\"elementor-button-wrapper\">\n\t\t\t\t\t<a class=\"elementor-button elementor-button-link elementor-size-sm\" href=\"https:\/\/kozaiskele.com\/ar\/job-application\/\">\n\t\t\t\t\t\t<span class=\"elementor-button-content-wrapper\">\n\t\t\t\t\t\t\t\t\t<span class=\"elementor-button-text\">\u0637\u0644\u0628 \u0648\u0638\u064a\u0641\u0629<\/span>\n\t\t\t\t\t<\/span>\n\t\t\t\t\t<\/a>\n\t\t\t\t<\/div>\n\t\t\t\t\t\t\t\t<\/div>\n\t\t\t\t<\/div>\n\t\t\t\t<\/div>\n\t\t<div class=\"elementor-element elementor-element-11c1a0f e-con-full e-flex e-con e-child\" data-id=\"11c1a0f\" data-element_type=\"container\">\n\t\t\t\t<div class=\"elementor-element elementor-element-abb2518 elementor-align-justify elementor-widget elementor-widget-button\" data-id=\"abb2518\" data-element_type=\"widget\" data-widget_type=\"button.default\">\n\t\t\t\t<div class=\"elementor-widget-container\">\n\t\t\t\t\t\t\t\t\t<div class=\"elementor-button-wrapper\">\n\t\t\t\t\t<a class=\"elementor-button elementor-button-link elementor-size-sm\" href=\"https:\/\/kozaiskele.com\/ar\/internship-application\/\">\n\t\t\t\t\t\t<span class=\"elementor-button-content-wrapper\">\n\t\t\t\t\t\t\t\t\t<span class=\"elementor-button-text\">\u0637\u0644\u0628 \u062a\u062f\u0631\u064a\u0628<\/span>\n\t\t\t\t\t<\/span>\n\t\t\t\t\t<\/a>\n\t\t\t\t<\/div>\n\t\t\t\t\t\t\t\t<\/div>\n\t\t\t\t<\/div>\n\t\t\t\t<\/div>\n\t\t\t\t\t<\/div>\n\t\t\t\t<\/div>\n\t\t\t\t<\/div>","protected":false},"excerpt":{"rendered":"<p>Temel \u0130lkelerimiz: Do\u011fru i\u015fe do\u011fru insan prensibiyle, niteliklerine ve yetkinliklerine uygun adaylar\u0131 ekibimize kazand\u0131rmak \u0130\u015fe al\u0131m, terfi ve di\u011fer \u0130K s\u00fcre\u00e7lerinde e\u015fit f\u0131rsat ilkesini g\u00f6zetmek T\u00fcm \u00e7al\u0131\u015fanlar\u0131m\u0131z i\u00e7in adil, \u015feffaf ve kapsay\u0131c\u0131 bir y\u00f6netim anlay\u0131\u015f\u0131 benimsemek Tak\u0131m \u00e7al\u0131\u015fmas\u0131n\u0131 te\u015fvik eden, a\u00e7\u0131k ileti\u015fimi destekleyen bir kurum k\u00fclt\u00fcr\u00fc olu\u015fturmak \u00c7al\u0131\u015fanlar\u0131m\u0131z\u0131n bilgi, beceri ve ki\u015fisel geli\u015fimlerini destekleyecek e\u011fitim [&hellip;]<\/p>","protected":false},"author":1,"featured_media":0,"parent":0,"menu_order":0,"comment_status":"closed","ping_status":"closed","template":"elementor_header_footer","meta":{"footnotes":""},"class_list":["post-207","page","type-page","status-publish","hentry"],"_links":{"self":[{"href":"https:\/\/kozaiskele.com\/ar\/wp-json\/wp\/v2\/pages\/207","targetHints":{"allow":["GET"]}}],"collection":[{"href":"https:\/\/kozaiskele.com\/ar\/wp-json\/wp\/v2\/pages"}],"about":[{"href":"https:\/\/kozaiskele.com\/ar\/wp-json\/wp\/v2\/types\/page"}],"author":[{"embeddable":true,"href":"https:\/\/kozaiskele.com\/ar\/wp-json\/wp\/v2\/users\/1"}],"replies":[{"embeddable":true,"href":"https:\/\/kozaiskele.com\/ar\/wp-json\/wp\/v2\/comments?post=207"}],"version-history":[{"count":0,"href":"https:\/\/kozaiskele.com\/ar\/wp-json\/wp\/v2\/pages\/207\/revisions"}],"wp:attachment":[{"href":"https:\/\/kozaiskele.com\/ar\/wp-json\/wp\/v2\/media?parent=207"}],"curies":[{"name":"wp","href":"https:\/\/api.w.org\/{rel}","templated":true}]}}