{"id":179,"date":"2025-07-01T02:16:03","date_gmt":"2025-06-30T23:16:03","guid":{"rendered":"https:\/\/kozaiskele.com\/?page_id=179"},"modified":"2025-09-07T17:36:28","modified_gmt":"2025-09-07T14:36:28","slug":"kvkk-aydinlatma-metni","status":"publish","type":"page","link":"https:\/\/kozaiskele.com\/ar\/gdpr-privacy-notice\/","title":{"rendered":"\u0646\u0635 \u0625\u062e\u0637\u0627\u0631 KVKK"},"content":{"rendered":"<div data-elementor-type=\"wp-page\" data-elementor-id=\"179\" class=\"elementor elementor-179\" data-elementor-post-type=\"page\">\n\t\t\t\t<div class=\"elementor-element elementor-element-539c830 e-con-full e-flex e-con e-parent\" data-id=\"539c830\" data-element_type=\"container\">\n\t\t\t\t<div class=\"elementor-element elementor-element-27dde1a elementor-widget elementor-widget-template\" data-id=\"27dde1a\" data-element_type=\"widget\" data-widget_type=\"template.default\">\n\t\t\t\t<div class=\"elementor-widget-container\">\n\t\t\t\t\t\t\t<div class=\"elementor-template\">\n\t\t\t\t\t<div data-elementor-type=\"section\" data-elementor-id=\"140\" class=\"elementor elementor-140\" data-elementor-post-type=\"elementor_library\">\n\t\t\t\t\t<section class=\"elementor-section elementor-top-section elementor-element elementor-element-6b9f365c elementor-section-boxed elementor-section-height-default elementor-section-height-default\" data-id=\"6b9f365c\" data-element_type=\"section\" data-settings=\"{&quot;background_background&quot;:&quot;classic&quot;}\">\n\t\t\t\t\t\t\t<div class=\"elementor-background-overlay\"><\/div>\n\t\t\t\t\t\t\t<div class=\"elementor-container elementor-column-gap-default\">\n\t\t\t\t\t<div class=\"elementor-column elementor-col-100 elementor-top-column elementor-element elementor-element-1109f006\" data-id=\"1109f006\" data-element_type=\"column\">\n\t\t\t<div class=\"elementor-widget-wrap elementor-element-populated\">\n\t\t\t\t\t\t<div class=\"elementor-element elementor-element-136e7698 elementor-icon-list--layout-inline elementor-align-left elementor-widget__width-auto elementor-list-item-link-full_width elementor-invisible elementor-widget elementor-widget-icon-list\" data-id=\"136e7698\" data-element_type=\"widget\" data-settings=\"{&quot;_animation&quot;:&quot;fadeInDown&quot;}\" data-widget_type=\"icon-list.default\">\n\t\t\t\t<div class=\"elementor-widget-container\">\n\t\t\t\t\t\t\t<ul class=\"elementor-icon-list-items elementor-inline-items\">\n\t\t\t\t\t\t\t<li class=\"elementor-icon-list-item elementor-inline-item\">\n\t\t\t\t\t\t\t\t\t\t\t<a href=\"\/ar\/\">\n\n\t\t\t\t\t\t\t\t\t\t\t<span class=\"elementor-icon-list-text\">\u0627\u0644\u0635\u0641\u062d\u0629 \u0627\u0644\u0631\u0626\u064a\u0633\u064a\u0629 \/<\/span>\n\t\t\t\t\t\t\t\t\t\t\t<\/a>\n\t\t\t\t\t\t\t\t\t<\/li>\n\t\t\t\t\t\t<\/ul>\n\t\t\t\t\t\t<\/div>\n\t\t\t\t<\/div>\n\t\t\t\t\t<\/div>\n\t\t<\/div>\n\t\t\t\t\t<\/div>\n\t\t<\/section>\n\t\t\t\t<\/div>\n\t\t\t\t<\/div>\n\t\t\t\t\t\t<\/div>\n\t\t\t\t<\/div>\n\t\t\t\t<\/div>\n\t\t<div class=\"elementor-element elementor-element-5cc299d e-flex e-con-boxed e-con e-parent\" data-id=\"5cc299d\" data-element_type=\"container\">\n\t\t\t\t\t<div class=\"e-con-inner\">\n\t\t\t\t<div class=\"elementor-element elementor-element-0e6ad15 elementor-widget elementor-widget-heading\" data-id=\"0e6ad15\" data-element_type=\"widget\" data-widget_type=\"heading.default\">\n\t\t\t\t<div class=\"elementor-widget-container\">\n\t\t\t\t\t<h2 class=\"elementor-heading-title elementor-size-default\">\u0643\u0648\u0632\u0627 \u0625\u0633\u0643\u064a\u0644\u0629 \u2013 \u0646\u0635 \u0627\u0644\u0625\u062e\u0637\u0627\u0631 \u0628\u062d\u0645\u0627\u064a\u0629 \u0627\u0644\u0628\u064a\u0627\u0646\u0627\u062a \u0627\u0644\u0634\u062e\u0635\u064a\u0629<\/h2>\t\t\t\t<\/div>\n\t\t\t\t<\/div>\n\t\t\t\t<div class=\"elementor-element elementor-element-83d70dd elementor-widget elementor-widget-text-editor\" data-id=\"83d70dd\" data-element_type=\"widget\" data-widget_type=\"text-editor.default\">\n\t\t\t\t<div class=\"elementor-widget-container\">\n\t\t\t\t\t\t\t\t\t<p data-start=\"229\" data-end=\"502\"><strong data-start=\"229\" data-end=\"250\">1. \u0645\u0633\u0624\u0648\u0644 \u0627\u0644\u0628\u064a\u0627\u0646\u0627\u062a<\/strong><br data-start=\"250\" data-end=\"253\" \/>Bu ayd\u0131nlatma metni, 6698 say\u0131l\u0131 Ki\u015fisel Verilerin Korunmas\u0131 Kanunu (\u201cKVKK\u201d) uyar\u0131nca, Koza \u0130skele Sanayi ve Ticaret Ltd. taraf\u0131ndan i\u015f ba\u015fvurusu ve staj ba\u015fvurusu s\u00fcre\u00e7lerinde elde edilen ki\u015fisel verilerin i\u015flenmesine ili\u015fkin olarak haz\u0131rlanm\u0131\u015ft\u0131r.<\/p><p data-start=\"504\" data-end=\"601\"><strong data-start=\"504\" data-end=\"534\">2. \u0627\u0644\u0628\u064a\u0627\u0646\u0627\u062a \u0627\u0644\u0634\u062e\u0635\u064a\u0629 \u0627\u0644\u0645\u0639\u0627\u0644\u062c\u0629<\/strong><br data-start=\"534\" data-end=\"537\" \/>\u064a\u062a\u0645 \u0645\u0639\u0627\u0644\u062c\u0629 \u0628\u064a\u0627\u0646\u0627\u062a\u0643 \u0627\u0644\u0634\u062e\u0635\u064a\u0629 \u0627\u0644\u062a\u0627\u0644\u064a\u0629 \u0623\u062b\u0646\u0627\u0621 \u0639\u0645\u0644\u064a\u0629 \u0627\u0644\u062a\u0642\u062f\u064a\u0645:<\/p><ul data-start=\"602\" data-end=\"844\"><li data-start=\"602\" data-end=\"652\"><p data-start=\"604\" data-end=\"652\">\u0645\u0639\u0644\u0648\u0645\u0627\u062a \u0627\u0644\u0647\u0648\u064a\u0629 (\u0627\u0644\u0627\u0633\u0645\u060c \u0627\u0644\u0643\u0646\u064a\u0629\u060c \u062a\u0627\u0631\u064a\u062e \u0627\u0644\u0645\u064a\u0644\u0627\u062f\u060c \u0625\u0644\u062e)<\/p><\/li><li data-start=\"653\" data-end=\"698\"><p data-start=\"655\" data-end=\"698\">\u0645\u0639\u0644\u0648\u0645\u0627\u062a \u0627\u0644\u0627\u062a\u0635\u0627\u0644 (\u0627\u0644\u0647\u0627\u062a\u0641\u060c \u0627\u0644\u0628\u0631\u064a\u062f \u0627\u0644\u0625\u0644\u0643\u062a\u0631\u0648\u0646\u064a\u060c \u0625\u0644\u062e)<\/p><\/li><li data-start=\"699\" data-end=\"729\"><p data-start=\"701\" data-end=\"729\">\u0627\u0644\u0645\u0639\u0644\u0648\u0645\u0627\u062a \u0627\u0644\u062a\u0639\u0644\u064a\u0645\u064a\u0629 \u0648\u0627\u0644\u0645\u0647\u0646\u064a\u0629<\/p><\/li><li data-start=\"730\" data-end=\"756\"><p data-start=\"732\" data-end=\"756\">\u0627\u0644\u0645\u0646\u0635\u0628 \u0627\u0644\u0630\u064a \u062a\u0642\u062f\u0645\u062a \u0644\u0647<\/p><\/li><li data-start=\"757\" data-end=\"798\"><p data-start=\"759\" data-end=\"798\">\u0627\u0644\u0645\u0639\u0644\u0648\u0645\u0627\u062a \u0627\u0644\u0648\u0627\u0631\u062f\u0629 \u0641\u064a \u0627\u0644\u0633\u064a\u0631\u0629 \u0627\u0644\u0630\u0627\u062a\u064a\u0629 \u0648\u0627\u0644\u0645\u0633\u062a\u0646\u062f\u0627\u062a \u0627\u0644\u0645\u0631\u0641\u0642\u0629<\/p><\/li><li data-start=\"799\" data-end=\"844\"><p data-start=\"801\" data-end=\"844\">\u0645\u0644\u0627\u062d\u0638\u0627\u062a \u0627\u0644\u0645\u0642\u0627\u0628\u0644\u0629\u060c \u0645\u0639\u0644\u0648\u0645\u0627\u062a \u0627\u0644\u0645\u0631\u062c\u0639 (\u0625\u0646 \u0648\u062c\u062f\u062a)<\/p><\/li><\/ul><p data-start=\"846\" data-end=\"955\"><strong data-start=\"846\" data-end=\"887\">3. \u0623\u0647\u062f\u0627\u0641 \u0645\u0639\u0627\u0644\u062c\u0629 \u0627\u0644\u0628\u064a\u0627\u0646\u0627\u062a \u0627\u0644\u0634\u062e\u0635\u064a\u0629<\/strong><br data-start=\"887\" data-end=\"890\" \/>\u064a\u062a\u0645 \u0645\u0639\u0627\u0644\u062c\u0629 \u0628\u064a\u0627\u0646\u0627\u062a\u0643 \u0627\u0644\u0634\u062e\u0635\u064a\u0629 \u0627\u0644\u062a\u064a \u062a\u0645 \u062c\u0645\u0639\u0647\u0627 \u0644\u0644\u0623\u063a\u0631\u0627\u0636 \u0627\u0644\u062a\u0627\u0644\u064a\u0629:<\/p><ul data-start=\"956\" data-end=\"1179\"><li data-start=\"956\" data-end=\"1024\"><p data-start=\"958\" data-end=\"1024\">\u062a\u0646\u0641\u064a\u0630 \u0639\u0645\u0644\u064a\u0627\u062a \u0627\u0644\u062a\u0648\u0638\u064a\u0641\/\u0627\u062e\u062a\u064a\u0627\u0631 \u0627\u0644\u0645\u062a\u062f\u0631\u0628\u064a\u0646 \u0648\u062a\u0648\u0638\u064a\u0641\u0647\u0645<\/p><\/li><li data-start=\"1025\" data-end=\"1081\"><p data-start=\"1027\" data-end=\"1081\">\u062a\u0642\u064a\u064a\u0645 \u0627\u0644\u0637\u0644\u0628\u0627\u062a \u0648\u0625\u062c\u0631\u0627\u0621 \u0627\u0644\u0627\u062a\u0635\u0627\u0644<\/p><\/li><li data-start=\"1082\" data-end=\"1126\"><p data-start=\"1084\" data-end=\"1126\">\u0627\u0644\u0648\u0641\u0627\u0621 \u0628\u0627\u0644\u0627\u0644\u062a\u0632\u0627\u0645\u0627\u062a \u0627\u0644\u0642\u0627\u0646\u0648\u0646\u064a\u0629<\/p><\/li><li data-start=\"1127\" data-end=\"1179\"><p data-start=\"1129\" data-end=\"1179\">\u062a\u0642\u062f\u064a\u0645 \u0627\u0644\u0645\u0639\u0644\u0648\u0645\u0627\u062a \u0644\u0644\u0623\u0634\u062e\u0627\u0635 \u0648\u0627\u0644\u0645\u0624\u0633\u0633\u0627\u062a \u0648\u0627\u0644\u0645\u0646\u0638\u0645\u0627\u062a \u0627\u0644\u0645\u062e\u062a\u0635\u0629<\/p><\/li><\/ul><p data-start=\"1181\" data-end=\"1277\"><strong data-start=\"1181\" data-end=\"1217\">4. \u0646\u0642\u0644 \u0627\u0644\u0628\u064a\u0627\u0646\u0627\u062a \u0627\u0644\u0634\u062e\u0635\u064a\u0629<\/strong><br data-start=\"1217\" data-end=\"1220\" \/>\u064a\u062a\u0645 \u0646\u0642\u0644 \u0628\u064a\u0627\u0646\u0627\u062a\u0643\u060c \u0648\u0641\u0642\u064b\u0627 \u0644\u0644\u0623\u063a\u0631\u0627\u0636 \u0627\u0644\u0645\u0630\u0643\u0648\u0631\u0629 \u0623\u0639\u0644\u0627\u0647\u061b<\/p><ul data-start=\"1278\" data-end=\"1470\"><li data-start=\"1278\" data-end=\"1340\"><p data-start=\"1280\" data-end=\"1340\">\u0625\u0644\u0649 \u0627\u0644\u0645\u0624\u0633\u0633\u0627\u062a \u0648\u0627\u0644\u0645\u0646\u0638\u0645\u0627\u062a \u0627\u0644\u0631\u0633\u0645\u064a\u0629 \u0641\u064a \u0625\u0637\u0627\u0631 \u0627\u0644\u0627\u0644\u062a\u0632\u0627\u0645\u0627\u062a \u0627\u0644\u0642\u0627\u0646\u0648\u0646\u064a\u0629\u060c<\/p><\/li><li data-start=\"1341\" data-end=\"1470\"><p data-start=\"1343\" data-end=\"1470\">\u0625\u0644\u0649 \u0634\u0631\u0643\u0627\u062a \u0627\u0644\u0627\u0633\u062a\u0634\u0627\u0631\u0627\u062a \u0627\u0644\u062a\u064a \u064a\u062a\u0645 \u0627\u0644\u062d\u0635\u0648\u0644 \u0639\u0644\u0649 \u0627\u0644\u062f\u0639\u0645 \u0645\u0646\u0647\u0627 \u0641\u064a \u0639\u0645\u0644\u064a\u0627\u062a \u0627\u0644\u0645\u0648\u0627\u0631\u062f \u0627\u0644\u0628\u0634\u0631\u064a\u0629<br data-start=\"1410\" data-end=\"1413\" \/>KVKK\u2019n\u0131n 8. ve 9. maddelerine uygun olarak aktar\u0131labilir.<\/p><\/li><\/ul><p data-start=\"1472\" data-end=\"1758\"><strong data-start=\"1472\" data-end=\"1534\">5. \u0637\u0631\u064a\u0642\u0629 \u062c\u0645\u0639 \u0628\u064a\u0627\u0646\u0627\u062a\u0643 \u0627\u0644\u0634\u062e\u0635\u064a\u0629 \u0648\u0623\u0633\u0627\u0633\u0647\u0627 \u0627\u0644\u0642\u0627\u0646\u0648\u0646\u064a<\/strong><br data-start=\"1534\" data-end=\"1537\" \/>Ki\u015fisel verileriniz, internet sitemiz, e-posta, ba\u015fvuru formlar\u0131, i\u015f g\u00f6r\u00fc\u015fmeleri ve benzeri kanallar arac\u0131l\u0131\u011f\u0131yla elektronik veya fiziki ortamda toplanmakta olup, KVKK\u2019n\u0131n 5. ve 6. maddelerine dayal\u0131 olarak i\u015flenmektedir.<\/p><p data-start=\"1760\" data-end=\"1895\"><strong data-start=\"1760\" data-end=\"1795\">6. \u062d\u0642\u0648\u0642\u0643 \u0628\u0645\u0648\u062c\u0628 KVKK<\/strong><br data-start=\"1795\" data-end=\"1798\" \/>KVKK\u2019n\u0131n 11. maddesi uyar\u0131nca ki\u015fisel verilerinize ili\u015fkin olarak a\u015fa\u011f\u0131daki haklara sahipsiniz:<\/p><ul data-start=\"1896\" data-end=\"2576\"><li data-start=\"1896\" data-end=\"1951\"><p data-start=\"1898\" data-end=\"1951\">\u0645\u0639\u0631\u0641\u0629 \u0645\u0627 \u0625\u0630\u0627 \u0643\u0627\u0646\u062a \u0628\u064a\u0627\u0646\u0627\u062a\u0643 \u0627\u0644\u0634\u062e\u0635\u064a\u0629 \u0642\u062f \u062a\u0645\u062a \u0645\u0639\u0627\u0644\u062c\u062a\u0647\u0627 \u0623\u0645 \u0644\u0627<\/p><\/li><li data-start=\"1952\" data-end=\"1983\"><p data-start=\"1954\" data-end=\"1983\">\u0637\u0644\u0628 \u0627\u0644\u0645\u0639\u0644\u0648\u0645\u0627\u062a \u0625\u0630\u0627 \u062a\u0645\u062a \u0645\u0639\u0627\u0644\u062c\u062a\u0647\u0627<\/p><\/li><li data-start=\"1984\" data-end=\"2056\"><p data-start=\"1986\" data-end=\"2056\">\u0645\u0639\u0631\u0641\u0629 \u0627\u0644\u063a\u0631\u0636 \u0645\u0646 \u0627\u0644\u0645\u0639\u0627\u0644\u062c\u0629 \u0648\u0645\u0627 \u0625\u0630\u0627 \u0643\u0627\u0646\u062a \u062a\u0633\u062a\u062e\u062f\u0645 \u0644\u063a\u0631\u0636\u0647\u0627<\/p><\/li><li data-start=\"2057\" data-end=\"2124\"><p data-start=\"2059\" data-end=\"2124\">\u0645\u0639\u0631\u0641\u0629 \u0627\u0644\u0623\u0637\u0631\u0627\u0641 \u0627\u0644\u062b\u0627\u0644\u062b\u0629 \u0627\u0644\u062a\u064a \u062a\u0645 \u0646\u0642\u0644\u0647\u0627 \u0625\u0644\u064a\u0647\u0627 \u062f\u0627\u062e\u0644 \u0627\u0644\u0628\u0644\u0627\u062f \u0623\u0648 \u062e\u0627\u0631\u062c\u0647\u0627<\/p><\/li><li data-start=\"2125\" data-end=\"2179\"><p data-start=\"2127\" data-end=\"2179\">\u0637\u0644\u0628 \u0627\u0644\u062a\u0635\u062d\u064a\u062d \u0625\u0630\u0627 \u0643\u0627\u0646\u062a \u063a\u064a\u0631 \u0643\u0627\u0645\u0644\u0629 \u0623\u0648 \u062a\u0645\u062a \u0645\u0639\u0627\u0644\u062c\u062a\u0647\u0627 \u0628\u0634\u0643\u0644 \u062e\u0627\u0637\u0626<\/p><\/li><li data-start=\"2180\" data-end=\"2250\"><p data-start=\"2182\" data-end=\"2250\">\u0637\u0644\u0628 \u0627\u0644\u062d\u0630\u0641 \u0623\u0648 \u0627\u0644\u062a\u062f\u0645\u064a\u0631 \u0641\u064a \u0625\u0637\u0627\u0631 \u0627\u0644\u0634\u0631\u0648\u0637 \u0627\u0644\u0642\u0627\u0646\u0648\u0646\u064a\u0629<\/p><\/li><li data-start=\"2251\" data-end=\"2318\"><p data-start=\"2253\" data-end=\"2318\">\u0637\u0644\u0628 \u0625\u062e\u0637\u0627\u0631 \u0627\u0644\u0623\u0637\u0631\u0627\u0641 \u0627\u0644\u062b\u0627\u0644\u062b\u0629 \u0627\u0644\u062a\u064a \u062a\u0645 \u0646\u0642\u0644 \u0647\u0630\u0647 \u0627\u0644\u0645\u0639\u0627\u0645\u0644\u0627\u062a \u0625\u0644\u064a\u0647\u0627<\/p><\/li><li data-start=\"2319\" data-end=\"2466\"><p data-start=\"2321\" data-end=\"2466\">\u0627\u0644\u0627\u0639\u062a\u0631\u0627\u0636 \u0639\u0644\u0649 \u0638\u0647\u0648\u0631 \u0646\u062a\u064a\u062c\u0629 \u063a\u064a\u0631 \u0645\u0648\u0627\u062a\u064a\u0629 \u0644\u0644\u0641\u0631\u062f \u0645\u0646 \u062e\u0644\u0627\u0644 \u062a\u062d\u0644\u064a\u0644 \u0627\u0644\u0628\u064a\u0627\u0646\u0627\u062a \u0627\u0644\u0645\u0639\u0627\u0644\u062c\u0629 \u062d\u0635\u0631\u064a\u064b\u0627 \u0645\u0646 \u062e\u0644\u0627\u0644 \u0627\u0644\u0623\u0646\u0638\u0645\u0629 \u0627\u0644\u0622\u0644\u064a\u0629<\/p><\/li><li data-start=\"2467\" data-end=\"2576\"><p data-start=\"2469\" data-end=\"2576\">\u0637\u0644\u0628 \u062a\u0639\u0648\u064a\u0636 \u0627\u0644\u0636\u0631\u0631 \u0641\u064a \u062d\u0627\u0644\u0629 \u062d\u062f\u0648\u062b \u0636\u0631\u0631 \u0628\u0633\u0628\u0628 \u0645\u0639\u0627\u0644\u062c\u0629 \u0627\u0644\u0628\u064a\u0627\u0646\u0627\u062a \u0628\u0634\u0643\u0644 \u063a\u064a\u0631 \u0642\u0627\u0646\u0648\u0646\u064a<\/p><\/li><\/ul><p data-start=\"2578\" data-end=\"2743\"><strong data-start=\"2578\" data-end=\"2604\">7. \u0627\u0644\u062a\u0637\u0628\u064a\u0642 \u0648\u0627\u0644\u0627\u062a\u0635\u0627\u0644<\/strong><br data-start=\"2604\" data-end=\"2607\" \/>\u0625\u0630\u0627 \u0643\u0646\u062a \u062a\u0631\u063a\u0628 \u0641\u064a \u0645\u0645\u0627\u0631\u0633\u0629 \u062d\u0642\u0648\u0642\u0643 \u0627\u0644\u0645\u0630\u0643\u0648\u0631\u0629 \u0623\u0639\u0644\u0627\u0647\u060c \u064a\u0645\u0643\u0646\u0643 \u0627\u0644\u062a\u0642\u062f\u064a\u0645 \u0643\u062a\u0627\u0628\u064a\u064b\u0627 \u0623\u0648 <a class=\"cursor-pointer\" rel=\"noopener\" data-start=\"2795\" data-end=\"2814\">info<\/a><a class=\"cursor-pointer\" rel=\"noopener\" data-start=\"2671\" data-end=\"2690\">@kozaiskele.com<\/a> \u064a\u0645\u0643\u0646\u0643 \u0627\u0644\u062a\u0642\u062f\u064a\u0645 \u0639\u0628\u0631 \u0627\u0644\u0628\u0631\u064a\u062f \u0627\u0644\u0625\u0644\u0643\u062a\u0631\u0648\u0646\u064a \u0639\u0644\u0649 \u0627\u0644\u0639\u0646\u0648\u0627\u0646<\/p><p data-start=\"2745\" data-end=\"2846\"><strong data-start=\"2745\" data-end=\"2755\">\u0627\u0644\u0639\u0646\u0648\u0627\u0646:<\/strong> <a href=\"https:\/\/maps.app.goo.gl\/RU8KoR6By1qrUkrB6\" target=\"_blank\" rel=\"noopener\">\u062c\u0645\u0627\u0639\u0629 \u0643\u0648\u064a\u060c \u0634\u0627\u0631\u0639 3340 \u0631\u0642\u0645 12\u060c 41400 \u063a\u0628\u0632\u0629\/\u0642\u0648\u062c\u0627 \u0625\u064a\u0644\u064a<\/a><br data-start=\"2779\" data-end=\"2782\" \/><strong data-start=\"2782\" data-end=\"2794\">\u0627\u0644\u0628\u0631\u064a\u062f \u0627\u0644\u0625\u0644\u0643\u062a\u0631\u0648\u0646\u064a:<\/strong> <a class=\"cursor-pointer\" rel=\"noopener\" data-start=\"2795\" data-end=\"2814\">info@kozaiskele.com<\/a><br data-start=\"2814\" data-end=\"2817\" \/><strong data-start=\"2817\" data-end=\"2829\">\u0627\u0644\u0647\u0627\u062a\u0641:<\/strong> [+90 262 606 00 95]<\/p>\t\t\t\t\t\t\t\t<\/div>\n\t\t\t\t<\/div>\n\t\t\t\t\t<\/div>\n\t\t\t\t<\/div>\n\t\t\t\t<\/div>","protected":false},"excerpt":{"rendered":"<p>KOZA \u0130SKELE \u2013 K\u0130\u015e\u0130SEL VER\u0130LER\u0130N KORUNMASI AYDINLATMA METN\u0130 1. Veri SorumlusuBu ayd\u0131nlatma metni, 6698 say\u0131l\u0131 Ki\u015fisel Verilerin Korunmas\u0131 Kanunu (\u201cKVKK\u201d) uyar\u0131nca, Koza \u0130skele Sanayi ve Ticaret Ltd. taraf\u0131ndan i\u015f ba\u015fvurusu ve staj ba\u015fvurusu s\u00fcre\u00e7lerinde elde edilen ki\u015fisel verilerin i\u015flenmesine ili\u015fkin olarak haz\u0131rlanm\u0131\u015ft\u0131r. 2. \u0130\u015flenen Ki\u015fisel VerilerBa\u015fvuru s\u00fcrecinde a\u015fa\u011f\u0131daki ki\u015fisel verileriniz i\u015flenmektedir: Kimlik Bilgileri (Ad, Soyad, [&hellip;]<\/p>","protected":false},"author":1,"featured_media":0,"parent":0,"menu_order":0,"comment_status":"closed","ping_status":"closed","template":"elementor_header_footer","meta":{"footnotes":""},"class_list":["post-179","page","type-page","status-publish","hentry"],"_links":{"self":[{"href":"https:\/\/kozaiskele.com\/ar\/wp-json\/wp\/v2\/pages\/179","targetHints":{"allow":["GET"]}}],"collection":[{"href":"https:\/\/kozaiskele.com\/ar\/wp-json\/wp\/v2\/pages"}],"about":[{"href":"https:\/\/kozaiskele.com\/ar\/wp-json\/wp\/v2\/types\/page"}],"author":[{"embeddable":true,"href":"https:\/\/kozaiskele.com\/ar\/wp-json\/wp\/v2\/users\/1"}],"replies":[{"embeddable":true,"href":"https:\/\/kozaiskele.com\/ar\/wp-json\/wp\/v2\/comments?post=179"}],"version-history":[{"count":0,"href":"https:\/\/kozaiskele.com\/ar\/wp-json\/wp\/v2\/pages\/179\/revisions"}],"wp:attachment":[{"href":"https:\/\/kozaiskele.com\/ar\/wp-json\/wp\/v2\/media?parent=179"}],"curies":[{"name":"wp","href":"https:\/\/api.w.org\/{rel}","templated":true}]}}